{"id":793,"date":"2016-12-09T15:46:04","date_gmt":"2016-12-09T15:46:04","guid":{"rendered":"https:\/\/tradesecret.ca\/?page_id=793&#038;lang=fr"},"modified":"2025-07-31T21:56:49","modified_gmt":"2025-07-31T21:56:49","slug":"effaceur-de-cernes-blancs","status":"publish","type":"page","link":"https:\/\/tradesecret.ca\/fr\/effaceur-de-cernes-blancs\/","title":{"rendered":"Effaceur de cernes blancs"},"content":{"rendered":"\n<div class=\"wp-block-columns is-layout-flex wp-container-core-columns-is-layout-1 wp-block-columns-is-layout-flex\">\n<div class=\"wp-block-column is-layout-flow wp-block-column-is-layout-flow\">\n<p>Les cernes blancs et les taches d&rsquo;eau sont parmis les dommages les plus communs et les plus difficiles \u00e0 r\u00e9parer. Jusqu&rsquo;\u00e0 maintenant!<\/p>\n\n\n\n<p>L\u2019Effaceur de cernes blancs \u00e9liminera la plupart des cernes blancs et des taches d\u2019eau sur les surfaces en bois fini. Ils dispara\u00eetront sans avoir \u00e0 d\u00e9caper, revernir, ou endommager le fini. Peut \u00eatre utilis\u00e9 sur les vernis, laques, vernis au tampon et finis r\u00e9sistants modernes.<\/p>\n\n\n\n<p>Apr\u00e8s avoir test\u00e9 sur un endroit peu visible pour en v\u00e9rifier la compatibilit\u00e9, appliquer g\u00e9n\u00e9reusement sur la section endommag\u00e9e. Laisser s\u00e9cher entre 1 \u00e0 2 heures. Polir \u00e0 l\u2019aide d\u2019un chiffon sec et propre. R\u00e9p\u00e9ter si n\u00e9cessaire.<\/p>\n\n\n\n<p>Voila! Cet horreur occulaire, source d&#8217;embarassement, ne sera qu&rsquo;un mauvais souvenir. Vous retrouverez la beaut\u00e9 originale de votre meuble.<\/p>\n\n\n\n<ul class=\"wp-block-list\">\n<li>\u00c9liminera la plupart des cernes blancs et des taches d\u2019eau<\/li>\n\n\n\n<li>Pas besoin de d\u00e9caper, revernir, ou endommager le fini<\/li>\n\n\n\n<li>Peut \u00eatre utilis\u00e9 sur la plupart des finis (vernis, laques, finis modernes et plus encore)<\/li>\n\n\n\n<li>Conformes aux normes COV de la Californie<\/li>\n<\/ul>\n<\/div>\n\n\n\n<div class=\"wp-block-column is-layout-flow wp-block-column-is-layout-flow\"><style type=\"text\/css\">\n#foogallery-gallery-787 .fg-image { width: 250px; }\n#foogallery-gallery-787 { --fg-gutter: 10px; }<\/style>\n\t\t\t<div class=\"foogallery foogallery-container foogallery-default foogallery-lightbox-foobox fg-center fg-default fg-ready fg-dark fg-border-thin fg-shadow-small fg-loading-default fg-loaded-fade-in fg-hover-fade fg-hover-zoom\" id=\"foogallery-gallery-787\" data-foogallery=\"{&quot;item&quot;:{&quot;showCaptionTitle&quot;:true,&quot;showCaptionDescription&quot;:false},&quot;lazy&quot;:true}\" style=\"--fg-title-line-clamp: 0; --fg-description-line-clamp: 0;\" >\n\t<div class=\"fg-item fg-type-image fg-idle\"><figure class=\"fg-item-inner\"><a href=\"https:\/\/tradesecret.ca\/wp-content\/uploads\/2016\/12\/687270-WhiteRingRemover.png\" data-attachment-id=\"1531\" data-type=\"image\" class=\"fg-thumb\"><span class=\"fg-image-wrap\"><img fetchpriority=\"high\" decoding=\"async\" width=\"250\" height=\"500\" class=\"skip-lazy fg-image\" data-src-fg=\"https:\/\/tradesecret.ca\/wp-content\/uploads\/cache\/2016\/12\/687270-WhiteRingRemover\/1247999570.png\" src=\"data:image\/svg+xml,%3Csvg%20xmlns%3D%22http%3A%2F%2Fwww.w3.org%2F2000%2Fsvg%22%20width%3D%22250%22%20height%3D%22500%22%20viewBox%3D%220%200%20250%20500%22%3E%3C%2Fsvg%3E\" loading=\"eager\"><\/span><span class=\"fg-image-overlay\"><\/span><\/a><\/figure><div class=\"fg-loader\"><\/div><\/div><\/div>\n\n\n\n\n<figure class=\"wp-block-embed is-type-video is-provider-youtube wp-block-embed-youtube wp-embed-aspect-16-9 wp-has-aspect-ratio\"><div class=\"wp-block-embed__wrapper\">\n<iframe loading=\"lazy\" title=\"Effaceur de cernes blanc Secret du M\u00e9tier\" width=\"840\" height=\"473\" src=\"https:\/\/www.youtube.com\/embed\/7K3ofuL6JG0?feature=oembed\" frameborder=\"0\" allow=\"accelerometer; autoplay; clipboard-write; encrypted-media; gyroscope; picture-in-picture; web-share\" referrerpolicy=\"strict-origin-when-cross-origin\" allowfullscreen><\/iframe>\n<\/div><\/figure>\n<\/div>\n<\/div>\n\n\n\n","protected":false},"excerpt":{"rendered":"<p>Les cernes blancs et les taches d&rsquo;eau sont parmis les dommages les plus communs et les plus difficiles \u00e0 r\u00e9parer. Jusqu&rsquo;\u00e0 maintenant! L\u2019Effaceur de cernes blancs \u00e9liminera la plupart des cernes blancs et des taches d\u2019eau sur les surfaces en bois fini. Ils dispara\u00eetront sans avoir \u00e0 d\u00e9caper, revernir, ou endommager le fini. Peut \u00eatre &hellip; <a href=\"https:\/\/tradesecret.ca\/fr\/effaceur-de-cernes-blancs\/\" class=\"more-link\">Continuer la lecture<span class=\"screen-reader-text\"> de &laquo;&nbsp;Effaceur de cernes blancs&nbsp;&raquo;<\/span><\/a><\/p>\n","protected":false},"author":1,"featured_media":0,"parent":0,"menu_order":0,"comment_status":"closed","ping_status":"closed","template":"","meta":{"footnotes":""},"class_list":["post-793","page","type-page","status-publish","hentry"],"_links":{"self":[{"href":"https:\/\/tradesecret.ca\/fr\/wp-json\/wp\/v2\/pages\/793","targetHints":{"allow":["GET"]}}],"collection":[{"href":"https:\/\/tradesecret.ca\/fr\/wp-json\/wp\/v2\/pages"}],"about":[{"href":"https:\/\/tradesecret.ca\/fr\/wp-json\/wp\/v2\/types\/page"}],"author":[{"embeddable":true,"href":"https:\/\/tradesecret.ca\/fr\/wp-json\/wp\/v2\/users\/1"}],"replies":[{"embeddable":true,"href":"https:\/\/tradesecret.ca\/fr\/wp-json\/wp\/v2\/comments?post=793"}],"version-history":[{"count":17,"href":"https:\/\/tradesecret.ca\/fr\/wp-json\/wp\/v2\/pages\/793\/revisions"}],"predecessor-version":[{"id":1744,"href":"https:\/\/tradesecret.ca\/fr\/wp-json\/wp\/v2\/pages\/793\/revisions\/1744"}],"wp:attachment":[{"href":"https:\/\/tradesecret.ca\/fr\/wp-json\/wp\/v2\/media?parent=793"}],"curies":[{"name":"wp","href":"https:\/\/api.w.org\/{rel}","templated":true}]}}