{"id":489,"date":"2016-04-05T20:19:34","date_gmt":"2016-04-05T20:19:34","guid":{"rendered":"https:\/\/tradesecret.ca\/?page_id=489&#038;lang=fr"},"modified":"2023-05-17T11:14:33","modified_gmt":"2023-05-17T11:14:33","slug":"foire-aux-questions-cuir","status":"publish","type":"page","link":"https:\/\/tradesecret.ca\/fr\/foire-aux-questions-cuir\/","title":{"rendered":"Foire aux questions &#8211; cuir"},"content":{"rendered":"<h2>\u00c0 propos du Syst\u00e8me d&rsquo;entretien pour le cuir<\/h2>\n<div id=\"1-link-489\" class=\"sh-link 1-link sh-hide\"><a href=\"#\" onclick=\"showhide_toggle('1', 489, 'Pourquoi devrais-je nettoyer mes meubles en cuir?', 'Pourquoi devrais-je nettoyer mes meubles en cuir?'); return false;\" aria-expanded=\"false\"><span id=\"1-toggle-489\">Pourquoi devrais-je nettoyer mes meubles en cuir?<\/span><\/a><\/div><div id=\"1-content-489\" class=\"sh-content 1-content sh-hide\" style=\"display: none;\"><br \/>\nAvec le temps, la transpiration, les huiles et les acides de la peau et la salet\u00e9 p\u00e9n\u00e8trent dans le cuir s&rsquo;il n&rsquo;est pas nettoy\u00e9 et prot\u00e9g\u00e9. On aime le cuir pour sa beaut\u00e9, sa souplesse et sa long\u00e9vit\u00e9, mais il faut des soins appropri\u00e9s pour qu&rsquo;il conserve ces propri\u00e9t\u00e9s. Le Syst\u00e8me d&rsquo;entretien pour le cuir Secret du M\u00e9tier<sup>MD<\/sup> est une solution simple et efficace pour pr\u00e9server la beaut\u00e9 de vos cuirs. Utilisez-le \u00e0 tous les trois \u00e0 six mois et votre cuir restera beau plus longtemps. Utilisez-le plus souvent si une personne qui occupe r\u00e9guli\u00e8rement le mobilier en cuir prend des m\u00e9dicaments pour le c\u0153ur ou le diab\u00e8te.<br \/>\n<\/div>\n<div id=\"2-link-489\" class=\"sh-link 2-link sh-hide\"><a href=\"#\" onclick=\"showhide_toggle('2', 489, '\u00c0 quelle fr\u00e9quence faut-il nettoyer le cuir?', '\u00c0 quelle fr\u00e9quence faut-il nettoyer le cuir?'); return false;\" aria-expanded=\"false\"><span id=\"2-toggle-489\">\u00c0 quelle fr\u00e9quence faut-il nettoyer le cuir?<\/span><\/a><\/div><div id=\"2-content-489\" class=\"sh-content 2-content sh-hide\" style=\"display: none;\"><br \/>\nUne fois par semaine, \u00e9poussetez vos meubles en cuir car \u00e0 la longue, la poussi\u00e8re peut \u00eatre abrasive pour le cuir ou son fini. Nettoyez vos meubles en cuir \u00e0 fond avec le Syst\u00e8me d&rsquo;entretien pour le cuir Secret du M\u00e9tier<sup>MD<\/sup> de 2 \u00e0 4 fois par ann\u00e9e. Les meubles utilis\u00e9s souvent devraient \u00eatre nettoy\u00e9s \u00e0 tous les trois ou quatre mois avec le Nettoyant doux pour le cuir Secret du M\u00e9tier. Il est important de faire particuli\u00e8rement attention de bien nettoyer toutes les parties soumises \u00e0 un usage intensif et au contact de la peau, comme les coussins, appui-bras, ceinture avant, etc. Appliquez la Cr\u00e8me protectrice pour le cuir pour renouveler la protection d&rsquo;origine. Comme toujours, concentrez-vous sur les parties sujettes \u00e0 un usage intense. Faites toujours un essai sur une partie non expos\u00e9e.<br \/>\n<\/div>\n<div id=\"3-link-489\" class=\"sh-link 3-link sh-hide\"><a href=\"#\" onclick=\"showhide_toggle('3', 489, 'Comment savoir s\\'il s\\'agit de v\u00e9ritable cuir aniline?', 'Comment savoir s\\'il s\\'agit de v\u00e9ritable cuir aniline?'); return false;\" aria-expanded=\"false\"><span id=\"3-toggle-489\">Comment savoir s&#039;il s&#039;agit de v\u00e9ritable cuir aniline?<\/span><\/a><\/div><div id=\"3-content-489\" class=\"sh-content 3-content sh-hide\" style=\"display: none;\"><br \/>\nId\u00e9alement, le commer\u00e7ant devrait vous l&rsquo;indiquer. Sinon, il y a quelques moyens simples d&rsquo;identifier les cuirs aniline :<\/p>\n<p>1. Grattez l\u00e9g\u00e8rement la surface pour voir si l&rsquo;ongle laisse une \u00e9gratignure plus claire. Si vous laissez une trace claire, c&rsquo;est de l&rsquo;aniline. Ce test n&rsquo;est pas suffisant car certains produits Nubuck r\u00e9agissent de la m\u00eame fa\u00e7on.<\/p>\n<p>2. Mouillez votre doigt et frottez-le doucement sur le cuir pour voir s&rsquo;il laisse une trace plus fonc\u00e9e. La trace un peu plus fonc\u00e9e devrait reprendre sa teinte normale en s\u00e9chant.<\/p>\n<p>3. Cherchez sur les coussins une \u00e9tiquette portant les lettres A ou P. A signifie Aniline, et P correspond \u00e0 Pigment\u00e9.<br \/>\n<\/div>\n<div id=\"4-link-489\" class=\"sh-link 4-link sh-hide\"><a href=\"#\" onclick=\"showhide_toggle('4', 489, 'J\\'ai utilis\u00e9 la Cr\u00e8me protectrice pour le cuir Secret du M\u00e9tier&lt;sup&gt;MD&lt;\/sup&gt; sur du cuir Bycast et elle a laiss\u00e9 des tra\u00een\u00e9es. Comment faire pour les enlever?', 'J\\'ai utilis\u00e9 la Cr\u00e8me protectrice pour le cuir Secret du M\u00e9tier&lt;sup&gt;MD&lt;\/sup&gt; sur du cuir Bycast et elle a laiss\u00e9 des tra\u00een\u00e9es. Comment faire pour les enlever?'); return false;\" aria-expanded=\"false\"><span id=\"4-toggle-489\">J&#039;ai utilis\u00e9 la Cr\u00e8me protectrice pour le cuir Secret du M\u00e9tier&lt;sup&gt;MD&lt;\/sup&gt; sur du cuir Bycast et elle a laiss\u00e9 des tra\u00een\u00e9es. Comment faire pour les enlever?<\/span><\/a><\/div><div id=\"4-content-489\" class=\"sh-content 4-content sh-hide\" style=\"display: none;\"><br \/>\nVous avez d\u00fb mettre trop de cr\u00e8me protectrice. Cela peut sembler \u00e9trange, mais il faut appliquer encore un peu de cr\u00e8me sur un chiffon propre et polir. Ceci devrait \u00e9liminer enti\u00e8rement les tra\u00een\u00e9es.\n<\/p>\n<p><\/div>\n<div id=\"5-link-489\" class=\"sh-link 5-link sh-hide\"><a href=\"#\" onclick=\"showhide_toggle('5', 489, 'Des jeans ont d\u00e9teint sur mon canap\u00e9 en cuir p\u00e2le! Que faire?', 'Des jeans ont d\u00e9teint sur mon canap\u00e9 en cuir p\u00e2le! Que faire?'); return false;\" aria-expanded=\"false\"><span id=\"5-toggle-489\">Des jeans ont d\u00e9teint sur mon canap\u00e9 en cuir p\u00e2le! Que faire?<\/span><\/a><\/div><div id=\"5-content-489\" class=\"sh-content 5-content sh-hide\" style=\"display: none;\"><\/p>\n<p>C&rsquo;est un cas difficile \u00e0 r\u00e9parer et dans la plupart des cas, vous devriez demander l&rsquo;aide d&rsquo;un professionnel de la r\u00e9paration du cuir. <\/p>\n<p><\/div>\n<div id=\"6-link-489\" class=\"sh-link 6-link sh-hide\"><a href=\"#\" onclick=\"showhide_toggle('6', 489, 'Comment savoir si j\\'obtiens de la vraie qualit\u00e9 et la meilleure valeur pour mon argent?', 'Comment savoir si j\\'obtiens de la vraie qualit\u00e9 et la meilleure valeur pour mon argent?'); return false;\" aria-expanded=\"false\"><span id=\"6-toggle-489\">Comment savoir si j&#039;obtiens de la vraie qualit\u00e9 et la meilleure valeur pour mon argent?<\/span><\/a><\/div><div id=\"6-content-489\" class=\"sh-content 6-content sh-hide\" style=\"display: none;\"><\/p>\n<p>La pr\u00e9sence de marques naturelles raconte la vie du cuir; les cicatrices, variations dans le grain, rides, veines, diff\u00e9rences de tons et autres signes laiss\u00e9s par la nature sur cette peau prouvent qu&rsquo;elle est du cuir v\u00e9ritable, t\u00e9moignant de sa valeur, et ne doivent pas \u00eatre consid\u00e9r\u00e9s comme des d\u00e9fauts. Un cuir de qualit\u00e9 est doux, souple et plut\u00f4t lourd.<\/p>\n<p><\/div>\n<div id=\"7-link-489\" class=\"sh-link 7-link sh-hide\"><a href=\"#\" onclick=\"showhide_toggle('7', 489, 'Comment \u00e9liminer une tache de (ins\u00e9rez votre probl\u00e8me) sur le cuir?', 'Comment \u00e9liminer une tache de (ins\u00e9rez votre probl\u00e8me) sur le cuir?'); return false;\" aria-expanded=\"false\"><span id=\"7-toggle-489\">Comment \u00e9liminer une tache de (ins\u00e9rez votre probl\u00e8me) sur le cuir?<\/span><\/a><\/div><div id=\"7-content-489\" class=\"sh-content 7-content sh-hide\" style=\"display: none;\"><\/p>\n<p>Tout d\u00e9pend de la nature de la tache et du type de cuir&#8230; Consultez notre tableau de solutions (pdf).\n<\/p>\n<p><\/div>\n<div id=\"8-link-489\" class=\"sh-link 8-link sh-hide\"><a href=\"#\" onclick=\"showhide_toggle('8', 489, 'Mon enfant vient de coller sa gomme \u00e0 m\u00e2cher entre les coussins. Que faire?', 'Mon enfant vient de coller sa gomme \u00e0 m\u00e2cher entre les coussins. Que faire?'); return false;\" aria-expanded=\"false\"><span id=\"8-toggle-489\">Mon enfant vient de coller sa gomme \u00e0 m\u00e2cher entre les coussins. Que faire?<\/span><\/a><\/div><div id=\"8-content-489\" class=\"sh-content 8-content sh-hide\" style=\"display: none;\"><br \/>\nLa solution est plut\u00f4t surprenante, mais toute simple. Pour ne pas endommager le cuir, servez-vous d&rsquo;un instrument non tranchant (comme une cuiller) pour enlever autant de gomme que possible. Ensuite, chauffez le r\u00e9sidu de gomme avec un s\u00e9choir \u00e0 cheveux. Le reste de gomme s&rsquo;enl\u00e8ve alors avec un bout de ruban adh\u00e9sif. Si vous avez arrach\u00e9 un peu de pigment, consultez un professionnel de la r\u00e9paration du cuir.<\/p>\n<p><\/div>\n<div id=\"9-link-489\" class=\"sh-link 9-link sh-hide\"><a href=\"#\" onclick=\"showhide_toggle('9', 489, 'Comment nous comparons-nous?', 'Comment nous comparons-nous?'); return false;\" aria-expanded=\"false\"><span id=\"9-toggle-489\">Comment nous comparons-nous?<\/span><\/a><\/div><div id=\"9-content-489\" class=\"sh-content 9-content sh-hide\" style=\"display: none;\"><\/p>\n<p>On nous demande souvent ce qui rend notre Syst\u00e8me d\u2019entretien pour le cuir meilleur que celle de la concurrence &#8230; m\u00eame si elle est l&rsquo;un des rares qui est recommand\u00e9 et approuv\u00e9 par des fabricants de meubles en cuir \u00e0 travers le monde\u2026 voici quelques autres points int\u00e9ressants. Notre Syst\u00e8me d\u2019entretien pour le cuir contient un nettoyant doux pour le cuir et une cr\u00e8me de protectrice pour le cuir. Nos concurrents sont souvent 2 dans 1 et n\u2019ont pas de cr\u00e8me de protection. Ceci est tr\u00e8s important car il est scientifiquement impossible de nettoyer et prot\u00e9ger en m\u00eame temps, comme un produit annule les effets de l&rsquo;autre &#8230; comme un d\u00e9capent et peinture dans la m\u00eame contenant (une excellente id\u00e9e, mais pas r\u00e9aliste possible). Nos concurrents ont aussi souvent des conditionneurs &#8230; mais que ce qu\u2019ils conditionnent? Certainement pas le cuir que celui est prot\u00e9g\u00e9 par une fini de polyur\u00e9thane. Notre syst\u00e8me contient une cr\u00e8me de protectrice qui prot\u00e8ge la fini susmentionn\u00e9 contre nous, car les huiles corporels qui viennent de notre peau et nos cheveux peuvent s&rsquo;infiltrer dans la finition (ou dans le cuir non fini). Notre syst\u00e8me de soins de cuir est \u00e9galement assez d\u00e9licat qu&rsquo;il peut \u00eatre utilis\u00e9 sur presque tous les types de cuir, y compris les cuirs sans fini comme l&rsquo;aniline, semi-aniline, Pull-Up et plus encore. Les produits de nos concurrents sont pour des \u00abcuirs finis seulement \u00bb  et c&rsquo;est une d\u00e9claration qui est inqui\u00e9tant puisque la plupart des gens (et de nombreux experts) ne peuvent pas identifier correctement leur type de cuir.<\/p>\n<table class=\"gridtable\">\n<tr>\n<th><\/th>\n<th>Secret du M\u00e9tier<\/th>\n<th>Concurrents principaux<\/th>\n<\/tr>\n<tr>\n<td class=\"leftcol\">\u00c0 pH neutre<\/td>\n<td class=\"rightcol\">&#x2713;<\/td>\n<td class=\"rightcol\">X<\/td>\n<\/tr>\n<tr>\n<td class=\"leftcol\">Nettoyeur ind\u00e9pendant<\/td>\n<td>&#x2713;<\/td>\n<td>X<\/td>\n<\/tr>\n<tr>\n<td class=\"leftcol\">Protecteur ind\u00e9pendant<\/td>\n<td>&#x2713;<\/td>\n<td>X<\/td>\n<\/tr>\n<tr>\n<td class=\"leftcol\">Prot\u00e8ge contre les d\u00e9versements \/ taches<\/td>\n<td>&#x2713;<\/td>\n<td>X<\/td>\n<\/tr>\n<tr>\n<td class=\"leftcol\">Conditions<\/td>\n<td>&#x2713;<\/td>\n<td>&#x2713;<\/td>\n<\/tr>\n<tr>\n<td class=\"leftcol\">\u00c0 base d\u2019eau<\/td>\n<td>&#x2713;<\/td>\n<td>X;<\/td>\n<\/tr>\n<tr>\n<td class=\"leftcol\">Biod\u00e9gradable<\/td>\n<td>&#x2713;<\/td>\n<td>X<\/td>\n<\/tr>\n<tr>\n<td class=\"leftcol\">Peut \u00eatre utilis\u00e9 sur les cuirs aniline<\/td>\n<td>&#x2713;<\/td>\n<td>X<\/td>\n<\/tr>\n<tr>\n<td class=\"leftcol\">Utilis\u00e9 et recommand\u00e9 par les fabricants de meubles et d&rsquo;automobiles<\/td>\n<td>&#x2713;<\/td>\n<td>X<\/td>\n<\/tr>\n<\/table>\n<p><\/div>\n<h2>\u00c0 propos du D\u00e9tacheur d&rsquo;encre pour le cuir Secret du M\u00e9tier<sup>MD<\/sup><\/h2>\n<div id=\"10-link-489\" class=\"sh-link 10-link sh-hide\"><a href=\"#\" onclick=\"showhide_toggle('10', 489, 'l y a de l\\'encre, du rouge \u00e0 l\u00e8vres ou des traces de marqueur permanent partout sur mes meubles de cuir. Que faire?', 'l y a de l\\'encre, du rouge \u00e0 l\u00e8vres ou des traces de marqueur permanent partout sur mes meubles de cuir. Que faire?'); return false;\" aria-expanded=\"false\"><span id=\"10-toggle-489\">l y a de l&#039;encre, du rouge \u00e0 l\u00e8vres ou des traces de marqueur permanent partout sur mes meubles de cuir. Que faire?<\/span><\/a><\/div><div id=\"10-content-489\" class=\"sh-content 10-content sh-hide\" style=\"display: none;\"><\/p>\n<p>Si votre cuir est du type pigment\u00e9 (Type P) et si les traces ont moins de cinq jours, utilisez le D\u00e9tacheur d&rsquo;encre pour le cuir Secret du M\u00e9tier pour enlever l&rsquo;encre relativement facilement. Vous devrez cependant utiliser ensuite le Nettoyant doux Secret du M\u00e9tier (un composant du Syst\u00e8me d&rsquo;entretien pour le cuir) pour neutraliser le D\u00e9tacheur d&rsquo;encre. Si vous omettez cette \u00e9tape, vous risquez d&rsquo;endommager le cuir encore davantage.\n<\/p>\n<p>Si le cuir est teint \u00e0 l&rsquo;aniline (Type A) et qu&rsquo;il est tach\u00e9 par de l&rsquo;encre de stylo, ne faites rien. Avec le temps, l&rsquo;encre va p\u00e9n\u00e9trer le cuir et dispara\u00eetre.\n<\/p>\n<p><\/div>\n<h2>\u00c0 propos de l&rsquo;Efface \u00e9gratignure pour le cuir Secret du M\u00e9tier<sup>MD<\/sup><\/h2>\n<div id=\"11-link-489\" class=\"sh-link 11-link sh-hide\"><a href=\"#\" onclick=\"showhide_toggle('11', 489, 'Mon chat a \u00e9gratign\u00e9 mon magnifique canap\u00e9 de cuir. Y a-t-il quelque chose \u00e0 faire pour enlever ces traces?', 'Mon chat a \u00e9gratign\u00e9 mon magnifique canap\u00e9 de cuir. Y a-t-il quelque chose \u00e0 faire pour enlever ces traces?'); return false;\" aria-expanded=\"false\"><span id=\"11-toggle-489\">Mon chat a \u00e9gratign\u00e9 mon magnifique canap\u00e9 de cuir. Y a-t-il quelque chose \u00e0 faire pour enlever ces traces?<\/span><\/a><\/div><div id=\"11-content-489\" class=\"sh-content 11-content sh-hide\" style=\"display: none;\"><\/p>\n<p>Si c&rsquo;est du cuir aniline, oui. Si le cuir est du type pigment\u00e9, oui, mais \u00e7a va prendre un peu d&rsquo;effort (comme dans toutes les choses importantes de la vie, n&rsquo;est-ce pas?).\n<\/p>\n<p>Pour le cuir aniline, vous aurez besoin de l&rsquo;Efface \u00e9gratignure Secret du M\u00e9tier. Ce produit d\u00e9place la teinture \u00e0 l&rsquo;aniline du cuir, qui vient combler l&rsquo;\u00e9raflure.  Laissez s\u00e9cher et prot\u00e9gez la surface avec la Cr\u00e8me protectrice pour le cuir.\n<\/p>\n<p>\nDans le cas d&rsquo;un cuir pigment\u00e9, la r\u00e9paration est plus complexe et peut n\u00e9cessiter diff\u00e9rents produits. Pour commencer, vous aurez besoin de Colle \u00e0 base d&rsquo;eau pour le cuir Secret du M\u00e9tier. Si c&rsquo;est une petite \u00e9raflure, \u00e9cartez les fibres pour exposer le dessous de la partie endommag\u00e9e, appliquez de la Colle pour le cuir et pressez les surfaces ensemble en essuyant le surplus de colle avec le doigt (ne vous inqui\u00e9tez pas, la colle est \u00e0 base d&rsquo;eau). Au besoin, utilisez les Marqueurs de retouche pour le cuir Secret du M\u00e9tier ou les couleurs de retouche Pro pour corriger toute d\u00e9coloration. Enfin, uniformisez et scellez la r\u00e9paration avec le Cr\u00e8me protectrice.\n<\/p>\n<p>Si la coupure a travers\u00e9 le cuir, il faut ins\u00e9rer une pi\u00e8ce de support encoll\u00e9e (coton \u00e0 fromage) par l&rsquo;ouverture de fa\u00e7on qu&rsquo;elle adh\u00e8re au revers du cuir. Ensuite, appliquez de la Colle pour le cuir sur les deux bords de la fente et maintenez-les en contact avec du ruban-cache pendant 8 \u00e0 12 heures afin d&rsquo;assurer une liaison solide. Si n\u00e9cessaire, utilisez le Remplisseur pour le cuir pour \u00e9galiser la r\u00e9paration, les Marqueurs de retouche pour le cuir ou les couleurs de retouche Pro pour retoucher la couleur et, bien s\u00fbr, la Cr\u00e8me protectrice pour uniformiser et sceller la r\u00e9paration.\n<\/p>\n<p>Comme pour toutes les r\u00e9parations, vous devez \u00eatre \u00e0 l&rsquo;aise dans ce genre de travail, et surtout, PATIENCE! Ne vous pressez pas car vous risquez de b\u00e2cler le travail et de faire des erreurs (comme disait mon p\u00e8re \u00e0 l&rsquo;heure des devoirs&#8230;) Si vous manquez de confiance pour ce genre d&rsquo;op\u00e9ration, vous devriez faire appel \u00e0 un professionnel.\n<\/p>\n<p><\/div>\n<h2>\u00c0 propos du R\u00e9nov cuir Secret du M\u00e9tier<sup>MD<\/sup><\/h2>\n<div id=\"12-link-489\" class=\"sh-link 12-link sh-hide\"><a href=\"#\" onclick=\"showhide_toggle('12', 489, 'Mes meubles en cuir manquent du couleur dans certaines endroits, que ce qu\\'on peut faire?', 'Mes meubles en cuir manquent du couleur dans certaines endroits, que ce qu\\'on peut faire?'); return false;\" aria-expanded=\"false\"><span id=\"12-toggle-489\">Mes meubles en cuir manquent du couleur dans certaines endroits, que ce qu&#039;on peut faire?<\/span><\/a><\/div><div id=\"12-content-489\" class=\"sh-content 12-content sh-hide\" style=\"display: none;\"><\/p>\n<p>Il est possible de restaurer la couleur de petites surfaces sur vos meubles. Pour les surfaces \u00e9tendues ou qui ont \u00e9t\u00e9 ab\u00eem\u00e9es par le soleil, vous devriez faire appel \u00e0 un professionnel de la r\u00e9paration du cuir. Identifiez la teinte du R\u00e9nov cuir qui correspond le mieux \u00e0 la couleur du cuir. Vous pouvez m\u00e9langer les couleurs pour obtenir la teinte exacte. Appliquez d\u00e9licatement, avec une \u00e9ponge, sur la zone affect\u00e9e en brossant vers l&rsquo;ext\u00e9rieur. Laissez s\u00e9cher. R\u00e9p\u00e9ter au besoin. Scellez la retouche avec le Fini pour le cuir Secret du M\u00e9tier ou la Cr\u00e8me protectrice Secret du M\u00e9tier.\n<\/p>\n<p><\/div>\n<div id=\"13-link-489\" class=\"sh-link 13-link sh-hide\"><a href=\"#\" onclick=\"showhide_toggle('13', 489, 'J\\'ai besion de l\\'aide pour m\u00e9langer les couleurs. Comment faire?', 'J\\'ai besion de l\\'aide pour m\u00e9langer les couleurs. Comment faire?'); return false;\" aria-expanded=\"false\"><span id=\"13-toggle-489\">J&#039;ai besion de l&#039;aide pour m\u00e9langer les couleurs. Comment faire?<\/span><\/a><\/div><div id=\"13-content-489\" class=\"sh-content 13-content sh-hide\" style=\"display: none;\"><\/p>\n<p>Visitez cet site web: <a href=\"https:\/\/tradesecret.ca\/?page_id=1252\" rel=\"\">Color Match Guide<\/a> (en anglais seulement). Vous avez simplement a t\u00e9l\u00e9charger une image et \u00e7a vous guidera vers la bonne m\u00e9lange de couleurs.\n<\/p>\n<p><\/div>\n<div id=\"14-link-489\" class=\"sh-link 14-link sh-hide\"><a href=\"#\" onclick=\"showhide_toggle('14', 489, 'J\\'ai perdu les instructions pour le R\u00e9nov cuir, o\u00f9 puis-je les obtenir a nouveau?', 'J\\'ai perdu les instructions pour le R\u00e9nov cuir, o\u00f9 puis-je les obtenir a nouveau?'); return false;\" aria-expanded=\"false\"><span id=\"14-toggle-489\">J&#039;ai perdu les instructions pour le R\u00e9nov cuir, o\u00f9 puis-je les obtenir a nouveau?<\/span><\/a><\/div><div id=\"14-content-489\" class=\"sh-content 14-content sh-hide\" style=\"display: none;\"><\/p>\n<p>Vous pouvez les t\u00e9l\u00e9charger <a href=\"https:\/\/tradesecret.ca\/wp-content\/uploads\/2016\/06\/ProLeatherRestoreInstuctionsFR.pdf\"rel=\"\">ici<\/a>.\n<\/p>\n<p><\/div>\n\n","protected":false},"excerpt":{"rendered":"<p>\u00c0 propos du Syst\u00e8me d&rsquo;entretien pour le cuir \u00c0 propos du D\u00e9tacheur d&rsquo;encre pour le cuir Secret du M\u00e9tierMD \u00c0 propos de l&rsquo;Efface \u00e9gratignure pour le cuir Secret du M\u00e9tierMD \u00c0 propos du R\u00e9nov cuir Secret du M\u00e9tierMD<\/p>\n","protected":false},"author":1,"featured_media":0,"parent":0,"menu_order":0,"comment_status":"closed","ping_status":"closed","template":"","meta":{"footnotes":""},"class_list":["post-489","page","type-page","status-publish","hentry"],"_links":{"self":[{"href":"https:\/\/tradesecret.ca\/fr\/wp-json\/wp\/v2\/pages\/489","targetHints":{"allow":["GET"]}}],"collection":[{"href":"https:\/\/tradesecret.ca\/fr\/wp-json\/wp\/v2\/pages"}],"about":[{"href":"https:\/\/tradesecret.ca\/fr\/wp-json\/wp\/v2\/types\/page"}],"author":[{"embeddable":true,"href":"https:\/\/tradesecret.ca\/fr\/wp-json\/wp\/v2\/users\/1"}],"replies":[{"embeddable":true,"href":"https:\/\/tradesecret.ca\/fr\/wp-json\/wp\/v2\/comments?post=489"}],"version-history":[{"count":12,"href":"https:\/\/tradesecret.ca\/fr\/wp-json\/wp\/v2\/pages\/489\/revisions"}],"predecessor-version":[{"id":1666,"href":"https:\/\/tradesecret.ca\/fr\/wp-json\/wp\/v2\/pages\/489\/revisions\/1666"}],"wp:attachment":[{"href":"https:\/\/tradesecret.ca\/fr\/wp-json\/wp\/v2\/media?parent=489"}],"curies":[{"name":"wp","href":"https:\/\/api.w.org\/{rel}","templated":true}]}}