{"id":485,"date":"2016-04-05T19:15:18","date_gmt":"2016-04-05T19:15:18","guid":{"rendered":"https:\/\/tradesecret.ca\/?page_id=485&#038;lang=fr"},"modified":"2023-05-17T11:18:20","modified_gmt":"2023-05-17T11:18:20","slug":"foire-aux-questions-systeme-de-retouche-pour-planchers","status":"publish","type":"page","link":"https:\/\/tradesecret.ca\/fr\/foire-aux-questions-systeme-de-retouche-pour-planchers\/","title":{"rendered":"Foire aux questions &#8211; Syst\u00e8me de retouche pour planchers"},"content":{"rendered":"<div id=\"-link-485\" class=\"sh-link -link sh-hide\"><a href=\"#\" onclick=\"showhide_toggle('', 485, 'Peut-on utiliser ces produits s\u00e9par\u00e9ment ?', 'Peut-on utiliser ces produits s\u00e9par\u00e9ment ?'); return false;\" aria-expanded=\"false\"><span id=\"-toggle-485\">Peut-on utiliser ces produits s\u00e9par\u00e9ment ?<\/span><\/a><\/div><div id=\"-content-485\" class=\"sh-content -content sh-hide\" style=\"display: none;\"><br \/>\nOui, mais c\u2019est une bonne id\u00e9e de sceller les r\u00e9paration des b\u00e2tonnets Fill Stick avec du fini Crystal Clear.<br \/>\n<\/div>\n<div id=\"-link-485\" class=\"sh-link -link sh-hide\"><a href=\"#\" onclick=\"showhide_toggle('', 485, 'Pourquoi les B\u00e2tonnets de remplissage Secret du M\u00e9tier&lt;sup&gt;MD&lt;\/sup&gt; sont-ils plus stables ?', 'Pourquoi les B\u00e2tonnets de remplissage Secret du M\u00e9tier&lt;sup&gt;MD&lt;\/sup&gt; sont-ils plus stables ?'); return false;\" aria-expanded=\"false\"><span id=\"-toggle-485\">Pourquoi les B\u00e2tonnets de remplissage Secret du M\u00e9tier&lt;sup&gt;MD&lt;\/sup&gt; sont-ils plus stables ?<\/span><\/a><\/div><div id=\"-content-485\" class=\"sh-content -content sh-hide\" style=\"display: none;\"><br \/>\nIls sont compos\u00e9s d\u2019une cire de haute qualit\u00e9, non de mastic, et la retouche ne se contractera pas.<br \/>\n<\/div>\n<div id=\"-link-485\" class=\"sh-link -link sh-hide\"><a href=\"#\" onclick=\"showhide_toggle('', 485, 'En quoi les marqueurs de retouche Secret du M\u00e9tier sont-ils sup\u00e9rieurs ?', 'En quoi les marqueurs de retouche Secret du M\u00e9tier sont-ils sup\u00e9rieurs ?'); return false;\" aria-expanded=\"false\"><span id=\"-toggle-485\">En quoi les marqueurs de retouche Secret du M\u00e9tier sont-ils sup\u00e9rieurs ?<\/span><\/a><\/div><div id=\"-content-485\" class=\"sh-content -content sh-hide\" style=\"display: none;\"><br \/>\nNotre formule \u00e0 faible odeur ne contient ni toluol  ni m\u00e9thyl\u00e9thylc\u00e9tone, des substances dangereuses pr\u00e9sentes dans d\u2019autres marqueurs. Leur couleur n\u2019est pas affect\u00e9e par la lumi\u00e8re.<br \/>\n<\/div>\n<div id=\"-link-485\" class=\"sh-link -link sh-hide\"><a href=\"#\" onclick=\"showhide_toggle('', 485, 'Peut-on changer le lustre du Fini cristallin Secret du M\u00e9tier ?', 'Peut-on changer le lustre du Fini cristallin Secret du M\u00e9tier ?'); return false;\" aria-expanded=\"false\"><span id=\"-toggle-485\">Peut-on changer le lustre du Fini cristallin Secret du M\u00e9tier ?<\/span><\/a><\/div><div id=\"-content-485\" class=\"sh-content -content sh-hide\" style=\"display: none;\"><\/p>\n<p>Oui. Le Fini cristallin rapide donne naturellement un fini semi-lustr\u00e9. Important : Le fini doit \u00eatre parfaitement sec (72 heures). Travaillez avec pr\u00e9caution et examinez la surface apr\u00e8s quelques passages. R\u00e9p\u00e9tez au besoin.<\/p>\n<p>Fini mat : Frottez d\u00e9licatement avec une laine d\u2019acier tr\u00e8s fine et quelques gouttes d\u2019eau pour ne pas \u00e9gratigner le fini.<\/p>\n<p>Fini lustr\u00e9 : Polissez rapidement avec un chiffon doux et le Poli \u00e0 meubles Secret du M\u00e9tier<\/p>\n<p><\/div>\n<div id=\"-link-485\" class=\"sh-link -link sh-hide\"><a href=\"#\" onclick=\"showhide_toggle('', 485, 'C\\'est quoi la meilleur fa\u00e7on de faire la r\u00e9paration?', 'C\\'est quoi la meilleur fa\u00e7on de faire la r\u00e9paration?'); return false;\" aria-expanded=\"false\"><span id=\"-toggle-485\">C&#039;est quoi la meilleur fa\u00e7on de faire la r\u00e9paration?<\/span><\/a><\/div><div id=\"-content-485\" class=\"sh-content -content sh-hide\" style=\"display: none;\"><br \/>\nRetouchez par couches successives. Un l\u00e9ger r\u00e9tr\u00e9cissement est normal pendant l\u2019application. Pour un meilleur r\u00e9sultat, r\u00e9p\u00e9tez l\u2019application de chaque produit au besoin.<br \/>\n<\/div>\n<div id=\"-link-485\" class=\"sh-link -link sh-hide\"><a href=\"#\" onclick=\"showhide_toggle('', 485, 'Comment nous comparons-nous?', 'Comment nous comparons-nous??'); return false;\" aria-expanded=\"false\"><span id=\"-toggle-485\">Comment nous comparons-nous?<\/span><\/a><\/div><div id=\"-content-485\" class=\"sh-content -content sh-hide\" style=\"display: none;\"><br \/>\nOn nous demande souvent ce qui rend nos syst\u00e8mes de retouche pour planchers meilleurs que la concurrence. Nous avons con\u00e7u notre Syst\u00e8me retouche pour planchers pour \u00eatre compatible avec les planchers en bois et lamin\u00e9es, y compris les planchers a finitions UV. Les produits de nos concurrents sont souvent incompatibles avec les diff\u00e9rents types de fini de planchers, alors qu&rsquo;ils peuvent \u00eatre bons pour un type, mais ils sont g\u00e9n\u00e9ralement moins efficaces sur les autres. Notre Syst\u00e8me de retouche pour les planchers vous offrent de multiples tons dans un seul paquet et ne n\u00e9cessitent aucun temps de s\u00e9chage pour finir. Les produits de nos concurrents offrent moins de tons (et plus SKUs pour compenser cette manque) et doivent \u00eatre permis de laisser s\u00e9cher et poncer avant qu&rsquo;ils puissent \u00eatre finis.<\/p>\n<table class=\"gridtable\">\n<tr>\n<th><\/th>\n<th>Secret du M\u00e9tier<\/th>\n<th>Concurrents principaux<\/th>\n<\/tr>\n<tr>\n<td class=\"leftcol\">Fonctionne sur des dommages l\u00e9gers et graves<\/td>\n<td class=\"rightcol\">&#x2713;<\/td>\n<td class=\"rightcol\">&#x2713;<\/td>\n<\/tr>\n<tr>\n<td class=\"leftcol\">Pr\u00eat \u00e0 \u00eatre fini imm\u00e9diatement<\/td>\n<td>&#x2713;<\/td>\n<td>X<\/td>\n<\/tr>\n<tr>\n<td class=\"leftcol\">Fonctionne sur les meubles et les planchers<\/td>\n<td>&#x2713;<\/td>\n<td>X<\/td>\n<\/tr>\n<tr>\n<td class=\"leftcol\">Lustre ajustable<\/td>\n<td>&#x2713;<\/td>\n<td>&#x2713;<\/td>\n<\/tr>\n<tr>\n<td class=\"leftcol\">Pas de temps de s\u00e9chage<\/td>\n<td>&#x2713;<\/td>\n<td>X<\/td>\n<\/tr>\n<tr>\n<td class=\"leftcol\">Plusieurs tons dans un emballage<\/td>\n<td>&#x2713;<\/td>\n<td>X<\/td>\n<\/tr>\n<tr>\n<td class=\"leftcol\">Utilisez par des manufacturiers<\/td>\n<td>&#x2713;<\/td>\n<td>X<\/td>\n<\/tr>\n<tr>\n<td class=\"leftcol\">Peut-\u00eatre utilisez sur le bois nu ou finis<\/td>\n<td>&#x2713;<\/td>\n<td>&#x2713;<\/td>\n<\/tr>\n<tr>\n<td class=\"leftcol\">Teinture a base de r\u00e9sine<\/td>\n<td>&#x2713;<\/td>\n<td>X<\/td>\n<\/tr>\n<tr>\n<td class=\"leftcol\">Doit \u00eatre ponc\u00e9e<\/td>\n<td>X<\/td>\n<td>&#x2713;<\/td>\n<\/tr>\n<\/table>\n<tr>\n<td class=\"leftcol\">Finition unique qui peut \u00eatre appliqu\u00e9e aux finis a-catalys\u00e9<\/td>\n<td>&#x2713;<\/td>\n<td>X<\/td>\n<\/tr>\n<\/table>\n<p><\/div>\n\n","protected":false},"excerpt":{"rendered":"","protected":false},"author":1,"featured_media":0,"parent":0,"menu_order":0,"comment_status":"closed","ping_status":"closed","template":"","meta":{"footnotes":""},"class_list":["post-485","page","type-page","status-publish","hentry"],"_links":{"self":[{"href":"https:\/\/tradesecret.ca\/fr\/wp-json\/wp\/v2\/pages\/485","targetHints":{"allow":["GET"]}}],"collection":[{"href":"https:\/\/tradesecret.ca\/fr\/wp-json\/wp\/v2\/pages"}],"about":[{"href":"https:\/\/tradesecret.ca\/fr\/wp-json\/wp\/v2\/types\/page"}],"author":[{"embeddable":true,"href":"https:\/\/tradesecret.ca\/fr\/wp-json\/wp\/v2\/users\/1"}],"replies":[{"embeddable":true,"href":"https:\/\/tradesecret.ca\/fr\/wp-json\/wp\/v2\/comments?post=485"}],"version-history":[{"count":5,"href":"https:\/\/tradesecret.ca\/fr\/wp-json\/wp\/v2\/pages\/485\/revisions"}],"predecessor-version":[{"id":1687,"href":"https:\/\/tradesecret.ca\/fr\/wp-json\/wp\/v2\/pages\/485\/revisions\/1687"}],"wp:attachment":[{"href":"https:\/\/tradesecret.ca\/fr\/wp-json\/wp\/v2\/media?parent=485"}],"curies":[{"name":"wp","href":"https:\/\/api.w.org\/{rel}","templated":true}]}}