{"id":434,"date":"2016-04-05T01:05:38","date_gmt":"2016-04-05T01:05:38","guid":{"rendered":"https:\/\/tradesecret.ca\/?page_id=434&#038;lang=fr"},"modified":"2023-05-17T11:15:19","modified_gmt":"2023-05-17T11:15:19","slug":"fiches-signaletiques","status":"publish","type":"page","link":"https:\/\/tradesecret.ca\/fr\/fiches-signaletiques\/","title":{"rendered":"Fiches signal\u00e9tiques"},"content":{"rendered":"<p><a href=\"https:\/\/www.dfp.ca\/wp-content\/uploads\/fdms\/FDMS-686230_SM_Poli_a_Meubles-Senteur_Citron.pdf\">686230 Secret du M\u00e9tier Poli a Meubles-Senteur Citron<\/a><br \/>\n<a href=\"https:\/\/www.dfp.ca\/wp-content\/uploads\/fdms\/FDMS-686231_SM_Poli_a_Meubles-Senteur_Campagnard.pdf\">686231 Secret du M\u00e9tier Poli a Meubles-Senteur Campagnard<\/a><br \/>\n<a href=\"https:\/\/www.dfp.ca\/wp-content\/uploads\/fdms\/FDMS-686232_SM_Poli_a_Meuble-Senteur_Orange.pdf\">686232 Secret du M\u00e9tier Poli a Meuble-Senteur Orange<\/a><br \/>\n<a href=\"https:\/\/www.dfp.ca\/wp-content\/uploads\/fdms\/FDMS-686233_SM_Efface_Eraflures_pour_bois_Fonce.pdf\">686233 Secret du M\u00e9tier Efface Eraflures pour bois Fonce<\/a><br \/>\n<a href=\"https:\/\/www.dfp.ca\/wp-content\/uploads\/fdms\/FDMS-686234_SM_Efface_Eraflures_pour_bois_Pale.pdf\">686234 Secret du M\u00e9tier Efface Eraflures pour bois Pale<\/a><br \/>\n<a href=\"https:\/\/www.dfp.ca\/wp-content\/uploads\/fdms\/FDMS-686235_SM_Poli_a_Melamine.pdf\"> 686235 Secret du M\u00e9tier Poli a Melamine<\/a><br \/>\n<a href=\"https:\/\/www.dfp.ca\/wp-content\/uploads\/fdms\/FDMS-686236_SM_Poli_pour_l_Acier_Inoxydable.pdf\">686236 Secret du M\u00e9tier Poli pour l&rsquo;Acier Inoxydable<\/a><br \/>\n<a href=\"https:\/\/www.dfp.ca\/wp-content\/uploads\/fdms\/FDMS-686240_SM_Efface_Eraflures_ens_Pro.pdf\">686240 Secret du M\u00e9tier Efface Eraflures ensemble Pro<\/a><br \/>\n<a href=\"https:\/\/www.dfp.ca\/wp-content\/uploads\/fdms\/FDMS-686250_SM_Gant_de_Travail_Invisible.pdf\">686250 Secret du M\u00e9tier Gant de Travail Invisible<\/a><br \/>\n<a href=\"https:\/\/www.dfp.ca\/wp-content\/uploads\/fdms\/FDMS-687270_SM_Effaceur_de_cernes_blancs.pdf\" target=\"_blank\" rel=\"noopener\">686270 Secret du M\u00e9tier Effaceur de cernes blancs<\/a><br \/>\n<a href=\"https:\/\/www.dfp.ca\/wp-content\/uploads\/fdms\/FDMS-686281_SM_Systeme_de_Restauration.pdf\">686281 Secret du M\u00e9tier Systeme de Restauration<\/a><br \/>\n<a href=\"https:\/\/www.dfp.ca\/wp-content\/uploads\/fdms\/FDMS-686300_SM_Systeme_d_Entretien_pour_le_Cuir.pdf\">686300 Secret du M\u00e9tier Systeme d&rsquo;Entretien pour le Cuir<\/a><br \/>\n<a href=\"https:\/\/www.dfp.ca\/wp-content\/uploads\/fdms\/FDMS-686310_SM_Restauration_Cuir_Pro_Rev.pdf\">686310 Secret du M\u00e9tier Restauration Cuir Pro<\/a><br \/>\n<a href=\"https:\/\/www.dfp.ca\/wp-content\/uploads\/fdms\/FDMS-686330_SM_Detacher_d_Encre.pdf\">686330 Secret du M\u00e9tier Enl\u00e8ve Encre<\/a><br \/>\n<a href=\"https:\/\/www.dfp.ca\/wp-content\/uploads\/fdms\/FDMS-686335_SM_Efface_Eraflure_pour_Cuir.pdf\">686335 Secret du M\u00e9tier Efface Eraflure pour Cuir<\/a><br \/>\n<a href=\"https:\/\/www.dfp.ca\/wp-content\/uploads\/fdms\/FDMS-686350_SM_Colle_pour_le_Cuir.pdf\">686350 Secret du M\u00e9tier Colle pour le Cuir<\/a><br \/>\n<a href=\"https:\/\/www.dfp.ca\/wp-content\/uploads\/fdms\/FDMS-686355_SM_Remplisseur_de_Cuir.pdf\">686355 Secret du M\u00e9tier Remplisseur de Cuir<\/a><br \/>\n<a href=\"https:\/\/www.dfp.ca\/wp-content\/uploads\/fdms\/FDMS-6863XX_SM_Marqueurs_de_Retouche_pour_le_Cuir.pdf\">6863XX Secret du M\u00e9tier Marqueurs de Retouche pour le Cuir<\/a><br \/>\n<a href=\"https:\/\/www.dfp.ca\/wp-content\/uploads\/fdms\/FDMS-68710X_SM_Systeme_de_Retouche_pour_Bois.pdf\">68710X Secret du M\u00e9tier Systeme de Retouche pour Bois<\/a><br \/>\n<a href=\"https:\/\/www.dfp.ca\/wp-content\/uploads\/fdms\/FDMS-68712X_SM_Systeme_de_Retouche_pour_Planchers.pdf\">68712X Secret du M\u00e9tier Systeme de Retouche pour planchers<\/a><br \/>\n<a href=\"https:\/\/www.dfp.ca\/wp-content\/uploads\/fdms\/FDMS-68726X_SM_Marqueurs_de_retouche.pdf\">68726X Secret du M\u00e9tier Marqueurs de retouche<\/a><br \/>\n<a href=\"https:\/\/www.dfp.ca\/wp-content\/uploads\/fdms\/FDMS-687500_SM_Marqueurs_de_retouche_pro.pdf\">687500 Secret du M\u00e9tier Marqueurs de retouche pro<\/a><br \/>\n<a href=\"https:\/\/www.dfp.ca\/wp-content\/uploads\/fdms\/FDMS-687550_TS_Fini_Pro.pdf\">687550 Secret du M\u00e9tier Fini Pro<\/a><br \/>\n<a href=\"https:\/\/www.dfp.ca\/wp-content\/uploads\/fdms\/FDMS-687XXX_SM_Batonnets_de_Remplissage.pdf\">687XXX Secret du M\u00e9tier Batonnets de Remplissage<\/a><br \/>\n<a href=\"https:\/\/www.dfp.ca\/wp-content\/uploads\/fdms\/FDMS-689XXX_SM_Bouche_Pores_Poudre.pdf\">689XXX Secret du M\u00e9tier Bouche-Pores en Poudres<\/a><\/p>\n\n","protected":false},"excerpt":{"rendered":"<p>686230 Secret du M\u00e9tier Poli a Meubles-Senteur Citron 686231 Secret du M\u00e9tier Poli a Meubles-Senteur Campagnard 686232 Secret du M\u00e9tier Poli a Meuble-Senteur Orange 686233 Secret du M\u00e9tier Efface Eraflures pour bois Fonce 686234 Secret du M\u00e9tier Efface Eraflures pour bois Pale 686235 Secret du M\u00e9tier Poli a Melamine 686236 Secret du M\u00e9tier Poli pour &hellip; <a href=\"https:\/\/tradesecret.ca\/fr\/fiches-signaletiques\/\" class=\"more-link\">Continuer la lecture<span class=\"screen-reader-text\"> de &laquo;&nbsp;Fiches signal\u00e9tiques&nbsp;&raquo;<\/span><\/a><\/p>\n","protected":false},"author":1,"featured_media":0,"parent":0,"menu_order":0,"comment_status":"closed","ping_status":"closed","template":"","meta":{"footnotes":""},"class_list":["post-434","page","type-page","status-publish","hentry"],"_links":{"self":[{"href":"https:\/\/tradesecret.ca\/fr\/wp-json\/wp\/v2\/pages\/434","targetHints":{"allow":["GET"]}}],"collection":[{"href":"https:\/\/tradesecret.ca\/fr\/wp-json\/wp\/v2\/pages"}],"about":[{"href":"https:\/\/tradesecret.ca\/fr\/wp-json\/wp\/v2\/types\/page"}],"author":[{"embeddable":true,"href":"https:\/\/tradesecret.ca\/fr\/wp-json\/wp\/v2\/users\/1"}],"replies":[{"embeddable":true,"href":"https:\/\/tradesecret.ca\/fr\/wp-json\/wp\/v2\/comments?post=434"}],"version-history":[{"count":16,"href":"https:\/\/tradesecret.ca\/fr\/wp-json\/wp\/v2\/pages\/434\/revisions"}],"predecessor-version":[{"id":1671,"href":"https:\/\/tradesecret.ca\/fr\/wp-json\/wp\/v2\/pages\/434\/revisions\/1671"}],"wp:attachment":[{"href":"https:\/\/tradesecret.ca\/fr\/wp-json\/wp\/v2\/media?parent=434"}],"curies":[{"name":"wp","href":"https:\/\/api.w.org\/{rel}","templated":true}]}}