{"id":422,"date":"2016-04-05T00:37:33","date_gmt":"2016-04-05T00:37:33","guid":{"rendered":"https:\/\/tradesecret.ca\/?page_id=422&#038;lang=fr"},"modified":"2025-08-01T00:10:33","modified_gmt":"2025-08-01T00:10:33","slug":"about-us","status":"publish","type":"page","link":"https:\/\/tradesecret.ca\/fr\/about-us\/","title":{"rendered":"\u00c0 propos de nous"},"content":{"rendered":"\n<div class=\"wp-block-columns is-layout-flex wp-container-core-columns-is-layout-1 wp-block-columns-is-layout-flex\">\n<div class=\"wp-block-column is-layout-flow wp-block-column-is-layout-flow\">\n<p>Si vous lisez ceci, vous devez vraiment aimer la lecture des pages \u00ab \u00c0 propos \u00bb\u2026 parce que, vraiment, ne devriez-vous pas \u00eatre en train de regarder nos produits??? On rigole. Nous sommes heureux que vous ayez pris le temps de visiter notre site Web et cette page.<\/p>\n\n\n\n<p>Depuis 1950, nous sommes en affaires au service du besoin de solutions de surfaces pour, \u00e0 la fois, les professionnels et les consommateurs. Nous nous effor\u00e7ons de cr\u00e9er des produits qui r\u00e9pondent \u00e0 vos besoins les plus exigeants en ce qui concerne les soins et la r\u00e9paration des surfaces de votre maison. Du bois au cuir, des stratifi\u00e9s au verre \u2026 s\u2019il y a une surface, nous faisons de notre mieux pour vous fournir des produits de qualit\u00e9 professionnelle, qui sont faciles \u00e0 utiliser tout en offrant des r\u00e9sultats exceptionnels.<\/p>\n\n\n\n<p>Notre \u00e9quipe respecte un ensemble de valeurs fondamentales qui nous guident dans la fa\u00e7on dont nous menons nos activit\u00e9s avec nos partenaires (vous inclus). Nos valeurs fondamentales font vraiment une diff\u00e9rence dans la qualit\u00e9 de notre entreprise et l\u2019exp\u00e9rience quotidienne envers le traitement de nos clients et fournisseurs. Elles sont:<\/p>\n\n\n\n<ul class=\"wp-block-list\">\n<li><strong>Entreprenants<\/strong>\u00a0\u2013 Nous nous effor\u00e7ons de trouver des moyens innovateurs pour r\u00e9pondre \u00e0 vos besoins. Faire plus avec moins de produits est un parfait exemple de cette philosophie.<\/li>\n\n\n\n<li><strong>Enthousiastes face au changement<\/strong>\u00a0\u2013 Nous nous effor\u00e7ons, selon les besoins, de changer et de nous adapter par rapport aux changements dus aux forces du march\u00e9, en modernisant les syst\u00e8mes informatiques, en adoptant des changements envers les niveaux de COV ou encore en \u00e9crivant notre microblogage sur Twitter pour vous gardez au courant de nos derni\u00e8res offres.<\/li>\n\n\n\n<li><strong>Emball\u00e9s par chaque journ\u00e9e<\/strong>\u00a0\u2013 Nous nous effor\u00e7ons de faire en sorte que nous b\u00e9n\u00e9ficions tous les jours de tous les \u00e9l\u00e9ments qui y sont attach\u00e9s, de la recherche de produits au service \u00e0 la client\u00e8le, nous aimons ce que nous faisons!<\/li>\n\n\n\n<li><strong>\u00c9thiques<\/strong>\u00a0\u2013 Nous nous effor\u00e7ons de traiter tous nos intervenants, le personnel, les fournisseurs et les clients comme nous aimerions \u00eatre trait\u00e9s. En effet, si nous n\u2019avons pas de solution pour vous, nous ferons de notre mieux pour vous dirigez vers quelqu\u2019un qui le pourra, m\u00eame s\u2019il s\u2019agit d\u2019un concurrent!<\/li>\n<\/ul>\n\n\n\n<p>Que vous b\u00e9n\u00e9ficiez de nos excellents produits pour le soin des meubles, ou que vous ayez eu \u00e0 retoucher vos antiquit\u00e9s ou que, tout simplement, vous aimez nettoyer souvent (vous savez qui vous \u00eates), nous cherchons des moyens pour cr\u00e9er des produits qui correspondent \u00e0 besoins quotidiens. Nous collaborons avec vous pour mieux comprendre vos difficult\u00e9s et pour trouver des moyens pour y faire face et vous simplifier la vie.<\/p>\n\n\n\n<p>Nous poss\u00e9dons de grandes ressources qui refl\u00e8tent les connaissances accumul\u00e9es et l\u2019exp\u00e9rience de plus de 60 ans en affaires. S\u2019il-vous-pla\u00eet, si nous pouvons faire quelque chose pour vous aider, appelez au 1-800-354-4445 ou \u00e9crivez-nous \u00e0 dfpservice@dfp.ca.<\/p>\n\n\n\n<p>Merci de votre visite!<\/p>\n\n\n\n<p>Rammie Kamal<br>Directeur g\u00e9n\u00e9ral<br>DFP<\/p>\n<\/div>\n\n\n\n<div class=\"wp-block-column is-layout-flow wp-block-column-is-layout-flow\">\n<p><strong>Chronologie (cliquez sur les dates pour en savoir plus) :<\/strong><\/p>\n\n\n\n<details class=\"wp-block-details has-text-color has-link-color wp-elements-6f0186517a00c697d70b392f7f1581d4 is-layout-flow wp-block-details-is-layout-flow\" style=\"color:#ddcb00\"><summary>1950<\/summary>\n<p class=\"has-text-align-left has-white-color has-text-color has-link-color wp-elements-900971d99363ad277d6d1dac15f82621\">Martin Dover incorpore Supreme Bag, une entreprise d\u00e9di\u00e9e aux sacs en jute.<br><\/p>\n<\/details>\n\n\n\n<details class=\"wp-block-details has-text-color has-link-color wp-elements-733240ffbdf353200eea10d49adbbcf2 is-layout-flow wp-block-details-is-layout-flow\" style=\"color:#ddcb00\"><summary>1952<\/summary>\n<p class=\"has-text-align-left has-white-color has-text-color has-link-color wp-elements-22ac9c1e3dba4d57111136c20479e9e5\">Supreme Bag devient Dover Pad et vise l\u2019industrie des d\u00e9m\u00e9nageurs avec des couvertures de d\u00e9m\u00e9nagement et autres produits similaires. On r\u00e9alise assez rapidement que les d\u00e9m\u00e9nageurs ont souvent tendance \u00e0 endommager les meubles. On ajoute des produits professionnels d\u2019entretien et de retouche \u00e0 notre gamme.<br><\/p>\n<\/details>\n\n\n\n<details class=\"wp-block-details has-text-color has-link-color wp-elements-cfb798da975ff1dbea065842ee733377 is-layout-flow wp-block-details-is-layout-flow\" style=\"color:#ddcb00\"><summary>1960&rsquo;s<\/summary>\n<p class=\"has-text-align-left has-white-color has-text-color has-link-color wp-elements-079b0eeae47cb4cc2061ae2be82e1db9\">Dover Pad agrandit sa base de clients afin d\u2019inclure plus de compagnies d\u2019industries g\u00e9n\u00e9rales.<br><\/p>\n<\/details>\n\n\n\n<details class=\"wp-block-details has-text-color has-link-color wp-elements-98d8dbf4ec40177c5f73cf2b412af82b is-layout-flow wp-block-details-is-layout-flow\" style=\"color:#ddcb00\"><summary>1970&rsquo;s<\/summary>\n<p class=\"has-white-color has-text-color has-link-color wp-elements-105c9e37d01a08aea3980127f894c8b2\">Des produits d\u2019emballage sont introduits afin de cibler encore plus de clients industriels.<br><\/p>\n<\/details>\n\n\n\n<details class=\"wp-block-details has-text-color has-link-color wp-elements-d5a3df3ad30cbb745fcd7e1fb5b83319 is-layout-flow wp-block-details-is-layout-flow\" style=\"color:#ddcb00\"><summary>1980&rsquo;s<\/summary>\n<p class=\"has-white-color has-text-color has-link-color wp-elements-45638e6d18004628890b7419e02e2a12\">La compagnie grandit toujours en ajoutant, \u00e0 toutes les semaines, des manufacturiers de meubles comme clients.<br><\/p>\n<\/details>\n\n\n\n<details class=\"wp-block-details has-text-color has-link-color wp-elements-20910f5ef2b04e149a7567263127ae84 is-layout-flow wp-block-details-is-layout-flow\" style=\"color:#ddcb00\"><summary>1991<\/summary>\n<p class=\"has-white-color has-text-color has-link-color wp-elements-8672a1a4d1222f58f445d4daff5fa1ec\">Dover Pad devient Doverco Inc. et les produits de finitions et retouches deviennent une nouvelle compagnie; Les produits de finitions Dover Inc. Bizarrement, Dover Pad devient une marque des produits de finition Dover et vous pouvez en d\u00e9couvrir plus au www.doverpad.ca.<br><\/p>\n<\/details>\n\n\n\n<details class=\"wp-block-details has-text-color has-link-color wp-elements-c492e547ee5a813a6cde6ef4214c5156 is-layout-flow wp-block-details-is-layout-flow\" style=\"color:#ddcb00\"><summary>1996<\/summary>\n<p class=\"has-white-color has-text-color has-link-color wp-elements-25826299346df43f2501eddf6cdd5850\">On cr\u00e9e et commence \u00e0 vendre la marque Secret du M\u00e9tier<sup>MD<\/sup>. Les premiers produits sont Efface \u00c9raflures et Polis &amp; Nettoyeur \u00e0 Meubles. Ces produits sont rapidement adopt\u00e9s par les consommateurs.<br><\/p>\n<\/details>\n\n\n\n<details class=\"wp-block-details has-text-color has-link-color wp-elements-4167f3f735088082d0f882630fad4863 is-layout-flow wp-block-details-is-layout-flow\" style=\"color:#ddcb00\"><summary>1997<\/summary>\n<p class=\"has-white-color has-text-color has-link-color wp-elements-cba7c308bb4a2f41994f211fbe0db04a\">Nous faisons nos premi\u00e8res campagnes t\u00e9l\u00e9vis\u00e9es. Heureusement, personne n\u2019a \u00e9t\u00e9 bless\u00e9 lors de notre d\u00e9mo avec une scie \u00e0 cha\u00eene. Nos produits se vendent comme des petits pains chauds.<br><\/p>\n<\/details>\n\n\n\n<details class=\"wp-block-details has-text-color has-link-color wp-elements-288f49e3951c95865592140584fbf5ac is-layout-flow wp-block-details-is-layout-flow\" style=\"color:#ddcb00\"><summary>1999<\/summary>\n<p class=\"has-white-color has-text-color has-link-color wp-elements-1dc57b299c67cdc062f4759afb578479\">On ajoute les B\u00e2tonnets de Remplissage et les Syst\u00e8mes de Retouche pour Bois \u00e0 notre gamme. Plein de trous, partout, sont remplis avec vitesse et qualit\u00e9.<br><\/p>\n<\/details>\n\n\n\n<details class=\"wp-block-details has-text-color has-link-color wp-elements-660d9b52327ad64e9a2ed2c9f2944001 is-layout-flow wp-block-details-is-layout-flow\" style=\"color:#ddcb00\"><summary>2001<\/summary>\n<p class=\"has-white-color has-text-color has-link-color wp-elements-1cfb37a71452d1e41b021f9888c9d113\">Le Syst\u00e8me d\u2019Entretien pour Meubles est introduit. On a des petits soucis \u00e0 le garder en inventaire tant il y a de la demande. Les meubles de partout crient tellement ils sont contents car ils n\u2019ont jamais \u00e9t\u00e9 aussi beaux.<br><\/p>\n<\/details>\n\n\n\n<details class=\"wp-block-details has-text-color has-link-color wp-elements-d43d76bec91251cafcb35aa3f578128f is-layout-flow wp-block-details-is-layout-flow\" style=\"color:#ddcb00\"><summary>2003<\/summary>\n<p class=\"has-white-color has-text-color has-link-color wp-elements-4e457ae052bcca33c4131a97a4e230a4\">Divers ajustements du c\u00f4t\u00e9 industriel de notre compagnie nous ont distraits dans le d\u00e9veloppement d\u2019autres produits Secret du M\u00e9tier. \u00c9trangement, durant la m\u00eame p\u00e9riode, plusieurs manufacturiers de meubles ont d\u00e9cid\u00e9 que la Chine \u00e9tait un meilleur endroit pour fabriquer des meubles. Les meubles ne durent plus aussi longtemps et requi\u00e8rent plus de soins Secret du M\u00e9tier.<br><\/p>\n<\/details>\n\n\n\n<details class=\"wp-block-details has-text-color has-link-color wp-elements-929a3e06248d1f7d8e1ec3e68743e405 is-layout-flow wp-block-details-is-layout-flow\" style=\"color:#ddcb00\"><summary>2006<\/summary>\n<p class=\"has-white-color has-text-color has-link-color wp-elements-b37ddf94b9c0296ac58e9fcb80859da9\">Nous collaborons avec Leather Master SE afin d\u2019offrir les meilleurs produits dans le monde pour l\u2019entretien et la r\u00e9paration du cuir. Les meubles en cuir au Canada et aux \u00c9tats-Unis deviennent plus propres, plus attrayants, plus durables et sans \u00ab squeak \u00bb.<br><\/p>\n<\/details>\n\n\n\n<details class=\"wp-block-details has-text-color has-link-color wp-elements-3dcfef21a838915c53d587e61868a231 is-layout-flow wp-block-details-is-layout-flow\" style=\"color:#ddcb00\"><summary>2008<\/summary>\n<p class=\"has-white-color has-text-color has-link-color wp-elements-10bf882efd536905c8f8539a33d25296\">Apr\u00e8s avoir travaill\u00e9 avec plusieurs fabricants de planchers de bois franc afin de trouver une solution aux dommages, nous lan\u00e7ons la ligne Fini Pro Cristallin \u00e0 base d\u2019eau, un des seuls finis qui peut adh\u00e8rer \u00e0 des planchers de bois fini au s\u00e9chage UV et aux lamin\u00e9s. Nous agrandissons notre gamme en introduisant le Syst\u00e8me de Retouche pour Planchers Secret du M\u00e9tier. Les installateurs de planchers peuvent maintenant prendre plus de temps pour savourer une tasse de caf\u00e9.<br><\/p>\n<\/details>\n\n\n\n<details class=\"wp-block-details has-text-color has-link-color wp-elements-eed76815ac8b037a07119026d8e4e540 is-layout-flow wp-block-details-is-layout-flow\" style=\"color:#ddcb00\"><summary>2010<\/summary>\n<p class=\"has-white-color has-text-color has-link-color wp-elements-e0a38fb0dda05631dc0983da28154980\">\u00ab Solutions de surface \u00bb devient notre mantra. Quand nous cr\u00e9ons de nouveaux produits, nous nous engageons \u00e0 : vous offrir des produits professionnels qui travaillent sur les surfaces de votre maison. De plus, la gamme compl\u00e8te de Secret du M\u00e9tier est maintenant conforme aux normes COV en Am\u00e9rique du Nord (y compris la reformulation d\u2019Efface \u00c9raflures, qui est maintenant \u00e0 base d\u2019huile de coco et travaille mieux que jamais).<br><\/p>\n<\/details>\n\n\n\n<details class=\"wp-block-details has-text-color has-link-color wp-elements-81167e98522721ee2048b9477cafba8d is-layout-flow wp-block-details-is-layout-flow\" style=\"color:#ddcb00\"><summary>2011<\/summary>\n<p class=\"has-white-color has-text-color has-link-color wp-elements-61187f54f4094ab02355832a37444548\">Les produits Secret du M\u00e9tier sont maintenant disponibles dans toutes les quincaillerie majeures \u00e0 travers le Canada. Les employ\u00e9s f\u00eatent 61 ans en affaires avec une pizza de 61 ingr\u00e9dients. Beaucoup de br\u00fblements d\u2019estomac suivirent.<\/p>\n<\/details>\n\n\n\n<details class=\"wp-block-details has-text-color has-link-color wp-elements-cc4fb7917822f899b9f2382740c43774 is-layout-flow wp-block-details-is-layout-flow\" style=\"color:#ddcb00\"><summary>2014<\/summary>\n<p class=\"has-white-color has-text-color has-link-color wp-elements-326057f4ae25c8cc2ad0673286aa4b58\">Secret du M\u00e9tier introduit les marqueurs de retouche en trio afin de complimentez les b\u00e2tonnets de remplissages et d\u2019offir un syst\u00e8me de retouche plus compl\u00e8te.<\/p>\n<\/details>\n\n\n\n<details class=\"wp-block-details has-text-color has-link-color wp-elements-cfbd794277191b54fa960412b8d11fb8 is-layout-flow wp-block-details-is-layout-flow\" style=\"color:#ddcb00\"><summary>2016<\/summary>\n<p class=\"has-white-color has-text-color has-link-color wp-elements-822b99739cd46d1ce59ec00a8db02a28\">La propri\u00e9taire de la marque Secret du M\u00e9tier, DFP Inc., est acquise par Martin &amp; Associ\u00e9s offrant un plus grand d\u00e9veloppement de produits et de synergies logistiques \u00e0 notre client\u00e8le.<br><br><\/p>\n<\/details>\n\n\n\n<details class=\"wp-block-details has-text-color has-link-color wp-elements-2827f097ec435551fcc7c21dc7047a6d is-layout-flow wp-block-details-is-layout-flow\" style=\"color:#ddcb00\"><summary>2018<\/summary>\n<p class=\"has-white-color has-text-color has-link-color wp-elements-881d1d623fef5565c0d6485787a91ac7\">Apr\u00e8s des ann\u00e9es de travail pour mettre au point la formule id\u00e9ale, et de nombreuses tasses de caf\u00e9 br\u00fblantes plus tard, l&rsquo;Efface de cernes blanc fait son apparition. Les tables \u00e0 caf\u00e9 du monde entier peuvent se r\u00e9jouir !<\/p>\n<\/details>\n\n\n\n<details class=\"wp-block-details has-text-color has-link-color wp-elements-9a80dd98b63d20e6f7fb9f9bdda68135 is-layout-flow wp-block-details-is-layout-flow\" style=\"color:#ddcb00\"><summary>2021<\/summary>\n<p class=\"has-dark-gray-color has-text-color has-link-color wp-elements-83657dcda87d33dbc19860dab109d7bb\">Nous nous sommes associ\u00e9s \u00e0 Gork&rsquo;s pour cr\u00e9er un bouche pores en poudre pour bois. Un produit de qualit\u00e9 professionnelle id\u00e9al pour les menuisiers amateurs et professionnels du monde entier.<\/p>\n<\/details>\n\n\n\n<details class=\"wp-block-details has-text-color has-link-color wp-elements-85bf6a3b3ef140798653536127547802 is-layout-flow wp-block-details-is-layout-flow\" style=\"color:#ddcb00\"><summary>2025<\/summary>\n<p class=\"has-white-color has-text-color has-link-color wp-elements-a0a105b945fde19f743929f0c83b2160\">Le d\u00e9veloppement de produits se poursuit alors que nous recherchons de nouveaux produits qui correspondent \u00e0 notre philosophie. Suivez-nous sur les r\u00e9seaux sociaux pour en savoir plus\u2026<br>En 2025, le logo Secret du M\u00e9tier fera \u00e9galement l&rsquo;objet d&rsquo;une l\u00e9g\u00e8re refonte afin de le rendre \u00e9galement bilingue. Dites-nous si vous l&rsquo;appr\u00e9ciez !<\/p>\n<\/details>\n<\/div>\n<\/div>\n\n\n\n\n\n\n<p><\/p>\n","protected":false},"excerpt":{"rendered":"<p>Si vous lisez ceci, vous devez vraiment aimer la lecture des pages \u00ab \u00c0 propos \u00bb\u2026 parce que, vraiment, ne devriez-vous pas \u00eatre en train de regarder nos produits??? On rigole. Nous sommes heureux que vous ayez pris le temps de visiter notre site Web et cette page. Depuis 1950, nous sommes en affaires au &hellip; <a href=\"https:\/\/tradesecret.ca\/fr\/about-us\/\" class=\"more-link\">Continuer la lecture<span class=\"screen-reader-text\"> de &laquo;&nbsp;\u00c0 propos de nous&nbsp;&raquo;<\/span><\/a><\/p>\n","protected":false},"author":1,"featured_media":0,"parent":0,"menu_order":0,"comment_status":"closed","ping_status":"closed","template":"","meta":{"footnotes":""},"class_list":["post-422","page","type-page","status-publish","hentry"],"_links":{"self":[{"href":"https:\/\/tradesecret.ca\/fr\/wp-json\/wp\/v2\/pages\/422","targetHints":{"allow":["GET"]}}],"collection":[{"href":"https:\/\/tradesecret.ca\/fr\/wp-json\/wp\/v2\/pages"}],"about":[{"href":"https:\/\/tradesecret.ca\/fr\/wp-json\/wp\/v2\/types\/page"}],"author":[{"embeddable":true,"href":"https:\/\/tradesecret.ca\/fr\/wp-json\/wp\/v2\/users\/1"}],"replies":[{"embeddable":true,"href":"https:\/\/tradesecret.ca\/fr\/wp-json\/wp\/v2\/comments?post=422"}],"version-history":[{"count":7,"href":"https:\/\/tradesecret.ca\/fr\/wp-json\/wp\/v2\/pages\/422\/revisions"}],"predecessor-version":[{"id":1788,"href":"https:\/\/tradesecret.ca\/fr\/wp-json\/wp\/v2\/pages\/422\/revisions\/1788"}],"wp:attachment":[{"href":"https:\/\/tradesecret.ca\/fr\/wp-json\/wp\/v2\/media?parent=422"}],"curies":[{"name":"wp","href":"https:\/\/api.w.org\/{rel}","templated":true}]}}