{"id":383,"date":"2016-04-04T23:01:21","date_gmt":"2016-04-04T23:01:21","guid":{"rendered":"https:\/\/tradesecret.ca\/?page_id=383&#038;lang=fr"},"modified":"2023-05-17T11:14:44","modified_gmt":"2023-05-17T11:14:44","slug":"foire-aux-questions-batonnets-de-remplissage","status":"publish","type":"page","link":"https:\/\/tradesecret.ca\/fr\/foire-aux-questions-batonnets-de-remplissage\/","title":{"rendered":"Foire aux questions &#8211; B\u00e2tonnets de retouche"},"content":{"rendered":"<div id=\"1-link-383\" class=\"sh-link 1-link sh-hide\"><a href=\"#\" onclick=\"showhide_toggle('1', 383, 'Les B\u00e2tonnets de retouche Secret du M\u00e9tier&lt;sup&gt;MD&lt;\/sup&gt; peuvent-ils s\\'utiliser sur n\\'importe quel bois?', 'Les B\u00e2tonnets de retouche Secret du M\u00e9tier&lt;sup&gt;MD&lt;\/sup&gt; peuvent-ils s\\'utiliser sur n\\'importe quel bois?'); return false;\" aria-expanded=\"false\"><span id=\"1-toggle-383\">Les B\u00e2tonnets de retouche Secret du M\u00e9tier&lt;sup&gt;MD&lt;\/sup&gt; peuvent-ils s&#039;utiliser sur n&#039;importe quel bois?<\/span><\/a><\/div><div id=\"1-content-383\" class=\"sh-content 1-content sh-hide\" style=\"display: none;\"><\/p>\n<p>Oui. Choisissez la couleur qui correspond le plus \u00e0 celle de votre meuble. Dans certains cas, vous pourriez m\u00e9langer les couleurs.<\/p>\n<p><\/div>\n<div id=\"2-link-383\" class=\"sh-link 2-link sh-hide\"><a href=\"#\" onclick=\"showhide_toggle('2', 383, 'Est-ce qu\\'il faut utiliser de la chaleur avec les B\u00e2tonnets de retouche Secret du M\u00e9tier?', 'Est-ce qu\\'il faut utiliser de la chaleur avec les B\u00e2tonnets de retouche Secret du M\u00e9tier?'); return false;\" aria-expanded=\"false\"><span id=\"2-toggle-383\">Est-ce qu&#039;il faut utiliser de la chaleur avec les B\u00e2tonnets de retouche Secret du M\u00e9tier?<\/span><\/a><\/div><div id=\"2-content-383\" class=\"sh-content 2-content sh-hide\" style=\"display: none;\"><\/p>\n<p>Non. D&rsquo;ailleurs, le chauffage des b\u00e2tonnets de retouche pourrait causer des br\u00fblures graves. Il suffit de frotter le b\u00e2tonnet de retouche sur la surface \u00e0 r\u00e9parer. La chaleur caus\u00e9e par la friction suffira \u00e0 combler la zone endommag\u00e9e.<\/p>\n<p><\/div>\n<div id=\"3-link-383\" class=\"sh-link 3-link sh-hide\"><a href=\"#\" onclick=\"showhide_toggle('3', 383, 'Les B\u00e2tonnets de retouche Secret du M\u00e9tier vont-ils s\u00e9cher et durcir?', 'Les B\u00e2tonnets de retouche Secret du M\u00e9tier vont-ils s\u00e9cher et durcir?'); return false;\" aria-expanded=\"false\"><span id=\"3-toggle-383\">Les B\u00e2tonnets de retouche Secret du M\u00e9tier vont-ils s\u00e9cher et durcir?<\/span><\/a><\/div><div id=\"3-content-383\" class=\"sh-content 3-content sh-hide\" style=\"display: none;\"><\/p>\n<p>Pas vraiment, car ils sont faits de cire et restent \u00e0 peu pr\u00e8s aussi durs qu&rsquo;au moment de l&rsquo;application. Dans les endroits \u00e0 forte circulation, nous vous sugg\u00e9rons de prot\u00e9ger la r\u00e9paration avec une finition Pro Fini Secret du M\u00e9tier ou autre afin d&rsquo;\u00e9viter d&rsquo;arracher la r\u00e9paration ou de tacher des v\u00eatements.<\/p>\n<p><\/div>\n<div id=\"4-link-383\" class=\"sh-link 4-link sh-hide\"><a href=\"#\" onclick=\"showhide_toggle('4', 383, 'Comment utiliser les B\u00e2tonnets de retouche Secret du M\u00e9tier?', 'Comment utiliser les B\u00e2tonnets de retouche Secret du M\u00e9tier?'); return false;\" aria-expanded=\"false\"><span id=\"4-toggle-383\">Comment utiliser les B\u00e2tonnets de retouche Secret du M\u00e9tier?<\/span><\/a><\/div><div id=\"4-content-383\" class=\"sh-content 4-content sh-hide\" style=\"display: none;\"><\/p>\n<p>Frottez le b\u00e2tonnet sur la zone \u00e0 r\u00e9parer. Ensuite, enlevez l&rsquo;exc\u00e8s avec une carte de cr\u00e9dit ou une spatule similaire. Le surplus de cire autour de la r\u00e9paration s&rsquo;enl\u00e8ve en frottant avec un chiffon propre, en prenant soin de ne pas toucher \u00e0 la r\u00e9paration. Au besoin, prot\u00e9ger avec le Fini Pro Cristallin Secret du M\u00e9tier.<\/p>\n<p><\/div>\n<div id=\"5-link-383\" class=\"sh-link 5-link sh-hide\"><a href=\"#\" onclick=\"showhide_toggle('5', 383, 'En quoi les B\u00e2tonnets de retouche Secret du M\u00e9tier sont-ils meilleurs que les autres crayons \u00e0 r\u00e9parer?', 'En quoi les B\u00e2tonnets de retouche Secret du M\u00e9tier sont-ils meilleurs que les autres crayons \u00e0 r\u00e9parer?'); return false;\" aria-expanded=\"false\"><span id=\"5-toggle-383\">En quoi les B\u00e2tonnets de retouche Secret du M\u00e9tier sont-ils meilleurs que les autres crayons \u00e0 r\u00e9parer?<\/span><\/a><\/div><div id=\"5-content-383\" class=\"sh-content 5-content sh-hide\" style=\"display: none;\"><\/p>\n<p>On nous demande souvent pourquoi nos B\u00e2tonnets de remplissage sont meilleur que celles de la concurrence. Eh bien, nous vous proposons des B\u00e2tonnets de remplissage Secret du M\u00e9tier dans une vari\u00e9t\u00e9 d&#8217;emballages, nous avons le blanc et le noir en version simple, trios pour nos tons de bois et m\u00eame un emballage Pro qui comprend 6 b\u00e2tonnets. Nos concurrents, pour la plupart, n&rsquo;offrent que des b\u00e2tonnets simples, ce qui rend plus difficile d&rsquo;obtenir la bonne couleur. Nos B\u00e2tonnets de remplissage sont \u00e0 base de cire avec des teintures grand teint et peuvent \u00eatre imm\u00e9diatement fini ou peint, vous laissant avec une r\u00e9paration permanente sans avoir \u00e0 attendre pour la r\u00e9paration de s\u00e9cher. Nos concurrents vous offres des b\u00e2tonnets qui sont \u00e0 base de mastic, qui sont de texture grasse, ils ne peuvent pas \u00eatre recouvert et sont donc moins permanentes et polyvalentes. Enfin nos b\u00e2tonnets de remplissage sont utilis\u00e9s par plusieurs fabricants en Am\u00e9rique du Nord. Les b\u00e2tonnets de nos concurrents ne sont g\u00e9n\u00e9ralement pas utilis\u00e9s dans les environnements professionnels.<\/p>\n<table class=\"gridtable\">\n<tbody>\n<tr>\n<th><\/th>\n<th>Secret du M\u00e9tier<\/th>\n<th>Concurrents principaux<\/th>\n<\/tr>\n<tr>\n<td class=\"leftcol\">Format en trio<\/td>\n<td class=\"rightcol\">\u2713<\/td>\n<td class=\"rightcol\">X<\/td>\n<\/tr>\n<tr>\n<td class=\"leftcol\">100% \u00e0 base de cire<\/td>\n<td>\u2713<\/td>\n<td>X<\/td>\n<\/tr>\n<tr>\n<td class=\"leftcol\">Peuvent prendre un fini<\/td>\n<td>\u2713<\/td>\n<td>X<\/td>\n<\/tr>\n<tr>\n<td class=\"leftcol\">De teinte solide<\/td>\n<td>\u2713<\/td>\n<td>\u2713<\/td>\n<\/tr>\n<tr>\n<td class=\"leftcol\">Les couleurs peuvent \u00eatre m\u00e9lang\u00e9es<\/td>\n<td>\u2713<\/td>\n<td>X<\/td>\n<\/tr>\n<tr>\n<td class=\"leftcol\">Peuvent \u00eatre utilis\u00e9 sur des lamin\u00e9s (e.g. Formica\u00ae)<\/td>\n<td>\u2713<\/td>\n<td>X<\/td>\n<\/tr>\n<tr>\n<td class=\"leftcol\">Pas de temps de s\u00e9chage<\/td>\n<td>\u2713<\/td>\n<td>X<\/td>\n<\/tr>\n<\/tbody>\n<\/table>\n<p><\/div>\n<div id=\"6-link-383\" class=\"sh-link 6-link sh-hide\"><a href=\"#\" onclick=\"showhide_toggle('6', 383, 'Peut-on utiliser les B\u00e2tonnets de retouche Secret du M\u00e9tier sur le Formica ou les surfaces de plastique?', 'Peut-on utiliser les B\u00e2tonnets de retouche Secret du M\u00e9tier sur le Formica ou les surfaces de plastique?'); return false;\" aria-expanded=\"false\"><span id=\"6-toggle-383\">Peut-on utiliser les B\u00e2tonnets de retouche Secret du M\u00e9tier sur le Formica ou les surfaces de plastique?<\/span><\/a><\/div><div id=\"6-content-383\" class=\"sh-content 6-content sh-hide\" style=\"display: none;\"><\/p>\n<p>Oui. Les B\u00e2tonnets de retouche peuvent \u00eatre utilis\u00e9s sur presque toutes les surfaces.<\/p>\n<p><\/div>\n<div id=\"7-link-383\" class=\"sh-link 7-link sh-hide\"><a href=\"#\" onclick=\"showhide_toggle('7', 383, 'Quel est le meilleur fa\u00e7on d\u2019enlever un r\u00e9paration fait avec les b\u00e2tonnets de retouche Secret du M\u00e9tier?', ' Quel est le meilleur fa\u00e7on d\u2019enlever un r\u00e9paration fait avec les b\u00e2tonnets de retouche Secret du M\u00e9tier '); return false;\" aria-expanded=\"false\"><span id=\"7-toggle-383\">Quel est le meilleur fa\u00e7on d\u2019enlever un r\u00e9paration fait avec les b\u00e2tonnets de retouche Secret du M\u00e9tier?<\/span><\/a><\/div><div id=\"7-content-383\" class=\"sh-content 7-content sh-hide\" style=\"display: none;\"><\/p>\n<p>Dans la plupart des situations, les r\u00e9parations effectuer avec les b\u00e2tonnets de retouche pourraient \u00eatre enlever avec des spatules rigides en plastique ou m\u00eame une surface comme le bord d\u2019une carte de cr\u00e9dit.\u00a0 Pour enlever le r\u00e9sidu en surplus, des produits comme les essences min\u00e9rales pourraient \u00eatre employer en conjonction des abrasives fins (e.g. Scotch Brite ou Gomme Magique).\u00a0 C\u2019est important de toujours tester dans un endroit inaper\u00e7u avant d\u2019utiliser pour \u00e9viter des dommages sur des finis qui sont d\u00e9j\u00e0 compromis.<\/p>\n<p><\/div>\n\n","protected":false},"excerpt":{"rendered":"","protected":false},"author":1,"featured_media":0,"parent":0,"menu_order":0,"comment_status":"closed","ping_status":"closed","template":"","meta":{"footnotes":""},"class_list":["post-383","page","type-page","status-publish","hentry"],"_links":{"self":[{"href":"https:\/\/tradesecret.ca\/fr\/wp-json\/wp\/v2\/pages\/383","targetHints":{"allow":["GET"]}}],"collection":[{"href":"https:\/\/tradesecret.ca\/fr\/wp-json\/wp\/v2\/pages"}],"about":[{"href":"https:\/\/tradesecret.ca\/fr\/wp-json\/wp\/v2\/types\/page"}],"author":[{"embeddable":true,"href":"https:\/\/tradesecret.ca\/fr\/wp-json\/wp\/v2\/users\/1"}],"replies":[{"embeddable":true,"href":"https:\/\/tradesecret.ca\/fr\/wp-json\/wp\/v2\/comments?post=383"}],"version-history":[{"count":8,"href":"https:\/\/tradesecret.ca\/fr\/wp-json\/wp\/v2\/pages\/383\/revisions"}],"predecessor-version":[{"id":1667,"href":"https:\/\/tradesecret.ca\/fr\/wp-json\/wp\/v2\/pages\/383\/revisions\/1667"}],"wp:attachment":[{"href":"https:\/\/tradesecret.ca\/fr\/wp-json\/wp\/v2\/media?parent=383"}],"curies":[{"name":"wp","href":"https:\/\/api.w.org\/{rel}","templated":true}]}}