{"id":381,"date":"2016-04-04T23:03:39","date_gmt":"2016-04-04T23:03:39","guid":{"rendered":"https:\/\/tradesecret.ca\/?page_id=381&#038;lang=fr"},"modified":"2023-05-17T11:14:05","modified_gmt":"2023-05-17T11:14:05","slug":"foire-aux-questions-marqueurs-de-retouche","status":"publish","type":"page","link":"https:\/\/tradesecret.ca\/fr\/foire-aux-questions-marqueurs-de-retouche\/","title":{"rendered":"Foire aux questions &#8211; Marqueurs de retouche"},"content":{"rendered":"<div id=\"1-link-381\" class=\"sh-link 1-link sh-hide\"><a href=\"#\" onclick=\"showhide_toggle('1', 381, 'Qu\\'est-ce qu\\'il y a de si diff\u00e9rent dans les Marqueurs de retouche Secret du M\u00e9tier&lt;sup&gt;MD&lt;\/sup&gt;?', 'Qu\\'est-ce qu\\'il y a de si diff\u00e9rent dans les Marqueurs de retouche Secret du M\u00e9tier&lt;sup&gt;MD&lt;\/sup&gt;?'); return false;\" aria-expanded=\"false\"><span id=\"1-toggle-381\">Qu&#039;est-ce qu&#039;il y a de si diff\u00e9rent dans les Marqueurs de retouche Secret du M\u00e9tier&lt;sup&gt;MD&lt;\/sup&gt;?<\/span><\/a><\/div><div id=\"1-content-381\" class=\"sh-content 1-content sh-hide\" style=\"display: none;\"> <\/p>\n<p>Notre formulation \u00e0 faible odeur ne contient pas de toluol ou de MEK, des produits chimiques dangereux utilis\u00e9s dans d&rsquo;autres marqueurs. La couleur du m\u00e9lange alcool-r\u00e9sines Secret du M\u00e9tier ne s&rsquo;alt\u00e8re pas lorsqu&rsquo;il est expos\u00e9 \u00e0 la lumi\u00e8re. De plus, il ne s&rsquo;agit pas de marqueurs \u00e0 pompe qui laissent des cercles ou des halos difficiles \u00e0 \u00e9liminer sur le fini. La pointe fine permet d&rsquo;effectuer des retouches en lignes fines ou de simuler le grain du bois, tandis que le bout large du marqueur convient parfaitement aux surfaces plus \u00e9tendues. <\/p>\n<p><\/div>\n<div id=\"2-link-381\" class=\"sh-link 2-link sh-hide\"><a href=\"#\" onclick=\"showhide_toggle('2', 381, 'Est-ce que je peux appliquer un Marqueur de retouche Secret du M\u00e9tier par-dessus les B\u00e2tonnets de retouche, Efface \u00e9raflures ou polis?', 'Est-ce que je peux appliquer un Marqueur de retouche Secret du M\u00e9tier par-dessus les B\u00e2tonnets de retouche, Efface \u00e9raflures ou polis?'); return false;\" aria-expanded=\"false\"><span id=\"2-toggle-381\">Est-ce que je peux appliquer un Marqueur de retouche Secret du M\u00e9tier par-dessus les B\u00e2tonnets de retouche, Efface \u00e9raflures ou polis?<\/span><\/a><\/div><div id=\"2-content-381\" class=\"sh-content 2-content sh-hide\" style=\"display: none;\"><\/p>\n<p>Oui. Les Marqueurs de retouche peuvent \u00eatre utilis\u00e9s des mois ou m\u00eame des ann\u00e9es apr\u00e8s que le dommage soit survenu. Il n&rsquo;y a aucun probl\u00e8me \u00e0 appliquer ces marqueurs sur d&rsquo;autres produits Secret du M\u00e9tier. Pour un meilleur r\u00e9sultat, assurez-vous que la surface est propre et s\u00e8che.<\/p>\n<p><\/div>\n<div id=\"3-link-381\" class=\"sh-link 3-link sh-hide\"><a href=\"#\" onclick=\"showhide_toggle('3', 381, 'Comment utilise-t-on les Marqueurs de retouche Secret du M\u00e9tier?', 'Comment utilise-t-on les Marqueurs de retouche Secret du M\u00e9tier?'); return false;\" aria-expanded=\"false\"><span id=\"3-toggle-381\">Comment utilise-t-on les Marqueurs de retouche Secret du M\u00e9tier?<\/span><\/a><\/div><div id=\"3-content-381\" class=\"sh-content 3-content sh-hide\" style=\"display: none;\"><\/p>\n<p>Assurez-vous que la surface \u00e0 r\u00e9parer est propre et s\u00e8che. Appliquer le marqueur et essuyer rapidement avec un chiffon propre pour enlever le surplus de pigment. Si la couleur n&rsquo;est pas assez fonc\u00e9e, des applications r\u00e9p\u00e9t\u00e9es assombriront la r\u00e9paration. Laissez s\u00e9cher.<\/p>\n<p><\/div>\n<div id=\"4-link-381\" class=\"sh-link 4-link sh-hide\"><a href=\"#\" onclick=\"showhide_toggle('4', 381, 'Est-il possible de changer le lustre du Fini Pro Cristallin Secret du M\u00e9tier?', 'Est-il possible de changer le lustre du Fini Pro Cristallin Secret du M\u00e9tier?'); return false;\" aria-expanded=\"false\"><span id=\"4-toggle-381\">Est-il possible de changer le lustre du Fini Pro Cristallin Secret du M\u00e9tier?<\/span><\/a><\/div><div id=\"4-content-381\" class=\"sh-content 4-content sh-hide\" style=\"display: none;\"><\/p>\n<p>Oui. Le Fini cristallin s\u00e8che normalement en donnant un fini semi-lustr\u00e9. Attention : le fini doit \u00eatre parfaitement sec (24 heures). Allez-y prudemment et examinez la surface apr\u00e8s l&rsquo;avoir frott\u00e9e \u00e0 quelques reprises. R\u00e9p\u00e9tez au besoin. Un polissage avec un chiffon propre rehaussera le lustre, tandis qu&rsquo;un l\u00e9ger pon\u00e7age avec du papier sabl\u00e9 de grain 280+ rendra le fini plus mat.<\/p>\n<p><\/div>\n<div id=\"5-link-381\" class=\"sh-link 5-link sh-hide\"><a href=\"#\" onclick=\"showhide_toggle('5', 381, 'Au secours! J\\'applique un marqueur et la couleur ne colle pas. Que faire?', 'Au secours! J\\'applique un marqueur et la couleur ne colle pas. Que faire?'); return false;\" aria-expanded=\"false\"><span id=\"5-toggle-381\">Au secours! J&#039;applique un marqueur et la couleur ne colle pas. Que faire?<\/span><\/a><\/div><div id=\"5-content-381\" class=\"sh-content 5-content sh-hide\" style=\"display: none;\"><\/p>\n<p>Dans certains cas, le grain du bois est si serr\u00e9 que le pigment du marqueur n&rsquo;adh\u00e8re pas au bois. Ceci arrive parfois avec le cerisier et des bois provenant d&rsquo;ailleurs qu&rsquo;en Am\u00e9rique du Nord. Si c&rsquo;est le cas, vous devriez communiquer avec un sp\u00e9cialiste de la r\u00e9paration du bois de votre r\u00e9gion, car la r\u00e9paration peut \u00eatre consid\u00e9rablement plus complexe.<\/p>\n<p><\/div>\n<div id=\"6-link-381\" class=\"sh-link 6-link sh-hide\"><a href=\"#\" onclick=\"showhide_toggle('6', 381, 'Ce qui fait que les Marqueurs de retouche Secret du M\u00e9tier  sont meilleur que la concurrence?', 'Ce qui fait que les Marqueurs de retouche Secret du M\u00e9tier sont meilleur que la concurrence?'); return false;\" aria-expanded=\"false\"><span id=\"6-toggle-381\">Ce qui fait que les Marqueurs de retouche Secret du M\u00e9tier  sont meilleur que la concurrence?<\/span><\/a><\/div><div id=\"6-content-381\" class=\"sh-content 6-content sh-hide\" style=\"display: none;\"><\/p>\n<p>On nous demande souvent ce qui rend nos marqueurs de retouche meilleur que la concurrence. Eh bien, pour commencer nos marqueurs utilisent une base d&rsquo;alcool \/ r\u00e9sine. Cela permet une meilleure adh\u00e9rence de la teinture sur de nombreuses surfaces diff\u00e9rentes, y compris le bois nu, bois finis et m\u00eame en plastique stratifi\u00e9. En outre, ils n&rsquo;ont pas besoin d&rsquo;\u00eatre recouvert pour \u00eatre r\u00e9sistant. Les produits de nos concurrents sont souvent des teintures liquides dans une coque avec un distributeur \u00e0 pompe (en laissant souvent difficiles \u00e0 enlever cernes sur vos meubles), alors que les n\u00f4tres sont des marqueurs capillaires qui offrent l&rsquo;application du produit uniforme, sans la mise en commun du liquide. Nos marqueurs de retouche sont \u00e9galement marqu\u00e9s avec des bandes indicatrices faciles \u00e0 identifier couleur vous permettant de choisir la bonne couleur \u00e0 chaque fois. Les marqueurs de nos concurrents ont des noms de couleurs obscures (ce qui est \u00ab\u00a0colonial\u00a0\u00bb de toute fa\u00e7on?). Par ailleurs, nos marqueurs offrent 9 teintes par paquet comme chaque marqueur offre jusqu&rsquo;\u00e0 3 teintes diff\u00e9rentes. Nos comp\u00e9titions marqueurs offrent seulement 1.<\/p>\n<table class=\"gridtable\">\n<tr>\n<th><\/th>\n<th>Secret du M\u00e9tier<\/th>\n<th>Concurrents principaux<\/th>\n<\/tr>\n<tr>\n<td class=\"leftcol\">Format trio<\/td>\n<td class=\"rightcol\">&#x2713;<\/td>\n<td class=\"rightcol\">X<\/td>\n<\/tr>\n<tr>\n<td class=\"leftcol\">S\u00e9chage rapide<\/td>\n<td>&#x2713;<\/td>\n<td>X<\/td>\n<\/tr>\n<tr>\n<td class=\"leftcol\">Bande d&rsquo;identification de couleur<\/td>\n<td>&#x2713;<\/td>\n<td>X<\/td>\n<\/tr>\n<tr>\n<td class=\"leftcol\">Facilement m\u00e9lang\u00e9es<\/td>\n<td>&#x2713;<\/td>\n<td>X<\/td>\n<\/tr>\n<tr>\n<td class=\"leftcol\">Application liquide<\/td>\n<td>X<\/td>\n<td>&#x2713;<\/td>\n<\/tr>\n<tr>\n<td class=\"leftcol\">Teinture a base de r\u00e9sine<\/td>\n<td>&#x2713;<\/td>\n<td>X<\/td>\n<\/tr>\n<tr>\n<td class=\"leftcol\">Utilisez par des manufacturiers<\/td>\n<td>&#x2713;<\/td>\n<td>X<\/td>\n<\/tr>\n<tr>\n<td class=\"leftcol\">Peut-\u00eatre utilisez sur le bois nu ou finis<\/td>\n<td>&#x2713;<\/td>\n<td>&#x2713;<\/td>\n<\/tr>\n<\/table>\n<p><\/div>\n\n","protected":false},"excerpt":{"rendered":"","protected":false},"author":1,"featured_media":0,"parent":0,"menu_order":0,"comment_status":"closed","ping_status":"closed","template":"","meta":{"footnotes":""},"class_list":["post-381","page","type-page","status-publish","hentry"],"_links":{"self":[{"href":"https:\/\/tradesecret.ca\/fr\/wp-json\/wp\/v2\/pages\/381","targetHints":{"allow":["GET"]}}],"collection":[{"href":"https:\/\/tradesecret.ca\/fr\/wp-json\/wp\/v2\/pages"}],"about":[{"href":"https:\/\/tradesecret.ca\/fr\/wp-json\/wp\/v2\/types\/page"}],"author":[{"embeddable":true,"href":"https:\/\/tradesecret.ca\/fr\/wp-json\/wp\/v2\/users\/1"}],"replies":[{"embeddable":true,"href":"https:\/\/tradesecret.ca\/fr\/wp-json\/wp\/v2\/comments?post=381"}],"version-history":[{"count":5,"href":"https:\/\/tradesecret.ca\/fr\/wp-json\/wp\/v2\/pages\/381\/revisions"}],"predecessor-version":[{"id":1663,"href":"https:\/\/tradesecret.ca\/fr\/wp-json\/wp\/v2\/pages\/381\/revisions\/1663"}],"wp:attachment":[{"href":"https:\/\/tradesecret.ca\/fr\/wp-json\/wp\/v2\/media?parent=381"}],"curies":[{"name":"wp","href":"https:\/\/api.w.org\/{rel}","templated":true}]}}