{"id":372,"date":"2016-04-04T22:44:10","date_gmt":"2016-04-04T22:44:10","guid":{"rendered":"https:\/\/tradesecret.ca\/?page_id=372&#038;lang=fr"},"modified":"2023-05-17T11:18:31","modified_gmt":"2023-05-17T11:18:31","slug":"foire-aux-questions-poli-et-nettoyer-pour-acier-inoxydable","status":"publish","type":"page","link":"https:\/\/tradesecret.ca\/fr\/foire-aux-questions-poli-et-nettoyer-pour-acier-inoxydable\/","title":{"rendered":"Foire aux questions &#8211; poli et nettoyer pour acier inoxydable"},"content":{"rendered":"<div id=\"1-link-372\" class=\"sh-link 1-link sh-hide\"><a href=\"#\" onclick=\"showhide_toggle('1', 372, '\u00c0 quelle fr\u00e9quence puis-je utiliser le Poli et nettoyeur pour acier inoxydable Secret du M\u00e9tier&lt;sup&gt;MD&lt;\/sup&gt;?', 'Hide Press Release (50 Less Words)'); return false;\" aria-expanded=\"false\"><span id=\"1-toggle-372\">\u00c0 quelle fr\u00e9quence puis-je utiliser le Poli et nettoyeur pour acier inoxydable Secret du M\u00e9tier&lt;sup&gt;MD&lt;\/sup&gt;?<\/span><\/a><\/div><div id=\"1-content-372\" class=\"sh-content 1-content sh-hide\" style=\"display: none;\"> <\/p>\n<p>Aussi souvent que vous le voulez. Le Poli pour acier inoxydable Secret du M\u00e9tier ne contient pas de cire, d&rsquo;acides ni de silicones et n&rsquo;endommagera pas l&rsquo;acier inoxydable. Il n&rsquo;y aura pas d&rsquo;accumulation de cire jaun\u00e2tre. Mais n&rsquo;oubliez pas qu&rsquo;il en faut peu pour avoir un bon effet. <\/p>\n<p><\/div>\n<div id=\"2-link-372\" class=\"sh-link 2-link sh-hide\"><a href=\"#\" onclick=\"showhide_toggle('2', 372, 'Pourquoi le Poli et nettoyeur pour acier inoxydable Secret du M\u00e9tier est-il meilleur que les autres nettoyants et polis?', 'Pourquoi le Poli et nettoyeur pour acier inoxydable Secret du M\u00e9tier est-il meilleur que les autres nettoyants et polis?'); return false;\" aria-expanded=\"false\"><span id=\"2-toggle-372\">Pourquoi le Poli et nettoyeur pour acier inoxydable Secret du M\u00e9tier est-il meilleur que les autres nettoyants et polis?<\/span><\/a><\/div><div id=\"2-content-372\" class=\"sh-content 2-content sh-hide\" style=\"display: none;\"><\/p>\n<p>C&rsquo;est tout simple. Vous dites adieu aux traces de doigts! Ce poli et nettoyeur d&rsquo;usage quotidien est g\u00e9nial si vous avez des enfants qui laissent \u00e0 tout bout de champ des traces \u00e9nervantes sur le frigo! Elles s&rsquo;effacent facilement et les prochaines seront moins \u00e9videntes. <\/p>\n<p>Ce produit ne remplace pas le nettoyage en profondeur requis par l&rsquo;inox; un nettoyeur \u00e0 deux composants convient mieux \u00e0 cette t\u00e2che.<\/p>\n<p><\/div>\n<div id=\"3-link-372\" class=\"sh-link 3-link sh-hide\"><a href=\"#\" onclick=\"showhide_toggle('3', 372, 'Comment utilise-t-on le Poli et nettoyeur pour acier inoxydable Secret du M\u00e9tier?', 'Comment utilise-t-on le Poli et nettoyeur pour acier inoxydable Secret du M\u00e9tier?'); return false;\" aria-expanded=\"false\"><span id=\"3-toggle-372\">Comment utilise-t-on le Poli et nettoyeur pour acier inoxydable Secret du M\u00e9tier?<\/span><\/a><\/div><div id=\"3-content-372\" class=\"sh-content 3-content sh-hide\" style=\"display: none;\"><\/p>\n<p>C&rsquo;est tout simple : versez un peu de Poli et nettoyeur pour acier inoxydable sur un chiffon propre et nettoyez la surface. Essuyez tout surplus sans attendre.  <\/p>\n<p><\/div>\n<div id=\"4-link-372\" class=\"sh-link 4-link sh-hide\"><a href=\"#\" onclick=\"showhide_toggle('4', 372, 'Faut-il porter un masque ou des gants en utilisant le Poli et nettoyeur pour acier inoxydable Secret du M\u00e9tier?', 'Faut-il porter un masque ou des gants en utilisant le Poli et nettoyeur pour acier inoxydable Secret du M\u00e9tier?'); return false;\" aria-expanded=\"false\"><span id=\"4-toggle-372\">Faut-il porter un masque ou des gants en utilisant le Poli et nettoyeur pour acier inoxydable Secret du M\u00e9tier?<\/span><\/a><\/div><div id=\"4-content-372\" class=\"sh-content 4-content sh-hide\" style=\"display: none;\"><\/p>\n<p>Non. Le Poli est tout \u00e0 fait s\u00fbr. Sa formule contient peu de COV (compos\u00e9s organiques volatils). La seule raison pour porter des gants ou un surv\u00eatement quelconque, c&rsquo;est d&rsquo;\u00e9viter de tacher vos v\u00eatements ou les tissus de vos meubles&#8230; Malgr\u00e9 tout, gardez-le hors de port\u00e9e des enfants.<\/p>\n<p><\/div>\n<div id=\"5-link-372\" class=\"sh-link 5-link sh-hide\"><a href=\"#\" onclick=\"showhide_toggle('5', 372, 'Pourquoi le Poli et nettoyeur pour l\\'acier inoxydable Secret du M\u00e9tier est-il meilleur que les autres nettoyants et polis?', 'Pourquoi le Poli et nettoyeur pour l\\'acier inoxydable Secret du M\u00e9tier est-il meilleur que les autres nettoyants et polis?'); return false;\" aria-expanded=\"false\"><span id=\"5-toggle-372\">Pourquoi le Poli et nettoyeur pour l&#039;acier inoxydable Secret du M\u00e9tier est-il meilleur que les autres nettoyants et polis?<\/span><\/a><\/div><div id=\"5-content-372\" class=\"sh-content 5-content sh-hide\" style=\"display: none;\"><\/p>\n<p>On nous demande souvent ce qui fait notre Poli et nettoyeur pour acier inoxydable et meilleur que la concurrence. Notre formule est sans cire, sans acide et sans silicone qui laissera vos r\u00e9frig\u00e9rateurs et lave-vaisselles en acier inoxydable avec un tres belle apparence et rapidement! Les produits de nos concurrents sont g\u00e9n\u00e9ralement des produits de grande nettoyage qui n\u00e9cessite de la laisser s\u00e9cher et en suite le polir. Aussi, notre formulation est doux et ne contient pas de solvants agressifs afin que vous puissiez l&rsquo;utiliser aussi souvent que les empreintes de doigts apparaissent!<\/p>\n<table class=\"gridtable\">\n<tr>\n<th><\/th>\n<th>Secret du M\u00e9tier<\/th>\n<th>Concurrents principaux<\/th>\n<\/tr>\n<tr>\n<td class=\"leftcol\">\u00c0 pH neutre<\/td>\n<td class=\"rightcol\">&#x2713;<\/td>\n<td class=\"rightcol\">X<\/td>\n<\/tr>\n<tr>\n<td class=\"leftcol\">Sans accumulation collantes<\/td>\n<td>&#x2713;<\/td>\n<td>&#x2713;<\/td>\n<\/tr>\n<tr>\n<td class=\"leftcol\">Formule sans cire<\/td>\n<td>&#x2713;<\/td>\n<td>&#x2713;<\/td>\n<\/tr>\n<tr>\n<td class=\"leftcol\">Sans rayures<\/td>\n<td>&#x2713;<\/td>\n<td>X<\/td>\n<\/tr>\n<tr>\n<td class=\"leftcol\">Sans silicone<\/td>\n<td>&#x2713;<\/td>\n<td>X<\/td>\n<\/tr>\n<tr>\n<td class=\"leftcol\">Pas de substances chimiques abrasifs<\/td>\n<td>&#x2713;<\/td>\n<td>X<\/td>\n<\/tr>\n<tr>\n<td class=\"leftcol\">Base en COV<\/td>\n<td>&#x2713;<\/td>\n<td>X<\/td>\n<\/tr>\n<tr>\n<td class=\"leftcol\">A\u00e9rosol<\/td>\n<td>X<\/td>\n<td>&#x2713;<\/td>\n<\/tr>\n<tr>\n<td class=\"leftcol\">Sans odeur<\/td>\n<td>&#x2713;<\/td>\n<td>X<\/td>\n<\/tr>\n<\/table>\n<p><\/div>\n\n","protected":false},"excerpt":{"rendered":"","protected":false},"author":1,"featured_media":0,"parent":0,"menu_order":0,"comment_status":"closed","ping_status":"closed","template":"","meta":{"footnotes":""},"class_list":["post-372","page","type-page","status-publish","hentry"],"_links":{"self":[{"href":"https:\/\/tradesecret.ca\/fr\/wp-json\/wp\/v2\/pages\/372","targetHints":{"allow":["GET"]}}],"collection":[{"href":"https:\/\/tradesecret.ca\/fr\/wp-json\/wp\/v2\/pages"}],"about":[{"href":"https:\/\/tradesecret.ca\/fr\/wp-json\/wp\/v2\/types\/page"}],"author":[{"embeddable":true,"href":"https:\/\/tradesecret.ca\/fr\/wp-json\/wp\/v2\/users\/1"}],"replies":[{"embeddable":true,"href":"https:\/\/tradesecret.ca\/fr\/wp-json\/wp\/v2\/comments?post=372"}],"version-history":[{"count":4,"href":"https:\/\/tradesecret.ca\/fr\/wp-json\/wp\/v2\/pages\/372\/revisions"}],"predecessor-version":[{"id":1689,"href":"https:\/\/tradesecret.ca\/fr\/wp-json\/wp\/v2\/pages\/372\/revisions\/1689"}],"wp:attachment":[{"href":"https:\/\/tradesecret.ca\/fr\/wp-json\/wp\/v2\/media?parent=372"}],"curies":[{"name":"wp","href":"https:\/\/api.w.org\/{rel}","templated":true}]}}