{"id":371,"date":"2016-04-04T22:44:28","date_gmt":"2016-04-04T22:44:28","guid":{"rendered":"https:\/\/tradesecret.ca\/?page_id=371&#038;lang=fr"},"modified":"2023-05-17T11:18:39","modified_gmt":"2023-05-17T11:18:39","slug":"frequently-asked-questions-countertop-polish","status":"publish","type":"page","link":"https:\/\/tradesecret.ca\/fr\/frequently-asked-questions-countertop-polish\/","title":{"rendered":"Foire aux questions &#8211; poli \u00e0 m\u00e9lamine"},"content":{"rendered":"<div id=\"1-link-371\" class=\"sh-link 1-link sh-hide\"><a href=\"#\" onclick=\"showhide_toggle('1', 371, 'Le Poli et nettoyeur \u00e0 m\u00e9lamine Secret du M\u00e9tier&lt;sup&gt;MD&lt;\/sup&gt; s\\'utilise-t-il seulement sur les comptoirs et armoires?', 'Le Poli et nettoyeur \u00e0 m\u00e9lamine Secret du M\u00e9tier&lt;sup&gt;MD&lt;\/sup&gt; s\\'utilise-t-il seulement sur les comptoirs et armoires'); return false;\" aria-expanded=\"false\"><span id=\"1-toggle-371\">Le Poli et nettoyeur \u00e0 m\u00e9lamine Secret du M\u00e9tier&lt;sup&gt;MD&lt;\/sup&gt; s&#039;utilise-t-il seulement sur les comptoirs et armoires?<\/span><\/a><\/div><div id=\"1-content-371\" class=\"sh-content 1-content sh-hide\" style=\"display: none;\"> <\/p>\n<p>Non. Le Poli et nettoyeur \u00e0 m\u00e9lamine peut \u00eatre utilis\u00e9 sur de nombreuses surfaces. On s&rsquo;en sert sur les stratifi\u00e9s de plastique de marque Formica, M\u00e9lamine, Arborite et autres, ainsi que sur les armoires thermoform\u00e9es ou en bois fini, le granit et les autres surfaces de plastique. <\/p>\n<p><\/div>\n<div id=\"2-link-371\" class=\"sh-link 2-link sh-hide\"><a href=\"#\" onclick=\"showhide_toggle('2', 371, '\u00c0 quelle fr\u00e9quence puis-je utiliser le Poli \u00e0 m\u00e9lamine?', ' quelle fr\u00e9quence puis-je utiliser le Poli \u00e0 m\u00e9lamine?'); return false;\" aria-expanded=\"false\"><span id=\"2-toggle-371\">\u00c0 quelle fr\u00e9quence puis-je utiliser le Poli \u00e0 m\u00e9lamine?<\/span><\/a><\/div><div id=\"2-content-371\" class=\"sh-content 2-content sh-hide\" style=\"display: none;\"><\/p>\n<p>Aussi souvent que vous le voulez. Le Poli et nettoyeur \u00e0 m\u00e9lamine Secret du M\u00e9tier ne contient pas de cire, d&rsquo;acides ni de silicones et n&rsquo;endommagera aucune surface. Il n&rsquo;y aura pas d&rsquo;accumulation de cire jaun\u00e2tre&#8230; Mais n&rsquo;oubliez pas qu&rsquo;il en faut peu pour avoir un bon effet. Son pH est neutre et il n&rsquo;endommage pas le marbre ni le granit. <\/p>\n<p><\/div>\n<div id=\"3-link-371\" class=\"sh-link 3-link sh-hide\"><a href=\"#\" onclick=\"showhide_toggle('3', 371, 'Pourquoi le Poli et nettoyeur \u00e0 m\u00e9lamine Secret du M\u00e9tier est-il meilleur que les autres nettoyants et polis?', 'Pourquoi le Poli et nettoyeur \u00e0 m\u00e9lamine Secret du M\u00e9tier est-il meilleur que les autres nettoyants et polis?'); return false;\" aria-expanded=\"false\"><span id=\"3-toggle-371\">Pourquoi le Poli et nettoyeur \u00e0 m\u00e9lamine Secret du M\u00e9tier est-il meilleur que les autres nettoyants et polis?<\/span><\/a><\/div><div id=\"3-content-371\" class=\"sh-content 3-content sh-hide\" style=\"display: none;\"><\/p>\n<p>On nous demande souvent ce qui fait notre Poli et nettoyeur pour m\u00e9lamine meilleur que la concurrence. Notre formule est sans cire, sans acide et sans silicone qui laissera vos comptoirs en belle apparence! Les produits de nos concurrents sont g\u00e9n\u00e9ralement des produits de nettoyage g\u00e9n\u00e9ral qui ont tendance \u00e0 laisser plein de bariolages savonneuse. Aussi notre formulation ne contient pas de produits de nettoyage agressifs, de sorte que vous pouvez l&rsquo;utiliser aussi r\u00e9guli\u00e8rement que vos comptoirs on besoin. Certains des produits de nos concurrents peuvent tacher vos comptoirs et les autres surfaces en plastique. Enfin notre Poli et nettoyeur a m\u00e9lamine est sans odeur et vous permet de s&rsquo;assurer que votre cuisine ne sent pas comme un laboratoire ou d&rsquo;une charrette de concierge. Nos concurrents chargent un environnement d\u00e9j\u00e0 rempli d&rsquo;ar\u00f4me avec encore plus de parfums.<\/p>\n<table class=\"gridtable\">\n<tr>\n<th><\/th>\n<th>Secret du M\u00e9tier<\/th>\n<th>Concurrents principaux<\/th>\n<\/tr>\n<tr>\n<td class=\"leftcol\">\u00c0 pH neutre<\/td>\n<td class=\"rightcol\">&#x2713;<\/td>\n<td class=\"rightcol\">X<\/td>\n<\/tr>\n<tr>\n<td class=\"leftcol\">Sans accumulation collantes<\/td>\n<td>&#x2713;<\/td>\n<td>&#x2713;<\/td>\n<\/tr>\n<tr>\n<td class=\"leftcol\">Formule sans cire<\/td>\n<td>&#x2713;<\/td>\n<td>&#x2713;<\/td>\n<\/tr>\n<tr>\n<td class=\"leftcol\">Sans rayures<\/td>\n<td>&#x2713;<\/td>\n<td>X<\/td>\n<\/tr>\n<tr>\n<td class=\"leftcol\">Sans silicone<\/td>\n<td>&#x2713;<\/td>\n<td>X<\/td>\n<\/tr>\n<tr>\n<td class=\"leftcol\">Pas de substances chimiques abrasifs<\/td>\n<td>&#x2713;<\/td>\n<td>X<\/td>\n<\/tr>\n<tr>\n<td class=\"leftcol\">Base en COV<\/td>\n<td>&#x2713;<\/td>\n<td>X<\/td>\n<\/tr>\n<tr>\n<td class=\"leftcol\">A\u00e9rosol<\/td>\n<td>X<\/td>\n<td>&#x2713;<\/td>\n<\/tr>\n<tr>\n<td class=\"leftcol\">Sans odeur<\/td>\n<td>&#x2713;<\/td>\n<td>X<\/td>\n<\/tr>\n<\/table>\n<p><\/div>\n<div id=\"4-link-371\" class=\"sh-link 4-link sh-hide\"><a href=\"#\" onclick=\"showhide_toggle('4', 371, 'Quel est le probl\u00e8me avec les nettoyants \u00e0 base d\\'huile d\\'orange?', 'Quel est le probl\u00e8me avec les nettoyants \u00e0 base d\\'huile d\\'orange?'); return false;\" aria-expanded=\"false\"><span id=\"4-toggle-371\">Quel est le probl\u00e8me avec les nettoyants \u00e0 base d&#039;huile d&#039;orange?<\/span><\/a><\/div><div id=\"4-content-371\" class=\"sh-content 4-content sh-hide\" style=\"display: none;\"><\/p>\n<p>Ils sentent bon, mais le pigment orange va \u00e9ventuellement donner une teinte orang\u00e9e \u00e0 vos meubles. Ce pigment est passablement agressif et il n&rsquo;y a pas moyen de l&rsquo;enlever une fois que le dommage est fait. Ne prenez pas de risque.  Utilisez le Poli et nettoyeur \u00e0 m\u00e9lamine Secret du M\u00e9tier pour garder vos surfaces propres!<\/p>\n<p><\/div>\n<div id=\"5-link-371\" class=\"sh-link 5-link sh-hide\"><a href=\"#\" onclick=\"showhide_toggle('5', 371, 'Comment utilise-t-on le Poli et nettoyeur \u00e0 m\u00e9lamine Secret du M\u00e9tier?', 'Comment utilise-t-on le Poli et nettoyeur \u00e0 m\u00e9lamine Secret du M\u00e9tier?'); return false;\" aria-expanded=\"false\"><span id=\"5-toggle-371\">Comment utilise-t-on le Poli et nettoyeur \u00e0 m\u00e9lamine Secret du M\u00e9tier?<\/span><\/a><\/div><div id=\"5-content-371\" class=\"sh-content 5-content sh-hide\" style=\"display: none;\"><\/p>\n<p>C&rsquo;est tout simple : versez un peu de Poli et nettoyeur \u00e0 m\u00e9lamine sur un chiffon propre et nettoyez la surface. Essuyez tout surplus sans attendre.<\/p>\n<p><\/div>\n<div id=\"6-link-371\" class=\"sh-link 6-link sh-hide\"><a href=\"#\" onclick=\"showhide_toggle('6', 371, 'Faut-il porter un masque ou des gants en utilisant le Poli et nettoyeur \u00e0 m\u00e9lamine Secret du M\u00e9tier?', 'Faut-il porter un masque ou des gants en utilisant le Poli et nettoyeur \u00e0 m\u00e9lamine Secret du M\u00e9tier?'); return false;\" aria-expanded=\"false\"><span id=\"6-toggle-371\">Faut-il porter un masque ou des gants en utilisant le Poli et nettoyeur \u00e0 m\u00e9lamine Secret du M\u00e9tier?<\/span><\/a><\/div><div id=\"6-content-371\" class=\"sh-content 6-content sh-hide\" style=\"display: none;\"><\/p>\n<p>Non. Le Poli est tout \u00e0 fait s\u00fbr. Sa formule contient peu de COV (compos\u00e9s organiques volatils). La seule raison pour porter des gants ou un surv\u00eatement quelconque, c&rsquo;est d&rsquo;\u00e9viter de tacher vos v\u00eatements ou les tissus de vos meubles&#8230; Malgr\u00e9 tout, gardez-le hors de port\u00e9e des enfants.<\/p>\n<p><\/div>\n<div id=\"7-link-371\" class=\"sh-link 7-link sh-hide\"><a href=\"#\" onclick=\"showhide_toggle('7', 371, 'Le Poli et nettoyeur \u00e0 m\u00e9lamine Secret du M\u00e9tier est-il sans danger pour les enfants ou les animaux?', 'Le Poli et nettoyeur \u00e0 m\u00e9lamine Secret du M\u00e9tier est-il sans danger pour les enfants ou les animaux?'); return false;\" aria-expanded=\"false\"><span id=\"7-toggle-371\">Le Poli et nettoyeur \u00e0 m\u00e9lamine Secret du M\u00e9tier est-il sans danger pour les enfants ou les animaux?<\/span><\/a><\/div><div id=\"7-content-371\" class=\"sh-content 7-content sh-hide\" style=\"display: none;\"><\/p>\n<p>Vous devriez bien s\u00fbr ranger tout produit de nettoyage hors de port\u00e9e des enfants mais une fois sec, le Poli et nettoyeur \u00e0 m\u00e9lamine Secret du M\u00e9tier est absolument sans danger pour les enfants ou les animaux, ou m\u00eame pour la nourriture (car on se doute que vous l&rsquo;utiliserez le plus souvent dans la cuisine).<\/p>\n<p><\/div>\n\n","protected":false},"excerpt":{"rendered":"","protected":false},"author":1,"featured_media":0,"parent":0,"menu_order":0,"comment_status":"closed","ping_status":"closed","template":"","meta":{"footnotes":""},"class_list":["post-371","page","type-page","status-publish","hentry"],"_links":{"self":[{"href":"https:\/\/tradesecret.ca\/fr\/wp-json\/wp\/v2\/pages\/371","targetHints":{"allow":["GET"]}}],"collection":[{"href":"https:\/\/tradesecret.ca\/fr\/wp-json\/wp\/v2\/pages"}],"about":[{"href":"https:\/\/tradesecret.ca\/fr\/wp-json\/wp\/v2\/types\/page"}],"author":[{"embeddable":true,"href":"https:\/\/tradesecret.ca\/fr\/wp-json\/wp\/v2\/users\/1"}],"replies":[{"embeddable":true,"href":"https:\/\/tradesecret.ca\/fr\/wp-json\/wp\/v2\/comments?post=371"}],"version-history":[{"count":6,"href":"https:\/\/tradesecret.ca\/fr\/wp-json\/wp\/v2\/pages\/371\/revisions"}],"predecessor-version":[{"id":1690,"href":"https:\/\/tradesecret.ca\/fr\/wp-json\/wp\/v2\/pages\/371\/revisions\/1690"}],"wp:attachment":[{"href":"https:\/\/tradesecret.ca\/fr\/wp-json\/wp\/v2\/media?parent=371"}],"curies":[{"name":"wp","href":"https:\/\/api.w.org\/{rel}","templated":true}]}}