{"id":364,"date":"2016-04-04T22:11:48","date_gmt":"2016-04-04T22:11:48","guid":{"rendered":"https:\/\/tradesecret.ca\/?page_id=364&#038;lang=fr"},"modified":"2023-05-17T11:14:54","modified_gmt":"2023-05-17T11:14:54","slug":"foire-aux-questions","status":"publish","type":"page","link":"https:\/\/tradesecret.ca\/fr\/foire-aux-questions\/","title":{"rendered":"Foire aux questions"},"content":{"rendered":"<p>Nous avons compil\u00e9 une liste des questions qui nous sont pos\u00e9es le plus souvent. Si vous ne trouvez pas l&rsquo;information ou la solution recherch\u00e9e, ou si vous voulez plus de d\u00e9tails, n&rsquo;h\u00e9sitez pas \u00e0 communiquer avec nous.<\/p>\n<p><a href=\"https:\/\/tradesecret.ca\/?page_id=348&#038;lang=fr\">Efface \u00c9raflures pour Bois<\/a><br \/>\n<a href=\"https:\/\/tradesecret.ca\/?page_id=355&#038;lang=fr\">Poli et nettoyeur \u00e0 meubles<\/a><br \/>\n<a href=\"https:\/\/tradesecret.ca\/?page_id=371&#038;lang=fr\">Poli et nettoyeur \u00e0 m\u00e9lanine<\/a><br \/>\n<a href=\"https:\/\/tradesecret.ca\/?page_id=372&#038;lang=fr\">Poli et nettoyeur  pour acier inoxydable<\/a><\/p>\n<p><a href=\"https:\/\/tradesecret.ca\/?page_id=383&#038;lang=fr\">B\u00e2tonnets de remplissage<\/a><br \/>\n<a href=\"https:\/\/tradesecret.ca\/?page_id=381&#038;lang=fr\">Marqueurs de retouche<\/a><br \/>\n<a href=\"https:\/\/tradesecret.ca\/?page_id=382&#038;lang=fr\">Fini cristalin<\/a><br \/>\n<a href=\"https:\/\/tradesecret.ca\/?page_id=480&#038;lang=fr\">Syst\u00e8me de retouche pour bois<\/a><br \/>\n<a href=\"https:\/\/tradesecret.ca\/?page_id=485&#038;lang=fr\">Syst\u00e8me de retouche pour planchers<\/a><\/p>\n<p><a href=\"https:\/\/tradesecret.ca\/?page_id=489&#038;lang=fr\">Produits pour cuir<\/a><\/p>\n\n","protected":false},"excerpt":{"rendered":"<p>Nous avons compil\u00e9 une liste des questions qui nous sont pos\u00e9es le plus souvent. Si vous ne trouvez pas l&rsquo;information ou la solution recherch\u00e9e, ou si vous voulez plus de d\u00e9tails, n&rsquo;h\u00e9sitez pas \u00e0 communiquer avec nous. Efface \u00c9raflures pour Bois Poli et nettoyeur \u00e0 meubles Poli et nettoyeur \u00e0 m\u00e9lanine Poli et nettoyeur pour &hellip; <a href=\"https:\/\/tradesecret.ca\/fr\/foire-aux-questions\/\" class=\"more-link\">Continuer la lecture<span class=\"screen-reader-text\"> de &laquo;&nbsp;Foire aux questions&nbsp;&raquo;<\/span><\/a><\/p>\n","protected":false},"author":1,"featured_media":0,"parent":0,"menu_order":0,"comment_status":"closed","ping_status":"closed","template":"","meta":{"footnotes":""},"class_list":["post-364","page","type-page","status-publish","hentry"],"_links":{"self":[{"href":"https:\/\/tradesecret.ca\/fr\/wp-json\/wp\/v2\/pages\/364","targetHints":{"allow":["GET"]}}],"collection":[{"href":"https:\/\/tradesecret.ca\/fr\/wp-json\/wp\/v2\/pages"}],"about":[{"href":"https:\/\/tradesecret.ca\/fr\/wp-json\/wp\/v2\/types\/page"}],"author":[{"embeddable":true,"href":"https:\/\/tradesecret.ca\/fr\/wp-json\/wp\/v2\/users\/1"}],"replies":[{"embeddable":true,"href":"https:\/\/tradesecret.ca\/fr\/wp-json\/wp\/v2\/comments?post=364"}],"version-history":[{"count":6,"href":"https:\/\/tradesecret.ca\/fr\/wp-json\/wp\/v2\/pages\/364\/revisions"}],"predecessor-version":[{"id":1668,"href":"https:\/\/tradesecret.ca\/fr\/wp-json\/wp\/v2\/pages\/364\/revisions\/1668"}],"wp:attachment":[{"href":"https:\/\/tradesecret.ca\/fr\/wp-json\/wp\/v2\/media?parent=364"}],"curies":[{"name":"wp","href":"https:\/\/api.w.org\/{rel}","templated":true}]}}