{"id":355,"date":"2016-04-04T19:46:53","date_gmt":"2016-04-04T19:46:53","guid":{"rendered":"https:\/\/tradesecret.ca\/?page_id=355&#038;lang=fr"},"modified":"2023-05-17T11:15:02","modified_gmt":"2023-05-17T11:15:02","slug":"foire-aux-question-poli-et-nettoyeur-a-meubles","status":"publish","type":"page","link":"https:\/\/tradesecret.ca\/fr\/foire-aux-question-poli-et-nettoyeur-a-meubles\/","title":{"rendered":"Foire aux question &#8211; poli et nettoyeur \u00e0 meubles"},"content":{"rendered":"<div id=\"1-link-355\" class=\"sh-link 1-link sh-hide\"><a href=\"#\" onclick=\"showhide_toggle('1', 355, 'Le Poli et nettoyant \u00e0 meubles Secret du M\u00e9tier&lt;sup&gt;MD&lt;\/sup&gt; s\\'utilise-t-il sur tous les genres de bois?', 'Le Poli et nettoyant \u00e0 meubles Secret du M\u00e9tier&lt;sup&gt;MD&lt;\/sup&gt; s\\'utilise-t-il sur tous les genres de bois?'); return false;\" aria-expanded=\"false\"><span id=\"1-toggle-355\">Le Poli et nettoyant \u00e0 meubles Secret du M\u00e9tier&lt;sup&gt;MD&lt;\/sup&gt; s&#039;utilise-t-il sur tous les genres de bois?<\/span><\/a><\/div><div id=\"1-content-355\" class=\"sh-content 1-content sh-hide\" style=\"display: none;\"><\/p>\n<p>Oui, le Poli et nettoyant \u00e0 meubles peut \u00eatre utilis\u00e9 sur n&rsquo;importe quelle surface finie, de l&rsquo;\u00e9rable le plus clair au ch\u00eane et \u00e0 l&rsquo;acajou fonc\u00e9, m\u00eame sur la laque noire.  Le Poli \u00e0 meubles Secret du M\u00e9tier pr\u00e9sente un pH \u00e9quilibr\u00e9 et est compatible avec toutes les couleurs. Dans le cas du bois de teck, nous recommandons cependant l&rsquo;huile de teck.<\/p>\n<p><\/div>\n<div id=\"2-link-355\" class=\"sh-link 2-link sh-hide\"><a href=\"#\" onclick=\"showhide_toggle('2', 355, '\u00c0 quelle fr\u00e9quence puis-je utiliser le Poli \u00e0 meubles?', '\u00c0 quelle fr\u00e9quence puis-je utiliser le Poli \u00e0 meubles?'); return false;\" aria-expanded=\"false\"><span id=\"2-toggle-355\">\u00c0 quelle fr\u00e9quence puis-je utiliser le Poli \u00e0 meubles?<\/span><\/a><\/div><div id=\"2-content-355\" class=\"sh-content 2-content sh-hide\" style=\"display: none;\"><\/p>\n<p>Aussi souvent que vous voulez, particuli\u00e8rement si vous \u00eates de ces personnes qui aiment faire le m\u00e9nage chaque semaine (nos pr\u00e9f\u00e9r\u00e9es!). Le poli et nettoyant \u00e0 meubles Secret du M\u00e9tier ne contient pas de cire, d&rsquo;acide ni de silicone et n&rsquo;endommagera aucune surface. Il n&rsquo;y aura pas d&rsquo;accumulation de cire jaun\u00e2tre&#8230; Mais, n&rsquo;oubliez pas qu&rsquo;il en faut peu pour avoir un bon effet.<\/p>\n<p><\/div>\n<div id=\"3-link-355\" class=\"sh-link 3-link sh-hide\"><a href=\"#\" onclick=\"showhide_toggle('3', 355, 'Pourquoi le Poli \u00e0 meubles Secret du M\u00e9tier est-il meilleur que les autres nettoyants et polis?', 'Pourquoi le Poli \u00e0 meubles Secret du M\u00e9tier est-il meilleur que les autres nettoyants et polis?'); return false;\" aria-expanded=\"false\"><span id=\"3-toggle-355\">Pourquoi le Poli \u00e0 meubles Secret du M\u00e9tier est-il meilleur que les autres nettoyants et polis?<\/span><\/a><\/div><div id=\"3-content-355\" class=\"sh-content 3-content sh-hide\" style=\"display: none;\"><\/p>\n<p>Le Poli et nettoyant \u00e0 meubles Secret du M\u00e9tier ne contient pas d&rsquo;acide, de cire ni de silicone. Pr\u00e9sentes dans presque tous les autres produits d&rsquo;entretien pour le bois, ces substances sont nuisibles pour les meubles. Le Poli \u00e0 meubles Secret du M\u00e9tierpr\u00e9vient les craquelures et le jaunissement, sans laisser d&rsquo;accumulation de cire jaun\u00e2tre. Utilis\u00e9 depuis plusieurs ann\u00e9es par les professionnels de l&rsquo;industrie du meuble, le Poli \u00e0 meubles Secret du M\u00e9tier a obtenu leur approbation.<\/p>\n<p>Les nettoyants pigment\u00e9s (de couleur) peuvent aussi entra\u00eener une d\u00e9coloration de vos finis, particuli\u00e8rement si le meuble se trouve dans une pi\u00e8ce largement ensoleill\u00e9e. Bien que ce probl\u00e8me soit moins prononc\u00e9 sur les meubles fonc\u00e9s, le mobilier de teinte claire peut \u00eatre tach\u00e9 par un poli ou nettoyant pigment\u00e9.<\/p>\n<table class=\"gridtable\">\n<tr>\n<th><\/th>\n<th>Secret du M\u00e9tier<\/th>\n<th>Concurrants principaux<\/th>\n<\/tr>\n<tr>\n<td class=\"leftcol\">\u00c0 pH neutre<\/td>\n<td class=\"rightcol\">&#x2713;<\/td>\n<td class=\"rightcol\">X<\/td>\n<\/tr>\n<tr>\n<td class=\"leftcol\">Pas d&rsquo;accumulation collante<\/td>\n<td>&#x2713;<\/td>\n<td>&#x2713;<\/td>\n<\/tr>\n<tr>\n<td class=\"leftcol\">Formule sans cire<\/td>\n<td>&#x2713;<\/td>\n<td>&#x2713;<\/td>\n<\/tr>\n<tr>\n<td class=\"leftcol\">Sans rayures<\/td>\n<td>&#x2713;<\/td>\n<td>X<\/td>\n<\/tr>\n<tr>\n<td class=\"leftcol\">Sans silicone<\/td>\n<td>&#x2713;<\/td>\n<td>X<\/td>\n<\/tr>\n<tr>\n<td class=\"leftcol\">Pas de produits chimiques abrasifs<\/td>\n<td>&#x2713;<\/td>\n<td>X<\/td>\n<\/tr>\n<tr>\n<td class=\"leftcol\">Base en COV<\/td>\n<td>&#x2713;<\/td>\n<td>X<\/td>\n<\/tr>\n<tr>\n<td class=\"leftcol\">Format a\u00e9rosol<\/td>\n<td>X<\/td>\n<td>&#x2713;<\/td>\n<\/tr>\n<\/table>\n<p><\/div>\n<div id=\"4-link-355\" class=\"sh-link 4-link sh-hide\"><a href=\"#\" onclick=\"showhide_toggle('4', 355, '\u00c0 quoi sert le fini appliqu\u00e9 au bois?', '\u00c0 quoi sert le fini appliqu\u00e9 au bois?'); return false;\" aria-expanded=\"false\"><span id=\"4-toggle-355\">\u00c0 quoi sert le fini appliqu\u00e9 au bois?<\/span><\/a><\/div><div id=\"4-content-355\" class=\"sh-content 4-content sh-hide\" style=\"display: none;\"><\/p>\n<p>\u00c0 embellir. Il y a longtemps qu&rsquo;on a d\u00e9couvert que le bois est plus beau si on le colore avec une teinture. Les premi\u00e8res teintures \u00e9taient faites \u00e0 partir d&rsquo;ingr\u00e9dients v\u00e9g\u00e9taux ou naturels. La technique moderne a cr\u00e9\u00e9 une large palette de couleurs en dispersion dans un solvant ou dans l&rsquo;eau. En plus d&rsquo;\u00eatre color\u00e9, le bois est embelli par une couche protectrice qui en fait ressortir le grain et la profondeur. Une analogie toute simple : une pierre plong\u00e9e dans l&rsquo;eau montre des couleurs magnifiques, mais elle para\u00eet terne quand elle est s\u00e8che.<\/p>\n<p>\u00c0 prot\u00e9ger. Le fini est con\u00e7u pour prot\u00e9ger le bois contre l&rsquo;usure normale due aux \u00e9raflures, aux \u00e9claboussures, \u00e0 la chaleur et autres. Les finis employ\u00e9s le plus couramment sont les laques, gommes laques, vernis, ur\u00e9thanes, polyesters, acryliques et synth\u00e9tiques. Le contact direct d&rsquo;un liquide ou d&rsquo;autres contaminants avec un bois non fini peut entra\u00eener des probl\u00e8mes beaucoup plus difficiles \u00e0 r\u00e9soudre.<\/p>\n<p><\/div>\n<div id=\"5-link-355\" class=\"sh-link 5-link sh-hide\"><a href=\"#\" onclick=\"showhide_toggle('5', 355, '\u00c0 quoi sert un poli et nettoyant \u00e0 meubles?', '\u00c0 quoi sert un poli et nettoyant \u00e0 meubles?'); return false;\" aria-expanded=\"false\"><span id=\"5-toggle-355\">\u00c0 quoi sert un poli et nettoyant \u00e0 meubles?<\/span><\/a><\/div><div id=\"5-content-355\" class=\"sh-content 5-content sh-hide\" style=\"display: none;\"><\/p>\n<p>\u00c0 embellir. On emploie couramment un poli pour rehausser la beaut\u00e9 du bois en polissant et nettoyant la surface, en restaurant son lustre et en lui donnant un aspect plus riche.<br \/>\n\u00c0 prot\u00e9ger. Le poli \u00e0 meubles r\u00e9hydrate le fini et pr\u00e9vient les craquelures caus\u00e9es par la chaleur, une s\u00e9cheresse excessive ou par une transition brusque entre ces deux \u00e9tats.  Le chauffage et la climatisation des maisons, avec les variations saisonni\u00e8res de temp\u00e9rature et d&rsquo;humidit\u00e9, peuvent s\u00e9rieusement affecter un fini non trait\u00e9.  Les polis ont une faible tension superficielle qui am\u00e9liore la r\u00e9sistance aux \u00e9raflures et prot\u00e8ge de l&rsquo;usure normale. De plus, ils laissent sur la surface une pellicule \u00e0 faible masse mol\u00e9culaire (cherchez \u00e7a sur Google) qui prot\u00e8ge des liquides.<br \/>\n<\/div>\n<div id=\"6-link-355\" class=\"sh-link 6-link sh-hide\"><a href=\"#\" onclick=\"showhide_toggle('6', 355, 'Pourquoi un poli \u00e0 meubles devrait-il \u00eatre exempt de silicone?', 'Pourquoi un poli \u00e0 meubles devrait-il \u00eatre exempt de silicone?'); return false;\" aria-expanded=\"false\"><span id=\"6-toggle-355\">Pourquoi un poli \u00e0 meubles devrait-il \u00eatre exempt de silicone?<\/span><\/a><\/div><div id=\"6-content-355\" class=\"sh-content 6-content sh-hide\" style=\"display: none;\"><\/p>\n<p>La principale raison pour laquelle la silicone est un ingr\u00e9dient peu pris\u00e9 dans les nettoyants et polis a trait \u00e0 la remise \u00e0 neuf du fini. Si jamais vous devez retoucher ou r\u00e9nover un meuble de valeur qui a \u00e9t\u00e9 entretenu avec un nettoyant \u00e0 base de silicone, les finis vont in\u00e9vitablement r\u00e9agir et augmenter le co\u00fbt et la dur\u00e9e de tout travail de r\u00e9paration ou de finition.<\/p>\n<p>On rapporte aussi que la silicone aurait, \u00e0 long terme, une action plus agressive sur le fini.  Cependant, le principal probl\u00e8me \u00e0 notre connaissance est que le silicone rendra toute retouche ou remise \u00e0 neuf beaucoup plus difficile et probablement co\u00fbteuse.<\/p>\n<p>Le Poli et nettoyant \u00e0 meubles Secret du M\u00e9tier ne contient pas de silicones ni d&rsquo;acides n\u00e9fastes ; il n&rsquo;est pas abrasif et n&rsquo;affecte pas la couleur de la quincaillerie m\u00e9tallique.<\/p>\n<p><\/div>\n<div id=\"7-link-355\" class=\"sh-link 7-link sh-hide\"><a href=\"#\" onclick=\"showhide_toggle('7', 355, 'Pourquoi pas de l\\'huile de citron ou de la cire en p\u00e2te?', 'Pourquoi pas de l\\'huile de citron ou de la cire en p\u00e2te?'); return false;\" aria-expanded=\"false\"><span id=\"7-toggle-355\">Pourquoi pas de l&#039;huile de citron ou de la cire en p\u00e2te?<\/span><\/a><\/div><div id=\"7-content-355\" class=\"sh-content 7-content sh-hide\" style=\"display: none;\"><\/p>\n<p>Presque tous les meubles modernes sont enduits d&rsquo;un fini qui prot\u00e8ge et embellit le bois. Ce fini prendra un aspect huileux ou trouble s&rsquo;il est poli avec de l&rsquo;huile de citron ou de la cire en p\u00e2te, des produits con\u00e7us \u00e0 l&rsquo;origine pour \u00eatre appliqu\u00e9s sur du bois non fini. L&rsquo;application r\u00e9guli\u00e8re de polis \u00e0 base de cire r\u00e9sultera en l&rsquo;accumulation d&rsquo;une pellicule de cire sur la surface du meuble. Cette accumulation retient la salet\u00e9, la fum\u00e9e et les autres contaminants de l&rsquo;air, en plus d&rsquo;\u00eatre sujette aux tra\u00een\u00e9es.  L&rsquo;utilisation prolong\u00e9e d&rsquo;huile de citron, un solvant passablement agressif, peut ramollir le fini, ce qui entra\u00eenera une refinition on\u00e9reuse. L&rsquo;accumulation de cire durcit et jaunit avec le temps, et elle est difficile \u00e0 enlever. Elle r\u00e9agira aussi quand vous utiliserez un poli sans cire, laissant des tra\u00een\u00e9es et un r\u00e9sidu collant.<\/p>\n<p>Le Poli et nettoyant \u00e0 meubles Secret du M\u00e9tier ne contient pas de cire ni d&rsquo;huile de citron. Il est con\u00e7u pour hydrater et prot\u00e9ger le fini, laissant un lustre plus riche et plus profond, exempt de cire ou de pellicule collante.<\/p>\n<p><\/div>\n<div id=\"8-link-355\" class=\"sh-link 8-link sh-hide\"><a href=\"#\" onclick=\"showhide_toggle('8', 355, 'Comment utilise-t-on le Poli et nettoyant \u00e0 meubles Secret du M\u00e9tier?', 'Comment utilise-t-on le Poli et nettoyant \u00e0 meubles Secret du M\u00e9tier?'); return false;\" aria-expanded=\"false\"><span id=\"8-toggle-355\">Comment utilise-t-on le Poli et nettoyant \u00e0 meubles Secret du M\u00e9tier?<\/span><\/a><\/div><div id=\"8-content-355\" class=\"sh-content 8-content sh-hide\" style=\"display: none;\"><\/p>\n<p>C&rsquo;est tout simple : versez un peu de Poli et nettoyant \u00e0 meubles sur un chiffon propre et nettoyez la surface. Essuyez tout surplus sans attendre. <\/p>\n<p><\/div>\n<div id=\"9-link-355\" class=\"sh-link 9-link sh-hide\"><a href=\"#\" onclick=\"showhide_toggle('9', 355, 'Est-ce que je risque d\\'ab\u00eemer mes meubles avec le Poli et nettoyant \u00e0 meubles Secret du M\u00e9tier?', 'Est-ce que je risque d\\'ab\u00eemer mes meubles avec le Poli et nettoyant \u00e0 meubles Secret du M\u00e9tier?'); return false;\" aria-expanded=\"false\"><span id=\"9-toggle-355\">Est-ce que je risque d&#039;ab\u00eemer mes meubles avec le Poli et nettoyant \u00e0 meubles Secret du M\u00e9tier?<\/span><\/a><\/div><div id=\"9-content-355\" class=\"sh-content 9-content sh-hide\" style=\"display: none;\"><\/p>\n<p>Non. Nos produits ont \u00e9t\u00e9 test\u00e9s et adopt\u00e9s par de grands fabricants de meubles et des \u00e9b\u00e9nistes depuis des ann\u00e9es. Ces produits sont r\u00e9volutionnaires pour les consommateurs, mais les professionnels les connaissent bien. C&rsquo;est pourquoi nous les appelons \u00ab Secret du M\u00e9tier \u00bb. Faites-en l&rsquo;essai ; vous aimerez la diff\u00e9rence. Comme pour tout produit utilis\u00e9 dans la r\u00e9paration, nous vous sugg\u00e9rons de faire d&rsquo;abord un essai sur une partie non expos\u00e9e afin d&rsquo;assurer le meilleur r\u00e9sultat possible.<\/p>\n<p>Cependant, si vous avez utilis\u00e9 un poli \u00e0 base de cire auparavant, il se peut que le fini se voile. Dans la plupart des cas, ce voile va dispara\u00eetre, mais sinon, il suffit d&rsquo;appliquer de nouveau un peu de Poli \u00e0 meubles Secret du M\u00e9tier et de polir la surface. En cas de doute, n&rsquo;h\u00e9sitez pas \u00e0 communiquer avec nous.<\/p>\n<p><\/div>\n<div id=\"10-link-355\" class=\"sh-link 10-link sh-hide\"><a href=\"#\" onclick=\"showhide_toggle('10', 355, 'Faut-il porter un masque ou des gants en utilisant le Poli et nettoyant \u00e0 meubles Secret du M\u00e9tier?', 'Faut-il porter un masque ou des gants en utilisant le Poli et nettoyant \u00e0 meubles Secret du M\u00e9tier?'); return false;\" aria-expanded=\"false\"><span id=\"10-toggle-355\">Faut-il porter un masque ou des gants en utilisant le Poli et nettoyant \u00e0 meubles Secret du M\u00e9tier?<\/span><\/a><\/div><div id=\"10-content-355\" class=\"sh-content 10-content sh-hide\" style=\"display: none;\"><\/p>\n<p>Non, car ce produit est s\u00fbr. Sa formule contient peu de COV (compos\u00e9s organiques volatils). La seule raison pour porter des gants ou un surv\u00eatement quelconque, c&rsquo;est d&rsquo;\u00e9viter de tacher vos v\u00eatements ou les tissus de vos meubles&#8230; Malgr\u00e9 tout, gardez-le hors de port\u00e9e des enfants.<\/p>\n<p><\/div>\n<div id=\"11-link-355\" class=\"sh-link 11-link sh-hide\"><a href=\"#\" onclick=\"showhide_toggle('11', 355, 'Le Poli et nettoyant \u00e0 meubles Secret du M\u00e9tier est-il s\u00fbr pour les enfants ou les animaux?', 'Le Poli et nettoyant \u00e0 meubles Secret du M\u00e9tier est-il s\u00fbr pour les enfants ou les animaux?'); return false;\" aria-expanded=\"false\"><span id=\"11-toggle-355\">Le Poli et nettoyant \u00e0 meubles Secret du M\u00e9tier est-il s\u00fbr pour les enfants ou les animaux?<\/span><\/a><\/div><div id=\"11-content-355\" class=\"sh-content 11-content sh-hide\" style=\"display: none;\"><\/p>\n<p>Vous devriez bien s\u00fbr ranger tout produit de nettoyage hors de port\u00e9e des enfants mais une fois sec, le Poli \u00e0 meubles Secret du M\u00e9tier est absolument sans danger pour les enfants ou les animaux.<\/p>\n<p><\/div>\n<div id=\"12-link-355\" class=\"sh-link 12-link sh-hide\"><a href=\"#\" onclick=\"showhide_toggle('12', 355, 'Peut-on utiliser le Poli et nettoyant \u00e0 meubles Secret du M\u00e9tier sur les placages de bois?', 'Peut-on utiliser le Poli et nettoyant \u00e0 meubles Secret du M\u00e9tier sur les placages de bois?'); return false;\" aria-expanded=\"false\"><span id=\"12-toggle-355\">Peut-on utiliser le Poli et nettoyant \u00e0 meubles Secret du M\u00e9tier sur les placages de bois?<\/span><\/a><\/div><div id=\"12-content-355\" class=\"sh-content 12-content sh-hide\" style=\"display: none;\"><\/p>\n<p>Oui. Le placage est une simple feuille de bois mince coll\u00e9e sur un contreplaqu\u00e9 ou un panneau de particules. Le Poli et nettoyant \u00e0 meubles Secret du M\u00e9tier s&rsquo;utilise aussi bien sur le bois massif que sur les placages.<\/p>\n<p><\/div>\n<div id=\"13-link-355\" class=\"sh-link 13-link sh-hide\"><a href=\"#\" onclick=\"showhide_toggle('13', 355, 'Quel genre de chiffon faut-il utiliser pour appliquer le Poli et nettoyant \u00e0 meubles Secret du M\u00e9tier?', 'Quel genre de chiffon faut-il utiliser pour appliquer le Poli et nettoyant \u00e0 meubles Secret du M\u00e9tier?'); return false;\" aria-expanded=\"false\"><span id=\"13-toggle-355\">Quel genre de chiffon faut-il utiliser pour appliquer le Poli et nettoyant \u00e0 meubles Secret du M\u00e9tier?<\/span><\/a><\/div><div id=\"13-content-355\" class=\"sh-content 13-content sh-hide\" style=\"display: none;\"><\/p>\n<p>\u00c0 peu pr\u00e8s tous les tissus font l&rsquo;affaire, mais vous obtiendrez les meilleurs r\u00e9sultats avec un tissu de absorbant constitu\u00e9 d&rsquo;au moins 65 % de coton, comme un vieux t-shirt. Il est important d&rsquo;utiliser un tissu non color\u00e9 car les encres, d\u00e9calcomanies ou autres pigments peuvent r\u00e9agir avec le produit.  Assurez-vous aussi qu&rsquo;il n&rsquo;y a pas de boutons ou de fermeture \u00e0 glissi\u00e8re susceptibles d&rsquo;ab\u00eemer la surface.<\/p>\n<p><\/div>\n<div id=\"14-link-355\" class=\"sh-link 14-link sh-hide\"><a href=\"#\" onclick=\"showhide_toggle('14', 355, 'Dans quel ordre doit-on utiliser l\\'Efface \u00e9raflures Secret du M\u00e9tier et le Poli et nettoyant \u00e0 meubles Secret du M\u00e9tier?', 'Dans quel ordre doit-on utiliser l\\'Efface \u00e9raflures Secret du M\u00e9tier et le Poli et nettoyant \u00e0 meubles Secret du M\u00e9tier?'); return false;\" aria-expanded=\"false\"><span id=\"14-toggle-355\">Dans quel ordre doit-on utiliser l&#039;Efface \u00e9raflures Secret du M\u00e9tier et le Poli et nettoyant \u00e0 meubles Secret du M\u00e9tier?<\/span><\/a><\/div><div id=\"14-content-355\" class=\"sh-content 14-content sh-hide\" style=\"display: none;\"><\/p>\n<p>Dans la plupart des cas, il est pr\u00e9f\u00e9rable de traiter la surface d&rsquo;abord avec l&rsquo;Efface \u00e9raflures Secret du M\u00e9tier, car celui-ci sert aussi \u00e0 conditionner le fini. Lors du nettoyage suivant, utilisez le Poli et nettoyant \u00e0 meubles Secret du M\u00e9tier.<\/p>\n<p><\/div>\n\n","protected":false},"excerpt":{"rendered":"","protected":false},"author":1,"featured_media":0,"parent":0,"menu_order":0,"comment_status":"closed","ping_status":"closed","template":"","meta":{"footnotes":""},"class_list":["post-355","page","type-page","status-publish","hentry"],"_links":{"self":[{"href":"https:\/\/tradesecret.ca\/fr\/wp-json\/wp\/v2\/pages\/355","targetHints":{"allow":["GET"]}}],"collection":[{"href":"https:\/\/tradesecret.ca\/fr\/wp-json\/wp\/v2\/pages"}],"about":[{"href":"https:\/\/tradesecret.ca\/fr\/wp-json\/wp\/v2\/types\/page"}],"author":[{"embeddable":true,"href":"https:\/\/tradesecret.ca\/fr\/wp-json\/wp\/v2\/users\/1"}],"replies":[{"embeddable":true,"href":"https:\/\/tradesecret.ca\/fr\/wp-json\/wp\/v2\/comments?post=355"}],"version-history":[{"count":5,"href":"https:\/\/tradesecret.ca\/fr\/wp-json\/wp\/v2\/pages\/355\/revisions"}],"predecessor-version":[{"id":1669,"href":"https:\/\/tradesecret.ca\/fr\/wp-json\/wp\/v2\/pages\/355\/revisions\/1669"}],"wp:attachment":[{"href":"https:\/\/tradesecret.ca\/fr\/wp-json\/wp\/v2\/media?parent=355"}],"curies":[{"name":"wp","href":"https:\/\/api.w.org\/{rel}","templated":true}]}}