{"id":307,"date":"2016-03-30T16:17:24","date_gmt":"2016-03-30T16:17:24","guid":{"rendered":"https:\/\/tradesecret.ca\/?page_id=307&#038;lang=fr"},"modified":"2019-08-20T11:44:57","modified_gmt":"2019-08-20T11:44:57","slug":"outdoor-fabric-protector","status":"publish","type":"page","link":"https:\/\/tradesecret.ca\/fr\/outdoor-fabric-protector\/","title":{"rendered":"Protecteur de tissu ext\u00e9rieur"},"content":{"rendered":"<p>[ms_row][ms_column style=\u00a0\u00bb1\/2&Prime; class=\u00a0\u00bb\u00a0\u00bb id=\u00a0\u00bb\u00a0\u00bb]<\/p>\n<p>Prot\u00e9gez vos chaises de jardin, coussins et canap\u00e9s de l&rsquo;humidit\u00e9. Le Protecteur de tissu Patio Oasis<sup>MD<\/sup> est la fa\u00e7on la plus simple et la plus efficace pour ajouter ou restaurer l\u2019imperm\u00e9abilit\u00e9 \u00e0 pratiquement tous les tissus d&rsquo;ext\u00e9rieur. Utilisez-le sur des chaises, coussins, canap\u00e9s, parasols, auvents et autres tissus d&rsquo;ext\u00e9rieur.<\/p>\n<p>Il est facile \u00e0 utiliser; il suffit de vaporiser le tissu et laisser s\u00e9cher pendant 6 heures avant utilisation. Toujours appliquer Le Protecteur de tissu Patio Oasis a l\u2019ext\u00e9rieure, en prenant soin de ne pas respirer la solution.<\/p>\n<p>[\/ms_column]<\/p>\n<p>[ms_column style=\u00a0\u00bb1\/2&Prime; class=\u00a0\u00bb\u00a0\u00bb id=\u00a0\u00bb\u00a0\u00bb]<\/p>\n<style type=\"text\/css\">\n#foogallery-gallery-303 .fg-image { width: 200px; }\n#foogallery-gallery-303 { --fg-gutter: 10px; }<\/style>\n\t\t\t<div class=\"foogallery foogallery-container foogallery-default foogallery-lightbox-foobox fg-center fg-default fg-ready fg-dark fg-border-thin fg-loading-default fg-loaded-fade-in fg-hover-fade fg-hover-zoom\" id=\"foogallery-gallery-303\" data-foogallery=\"{&quot;item&quot;:{&quot;showCaptionTitle&quot;:true,&quot;showCaptionDescription&quot;:false},&quot;lazy&quot;:true}\" style=\"--fg-title-line-clamp: 0; --fg-description-line-clamp: 0;\" >\n\t<div class=\"fg-item fg-type-image fg-idle\"><figure class=\"fg-item-inner\"><a href=\"https:\/\/tradesecret.ca\/wp-content\/uploads\/2016\/03\/686902.png\" data-attachment-id=\"1482\" data-type=\"image\" class=\"fg-thumb\"><span class=\"fg-image-wrap\"><img fetchpriority=\"high\" decoding=\"async\" width=\"200\" height=\"400\" class=\"skip-lazy fg-image\" data-src-fg=\"https:\/\/tradesecret.ca\/wp-content\/uploads\/cache\/2016\/03\/686902\/314645409.png\" src=\"data:image\/svg+xml,%3Csvg%20xmlns%3D%22http%3A%2F%2Fwww.w3.org%2F2000%2Fsvg%22%20width%3D%22200%22%20height%3D%22400%22%20viewBox%3D%220%200%20200%20400%22%3E%3C%2Fsvg%3E\" loading=\"eager\"><\/span><span class=\"fg-image-overlay\"><\/span><\/a><\/figure><div class=\"fg-loader\"><\/div><\/div><\/div>\n\n<p style=\"text-align: center;\">[ms_button style=\u00a0\u00bbline\u00a0\u00bb link=\u00a0\u00bb#ouacheter\u00a0\u00bb size=\u00a0\u00bblarge\u00a0\u00bb shape=\u00a0\u00bb\u00a0\u00bb shadow=\u00a0\u00bbno\u00a0\u00bb block=\u00a0\u00bbno\u00a0\u00bb target=\u00a0\u00bbfoobox\u00a0\u00bb gradient=\u00a0\u00bbno\u00a0\u00bb color=\u00a0\u00bb\u00a0\u00bb  text_color=\u00a0\u00bb#ffffff\u00a0\u00bb icon=\u00a0\u00bb\u00a0\u00bb icon_animation_type=\u00a0\u00bb\u00a0\u00bb border_width=\u00a0\u00bb\u00a0\u00bb class=\u00a0\u00bb\u00a0\u00bb id=\u00a0\u00bb\u00a0\u00bb]O\u00f9 acheter[\/ms_button]<\/p>\n<p>[\/ms_column][\/ms_row]<\/p>\n<div id=\"ouacheter\" style=\"display: none;\">\n<h1>O\u00f9 acheter:<\/h1>\n<p>\n<a href=\"http:\/\/www.canac.ca\/fr\/product\/maison-et-decoration\/entretien-menager\/nettoyants-domestiques\/protecteur-de-tissus-patio-oasis-650-ml_44673.aspx\" target=\"_blank\"><img decoding=\"async\" src=\"\/wp-content\/uploads\/2016\/03\/canac.png\" alt=\"Canac\"\/><\/a><a href=\"http:\/\/www.homehardware.ca\/fr\/\" target=\"_blank\"><img decoding=\"async\" src=\"\/wp-content\/uploads\/2016\/03\/hhlogo.png\" alt=\"Home Hardware\" \/><\/a><\/p>\n<\/div>\n\n","protected":false},"excerpt":{"rendered":"<p>[ms_row][ms_column style=\u00a0\u00bb1\/2&Prime; class=\u00a0\u00bb\u00a0\u00bb id=\u00a0\u00bb\u00a0\u00bb] Prot\u00e9gez vos chaises de jardin, coussins et canap\u00e9s de l&rsquo;humidit\u00e9. Le Protecteur de tissu Patio OasisMD est la fa\u00e7on la plus simple et la plus efficace pour ajouter ou restaurer l\u2019imperm\u00e9abilit\u00e9 \u00e0 pratiquement tous les tissus d&rsquo;ext\u00e9rieur. Utilisez-le sur des chaises, coussins, canap\u00e9s, parasols, auvents et autres tissus d&rsquo;ext\u00e9rieur. Il est &hellip; <a href=\"https:\/\/tradesecret.ca\/fr\/outdoor-fabric-protector\/\" class=\"more-link\">Continuer la lecture<span class=\"screen-reader-text\"> de &laquo;&nbsp;Protecteur de tissu ext\u00e9rieur&nbsp;&raquo;<\/span><\/a><\/p>\n","protected":false},"author":1,"featured_media":0,"parent":0,"menu_order":0,"comment_status":"closed","ping_status":"closed","template":"","meta":{"footnotes":""},"class_list":["post-307","page","type-page","status-publish","hentry"],"_links":{"self":[{"href":"https:\/\/tradesecret.ca\/fr\/wp-json\/wp\/v2\/pages\/307","targetHints":{"allow":["GET"]}}],"collection":[{"href":"https:\/\/tradesecret.ca\/fr\/wp-json\/wp\/v2\/pages"}],"about":[{"href":"https:\/\/tradesecret.ca\/fr\/wp-json\/wp\/v2\/types\/page"}],"author":[{"embeddable":true,"href":"https:\/\/tradesecret.ca\/fr\/wp-json\/wp\/v2\/users\/1"}],"replies":[{"embeddable":true,"href":"https:\/\/tradesecret.ca\/fr\/wp-json\/wp\/v2\/comments?post=307"}],"version-history":[{"count":10,"href":"https:\/\/tradesecret.ca\/fr\/wp-json\/wp\/v2\/pages\/307\/revisions"}],"predecessor-version":[{"id":1201,"href":"https:\/\/tradesecret.ca\/fr\/wp-json\/wp\/v2\/pages\/307\/revisions\/1201"}],"wp:attachment":[{"href":"https:\/\/tradesecret.ca\/fr\/wp-json\/wp\/v2\/media?parent=307"}],"curies":[{"name":"wp","href":"https:\/\/api.w.org\/{rel}","templated":true}]}}