{"id":300,"date":"2016-03-30T16:14:56","date_gmt":"2016-03-30T16:14:56","guid":{"rendered":"https:\/\/tradesecret.ca\/?page_id=300&#038;lang=fr"},"modified":"2019-08-20T11:44:00","modified_gmt":"2019-08-20T11:44:00","slug":"protecteur-pour-meubles-exterieur","status":"publish","type":"page","link":"https:\/\/tradesecret.ca\/fr\/protecteur-pour-meubles-exterieur\/","title":{"rendered":"Protecteur pour meubles ext\u00e9rieur"},"content":{"rendered":"<p>[ms_row][ms_column style=\u00a0\u00bb1\/2&Prime; class=\u00a0\u00bb\u00a0\u00bb id=\u00a0\u00bb\u00a0\u00bb]<\/p>\n<p>\u201cIt looked so much nicer in the store!\u201d<\/p>\n<p>Gardez vos meubles de jardin en beaut\u00e9 gr\u00e2ce \u00e0 notre Protecteur de meubles ext\u00e9rieur Patio Oasis<sup>MD<\/sup>. Facile \u00e0 utiliser et sans danger, le Protecteur de meubles ext\u00e9rieur Patio Oasis cr\u00e9e une fine couche de protection invisible sur les mobiliers ext\u00e9rieurs pour aider \u00e0 les prot\u00e9ger contre la d\u00e9t\u00e9rioration due aux intemp\u00e9ries, en gardant une apparence impeccable saison apr\u00e8s saison. <\/p>\n<p>Id\u00e9al sur les meubles en aluminium, plastique, acier, vinyle, r\u00e9sine, osier, bois, rotin, fibre de verre, PVC, caoutchouc, chrome et plus encore, la formule est biod\u00e9gradable et \u00e0 faible teneur en COV. Facile \u00e0 utiliser, il suffit de vaporiser sur les meubles, essuyer et polir. En plus de d\u00e9gager une odeur agr\u00e9able le Protecteur de meubles ext\u00e9rieur Patio Oasis contient des inhibiteurs d&rsquo;UV qui prot\u00e8ge vos meubles de jardin des rayons destructeurs du soleil.\/p><\/p>\n<p>[\/ms_column]<\/p>\n<p>[ms_column style=\u00a0\u00bb1\/2&Prime; class=\u00a0\u00bb\u00a0\u00bb id=\u00a0\u00bb\u00a0\u00bb]<\/p>\n<style type=\"text\/css\">\n#foogallery-gallery-296 .fg-image { width: 200px; }\n#foogallery-gallery-296 { --fg-gutter: 10px; }<\/style>\n\t\t\t<div class=\"foogallery foogallery-container foogallery-default foogallery-lightbox-foobox fg-center fg-default fg-ready fg-dark fg-border-thin fg-loading-default fg-loaded-fade-in fg-hover-fade fg-hover-zoom\" id=\"foogallery-gallery-296\" data-foogallery=\"{&quot;item&quot;:{&quot;showCaptionTitle&quot;:true,&quot;showCaptionDescription&quot;:false},&quot;lazy&quot;:true}\" style=\"--fg-title-line-clamp: 0; --fg-description-line-clamp: 0;\" >\n\t<div class=\"fg-item fg-type-image fg-idle\"><figure class=\"fg-item-inner\"><a href=\"https:\/\/tradesecret.ca\/wp-content\/uploads\/2016\/03\/686901a.png\" data-attachment-id=\"1480\" data-type=\"image\" class=\"fg-thumb\"><span class=\"fg-image-wrap\"><img fetchpriority=\"high\" decoding=\"async\" width=\"200\" height=\"400\" class=\"skip-lazy fg-image\" data-src-fg=\"https:\/\/tradesecret.ca\/wp-content\/uploads\/cache\/2016\/03\/686901a\/3354418353.png\" src=\"data:image\/svg+xml,%3Csvg%20xmlns%3D%22http%3A%2F%2Fwww.w3.org%2F2000%2Fsvg%22%20width%3D%22200%22%20height%3D%22400%22%20viewBox%3D%220%200%20200%20400%22%3E%3C%2Fsvg%3E\" loading=\"eager\"><\/span><span class=\"fg-image-overlay\"><\/span><\/a><\/figure><div class=\"fg-loader\"><\/div><\/div><\/div>\n\n<p style=\"text-align: center;\">[ms_button style=\u00a0\u00bbline\u00a0\u00bb link=\u00a0\u00bb#wheretobuy\u00a0\u00bb size=\u00a0\u00bblarge\u00a0\u00bb shape=\u00a0\u00bb\u00a0\u00bb shadow=\u00a0\u00bbno\u00a0\u00bb block=\u00a0\u00bbno\u00a0\u00bb target=\u00a0\u00bbfoobox\u00a0\u00bb gradient=\u00a0\u00bbno\u00a0\u00bb color=\u00a0\u00bb\u00a0\u00bb  text_color=\u00a0\u00bb#ffffff\u00a0\u00bb icon=\u00a0\u00bb\u00a0\u00bb icon_animation_type=\u00a0\u00bb\u00a0\u00bb border_width=\u00a0\u00bb\u00a0\u00bb class=\u00a0\u00bb\u00a0\u00bb id=\u00a0\u00bb\u00a0\u00bb]O\u00f9 acheter[\/ms_button]<\/p>\n<p>[\/ms_column][\/ms_row]<\/p>\n<div id=\"wheretobuy\" style=\"display: none;\">\n<h1>O\u00f9 acheter:<\/h1>\n<p>\n<a href=\"http:\/\/www.canac.ca\/fr\/product\/maison-et-decoration\/entretien-menager\/nettoyants-domestiques\/protecteur-de-meubles-exterieurs-patio-oasis-650-ml_44672.aspx\" target=\"_blank\"><img decoding=\"async\" src=\"\/wp-content\/uploads\/2016\/03\/canac.png\" alt=\"Canac\"\/><\/a><a href=\"http:\/\/www.homehardware.ca\/fr\/rec\/index.htm\/Indoor-Living\/Home-Commercial-Cleaning\/Cleaners\/Household\/Specialty\/UV-Ray-Patio-Furniture-Protector\/_\/N-2pqfZ67l\/Ne-67n\/Ntk-All_EN\/R-I4510010?Ntt=Patio+oasis\" target=\"_blank\"><img decoding=\"async\" src=\"\/wp-content\/uploads\/2016\/03\/hhlogo.png\" alt=\"Home Hardware\" \/><\/a>\n<\/p>\n<\/div>\n\n","protected":false},"excerpt":{"rendered":"<p>[ms_row][ms_column style=\u00a0\u00bb1\/2&Prime; class=\u00a0\u00bb\u00a0\u00bb id=\u00a0\u00bb\u00a0\u00bb] \u201cIt looked so much nicer in the store!\u201d Gardez vos meubles de jardin en beaut\u00e9 gr\u00e2ce \u00e0 notre Protecteur de meubles ext\u00e9rieur Patio OasisMD. Facile \u00e0 utiliser et sans danger, le Protecteur de meubles ext\u00e9rieur Patio Oasis cr\u00e9e une fine couche de protection invisible sur les mobiliers ext\u00e9rieurs pour aider \u00e0 &hellip; <a href=\"https:\/\/tradesecret.ca\/fr\/protecteur-pour-meubles-exterieur\/\" class=\"more-link\">Continuer la lecture<span class=\"screen-reader-text\"> de &laquo;&nbsp;Protecteur pour meubles ext\u00e9rieur&nbsp;&raquo;<\/span><\/a><\/p>\n","protected":false},"author":1,"featured_media":0,"parent":0,"menu_order":0,"comment_status":"closed","ping_status":"closed","template":"","meta":{"footnotes":""},"class_list":["post-300","page","type-page","status-publish","hentry"],"_links":{"self":[{"href":"https:\/\/tradesecret.ca\/fr\/wp-json\/wp\/v2\/pages\/300","targetHints":{"allow":["GET"]}}],"collection":[{"href":"https:\/\/tradesecret.ca\/fr\/wp-json\/wp\/v2\/pages"}],"about":[{"href":"https:\/\/tradesecret.ca\/fr\/wp-json\/wp\/v2\/types\/page"}],"author":[{"embeddable":true,"href":"https:\/\/tradesecret.ca\/fr\/wp-json\/wp\/v2\/users\/1"}],"replies":[{"embeddable":true,"href":"https:\/\/tradesecret.ca\/fr\/wp-json\/wp\/v2\/comments?post=300"}],"version-history":[{"count":8,"href":"https:\/\/tradesecret.ca\/fr\/wp-json\/wp\/v2\/pages\/300\/revisions"}],"predecessor-version":[{"id":1199,"href":"https:\/\/tradesecret.ca\/fr\/wp-json\/wp\/v2\/pages\/300\/revisions\/1199"}],"wp:attachment":[{"href":"https:\/\/tradesecret.ca\/fr\/wp-json\/wp\/v2\/media?parent=300"}],"curies":[{"name":"wp","href":"https:\/\/api.w.org\/{rel}","templated":true}]}}