{"id":292,"date":"2016-03-30T16:04:45","date_gmt":"2016-03-30T16:04:45","guid":{"rendered":"https:\/\/tradesecret.ca\/?page_id=292&#038;lang=fr"},"modified":"2023-05-17T11:17:37","modified_gmt":"2023-05-17T11:17:37","slug":"poli-et-nettoyeur-pour-acier-inoxydable","status":"publish","type":"page","link":"https:\/\/tradesecret.ca\/fr\/poli-et-nettoyeur-pour-acier-inoxydable\/","title":{"rendered":"Poli et nettoyeur pour acier inoxydable"},"content":{"rendered":"<p>[ms_row][ms_column style=\u00a0\u00bb1\/2&Prime; class=\u00a0\u00bb\u00a0\u00bb id=\u00a0\u00bb\u00a0\u00bb]<\/p>\n<p>\u00ab C\u2019\u00e9tait plus beau en magasin! \u00bb<\/p>\n<p>C&rsquo;est un refrain commun pour de nombreux propri\u00e9taires d&rsquo;appareils en acier inoxydable. Le fait que le poli et nettoyeur pour acier inoxydable Secret du M\u00e9tier<sup>MD<\/sup> a \u00e9t\u00e9 initialement cr\u00e9\u00e9s pour le personnel des magasins de d\u00e9tail explique pourquoi les gens pourraient se sentir de cette fa\u00e7on. Con\u00e7u pour enlever les traces de doigts et de salet\u00e9s en surface, il est un excellent traitement r\u00e9gulier que vous devez tout simplement vaporiser et essuyer. Pas de temps de s\u00e9chage ou solvants agressifs, juste un \u00e9clat parfait sans bariolage.<\/p>\n<p>Votre cuisine sera comme une salle d&rsquo;exposition &#8230; mais sans les vendeurs arrogants!<\/p>\n<ul style=\"padding-left: 2.5em;\">\n<li>Enl\u00e8ve les empreintes de doigts, les r\u00e9sidus alimentaires, la salet\u00e9 et l&rsquo;accumulation<\/li>\n<li>Ne laisse aucun bariolage<\/li>\n<li>Non abrasif et nettoie sans rayer<\/li>\n<li>Pas de r\u00e9sidu graisseux<\/li>\n<\/ul>\n<p>[\/ms_column]<\/p>\n<p>[ms_column style=\u00a0\u00bb1\/2&Prime; class=\u00a0\u00bb\u00a0\u00bb id=\u00a0\u00bb\u00a0\u00bb]<\/p>\n<style type=\"text\/css\">\n#foogallery-gallery-293 .fg-image { width: 200px; }\n#foogallery-gallery-293 { --fg-gutter: 10px; }<\/style>\n\t\t\t<div class=\"foogallery foogallery-container foogallery-default foogallery-lightbox-foobox fg-center fg-default fg-ready fg-dark fg-border-thin fg-loading-default fg-loaded-fade-in fg-hover-fade fg-hover-zoom\" id=\"foogallery-gallery-293\" data-foogallery=\"{&quot;item&quot;:{&quot;showCaptionTitle&quot;:true,&quot;showCaptionDescription&quot;:false},&quot;lazy&quot;:true}\" style=\"--fg-title-line-clamp: 0; --fg-description-line-clamp: 0;\" >\n\t<div class=\"fg-item fg-type-image fg-idle\"><figure class=\"fg-item-inner\"><a href=\"https:\/\/tradesecret.ca\/wp-content\/uploads\/2016\/03\/686236-Stainless-Fr.png\" data-attachment-id=\"1477\" data-type=\"image\" class=\"fg-thumb\"><span class=\"fg-image-wrap\"><img fetchpriority=\"high\" decoding=\"async\" width=\"200\" height=\"400\" class=\"skip-lazy fg-image\" data-src-fg=\"https:\/\/tradesecret.ca\/wp-content\/uploads\/cache\/2016\/03\/686236-Stainless-Fr\/487197922.png\" src=\"data:image\/svg+xml,%3Csvg%20xmlns%3D%22http%3A%2F%2Fwww.w3.org%2F2000%2Fsvg%22%20width%3D%22200%22%20height%3D%22400%22%20viewBox%3D%220%200%20200%20400%22%3E%3C%2Fsvg%3E\" loading=\"eager\"><\/span><span class=\"fg-image-overlay\"><\/span><\/a><\/figure><div class=\"fg-loader\"><\/div><\/div><\/div>\n\n<p style=\"text-align: center;\">[ms_button style=\u00a0\u00bbline\u00a0\u00bb link=\u00a0\u00bb#ouacheter\u00a0\u00bb size=\u00a0\u00bblarge\u00a0\u00bb shape=\u00a0\u00bb\u00a0\u00bb shadow=\u00a0\u00bbno\u00a0\u00bb block=\u00a0\u00bbno\u00a0\u00bb target=\u00a0\u00bbfoobox\u00a0\u00bb gradient=\u00a0\u00bbno\u00a0\u00bb color=\u00a0\u00bb\u00a0\u00bb  text_color=\u00a0\u00bb#ffffff\u00a0\u00bb icon=\u00a0\u00bb\u00a0\u00bb icon_animation_type=\u00a0\u00bb\u00a0\u00bb border_width=\u00a0\u00bb\u00a0\u00bb class=\u00a0\u00bb\u00a0\u00bb id=\u00a0\u00bb\u00a0\u00bb]O\u00f9 acheter[\/ms_button]<\/p>\n<p>[\/ms_column][\/ms_row]<\/p>\n<div id=\"ouacheter\" style=\"display: none;\">\n<h1>O\u00f9 acheter:<\/h1>\n<p>\n<a href=\"http:\/\/www.bmr.co\/fr\/trouvez-votre-magasin.html\" target=\"_blank\" rel=\"noopener\"><img decoding=\"async\" src=\"\/wp-content\/uploads\/2016\/03\/bmr.png\" alt=\"BMR\"\/><\/a><a href=\"http:\/\/www.patrickmorin.com\/7569-produit-poli-nettoyeur-pour-acier-inoxydable-inodore.html\" target=\"_blank\" rel=\"noopener\"><img decoding=\"async\" src=\"\/wp-content\/uploads\/2016\/04\/pmlogo.png\" alt=\"Patrick Morin\" \/><\/a>\n<\/p>\n<\/div>\n\n","protected":false},"excerpt":{"rendered":"<p>[ms_row][ms_column style=\u00a0\u00bb1\/2&Prime; class=\u00a0\u00bb\u00a0\u00bb id=\u00a0\u00bb\u00a0\u00bb] \u00ab C\u2019\u00e9tait plus beau en magasin! \u00bb C&rsquo;est un refrain commun pour de nombreux propri\u00e9taires d&rsquo;appareils en acier inoxydable. Le fait que le poli et nettoyeur pour acier inoxydable Secret du M\u00e9tierMD a \u00e9t\u00e9 initialement cr\u00e9\u00e9s pour le personnel des magasins de d\u00e9tail explique pourquoi les gens pourraient se sentir de &hellip; <a href=\"https:\/\/tradesecret.ca\/fr\/poli-et-nettoyeur-pour-acier-inoxydable\/\" class=\"more-link\">Continuer la lecture<span class=\"screen-reader-text\"> de &laquo;&nbsp;Poli et nettoyeur pour acier inoxydable&nbsp;&raquo;<\/span><\/a><\/p>\n","protected":false},"author":1,"featured_media":0,"parent":0,"menu_order":0,"comment_status":"closed","ping_status":"closed","template":"","meta":{"footnotes":""},"class_list":["post-292","page","type-page","status-publish","hentry"],"_links":{"self":[{"href":"https:\/\/tradesecret.ca\/fr\/wp-json\/wp\/v2\/pages\/292","targetHints":{"allow":["GET"]}}],"collection":[{"href":"https:\/\/tradesecret.ca\/fr\/wp-json\/wp\/v2\/pages"}],"about":[{"href":"https:\/\/tradesecret.ca\/fr\/wp-json\/wp\/v2\/types\/page"}],"author":[{"embeddable":true,"href":"https:\/\/tradesecret.ca\/fr\/wp-json\/wp\/v2\/users\/1"}],"replies":[{"embeddable":true,"href":"https:\/\/tradesecret.ca\/fr\/wp-json\/wp\/v2\/comments?post=292"}],"version-history":[{"count":6,"href":"https:\/\/tradesecret.ca\/fr\/wp-json\/wp\/v2\/pages\/292\/revisions"}],"predecessor-version":[{"id":1683,"href":"https:\/\/tradesecret.ca\/fr\/wp-json\/wp\/v2\/pages\/292\/revisions\/1683"}],"wp:attachment":[{"href":"https:\/\/tradesecret.ca\/fr\/wp-json\/wp\/v2\/media?parent=292"}],"curies":[{"name":"wp","href":"https:\/\/api.w.org\/{rel}","templated":true}]}}