{"id":283,"date":"2016-03-30T15:57:49","date_gmt":"2016-03-30T15:57:49","guid":{"rendered":"https:\/\/tradesecret.ca\/?page_id=283&#038;lang=fr"},"modified":"2023-05-17T11:17:51","modified_gmt":"2023-05-17T11:17:51","slug":"poli-et-nettoyeur-a-melamine","status":"publish","type":"page","link":"https:\/\/tradesecret.ca\/fr\/poli-et-nettoyeur-a-melamine\/","title":{"rendered":"Poli et nettoyeur \u00e0 m\u00e9lamine"},"content":{"rendered":"<p>[ms_row][ms_column style=\u00a0\u00bb1\/2&Prime; class=\u00a0\u00bb\u00a0\u00bb id=\u00a0\u00bb\u00a0\u00bb]<\/p>\n<p>Voulez-vous conserver vos surfaces de cuisine lumineuses? Bien s\u00fbr, mais comment faites-vous sans nettoyants nocifs, agressifs et sans odeurs d\u00e9plaisantes?<\/p>\n<p>Eh bien, nous n\u2019aurions pas demand\u00e9 si nous n&rsquo;avions pas la solution. Le Poli et Nettoyeur \u00e0 m\u00e9lamine Secret du M\u00e9tier<sup>MD<\/sup> est un traitement sans odeur, sp\u00e9cialement con\u00e7u pour les surfaces en stratifi\u00e9 et en plastique, utilis\u00e9 sur les armoires et les comptoirs de cuisine.<\/p>\n<p>La formule est efficace, sans les solvants agressifs souvent trouv\u00e9s dans les nettoyants pour la cuisine. En fait, plusieurs de ces nettoyants sont color\u00e9s et peuvent m\u00eame transf\u00e9rer cette pigmentation de couleur \u00e0 la surface, ou encore, de nettoyants tr\u00e8s agressifs, qui peuvent annuler la garantie du fabricant. Le Poli et Nettoyeur \u00e0 m\u00e9lamine Secret du M\u00e9tier utilise des huiles l\u00e9g\u00e8res, non-pigment\u00e9es, pour nettoyer les surfaces des empreintes de doigts et l&rsquo;accumulation de gras. Il est si doux que vous pouvez m\u00eame l&rsquo;utiliser tous les jours! Si vous mangez et cuisinez comme nous, vous en avez probablement besoin.<\/p>\n<p>Les comptoirs et armoires n&rsquo;aiment pas les produits chimiques dangereux qui les tachent et les dommagent. Si vous \u00e9tiez un meuble, que diriez-vous?<\/p>\n<ul style=\"padding-left: 2.5em;\">\n<li>Pr\u00e9serve l&rsquo;\u00e9clat naturel<\/li>\n<li>Enl\u00e8ve la salet\u00e9, la poussi\u00e8re, et les empreintes de doigts<\/li>\n<li>Pas de cire ni accumulation collante<\/li>\n<li>Sans silicone<\/li>\n<li>Sans parfum<\/li>\n<\/ul>\n<p>[\/ms_column]<\/p>\n<p>[ms_column style=\u00a0\u00bb1\/2&Prime; class=\u00a0\u00bb\u00a0\u00bb id=\u00a0\u00bb\u00a0\u00bb]<\/p>\n<style type=\"text\/css\">\n#foogallery-gallery-284 .fg-image { width: 120px; }\n#foogallery-gallery-284 { --fg-gutter: 10px; }<\/style>\n\t\t\t<div class=\"foogallery foogallery-container foogallery-default foogallery-lightbox-foobox fg-center fg-default fg-ready fg-dark fg-border-thin fg-loading-default fg-loaded-fade-in fg-hover-fade fg-hover-zoom\" id=\"foogallery-gallery-284\" data-foogallery=\"{&quot;item&quot;:{&quot;showCaptionTitle&quot;:true,&quot;showCaptionDescription&quot;:false},&quot;lazy&quot;:true}\" style=\"--fg-title-line-clamp: 0; --fg-description-line-clamp: 0;\" >\n\t<div class=\"fg-item fg-type-image fg-idle\"><figure class=\"fg-item-inner\"><a href=\"https:\/\/tradesecret.ca\/wp-content\/uploads\/2016\/03\/TS-Kitchen-Polish-2021-FR.png\" data-attachment-id=\"1591\" data-type=\"image\" class=\"fg-thumb\"><span class=\"fg-image-wrap\"><img decoding=\"async\" width=\"120\" height=\"400\" class=\"skip-lazy fg-image\" data-src-fg=\"https:\/\/tradesecret.ca\/wp-content\/uploads\/cache\/2016\/03\/TS-Kitchen-Polish-2021-FR\/747625652.png\" src=\"data:image\/svg+xml,%3Csvg%20xmlns%3D%22http%3A%2F%2Fwww.w3.org%2F2000%2Fsvg%22%20width%3D%22120%22%20height%3D%22400%22%20viewBox%3D%220%200%20120%20400%22%3E%3C%2Fsvg%3E\" loading=\"eager\"><\/span><span class=\"fg-image-overlay\"><\/span><\/a><\/figure><div class=\"fg-loader\"><\/div><\/div><\/div>\n\n<p style=\"text-align: center;\">[ms_button style=\u00a0\u00bbline\u00a0\u00bb link=\u00a0\u00bb#ouacheter\u00a0\u00bb size=\u00a0\u00bblarge\u00a0\u00bb shape=\u00a0\u00bb\u00a0\u00bb shadow=\u00a0\u00bbno\u00a0\u00bb block=\u00a0\u00bbno\u00a0\u00bb target=\u00a0\u00bbfoobox\u00a0\u00bb gradient=\u00a0\u00bbno\u00a0\u00bb color=\u00a0\u00bb\u00a0\u00bb  text_color=\u00a0\u00bb#ffffff\u00a0\u00bb icon=\u00a0\u00bb\u00a0\u00bb icon_animation_type=\u00a0\u00bb\u00a0\u00bb border_width=\u00a0\u00bb\u00a0\u00bb class=\u00a0\u00bb\u00a0\u00bb id=\u00a0\u00bb\u00a0\u00bb]O\u00f9 acheter[\/ms_button]<\/p>\n<p>[\/ms_column][\/ms_row]<\/p>\n<div id=\"ouacheter\" style=\"display: none;\">\n<h1>O\u00f9 acheter:<\/h1>\n<h1>Where to buy:<\/h1>\n<p>\n<a href=\"https:\/\/www.ace-canada.ca\/fr\" target=\"_blank\" rel=\"noopener\"><img decoding=\"async\" src=\"https:\/\/tradesecret.ca\/wp-content\/uploads\/2017\/06\/acecanada.jpg\" alt=\"Ace Canada\"\/><\/a><a href=\"http:\/\/www.bmr.co\/fr\/trouvez-votre-magasin.html\" target=\"_blank\" rel=\"noopener\"><img decoding=\"async\" src=\"\/wp-content\/uploads\/2016\/03\/bmr.png\" alt=\"BMR\"\/><\/a><a href=\"http:\/\/www.canac.ca\/fr\/product\/peinture\/preparation-des-surfaces\/nettoyants-degraissants\/poli-et-nettoyeur-a-melamine-secret-du-metier-236-mlbr-_23065.aspx?unite=001002&amp;sf=ovr%3dtrue%26root%3d857%26categorie%3d1180%252c1185%252c1213%26filterorder%3d0%252c0%252c0%26searchurl%3d%252fafficher8.aspx%253fsearchtype%253d2%2526search%253dsecret%252520du%252520metier%2526langue%253dfr%2526unite%253d001002%2526mgp0%253d%2526display%253d5\" target=\"_blank\" rel=\"noopener\"><img decoding=\"async\" src=\"\/wp-content\/uploads\/2016\/03\/canac.png\" alt=\"Canac\"\/><\/a><a href=\"http:\/\/www.patrickmorin.com\/7531-produit-poli-nettoyeur-a-melamine-inodore.html\" target=\"_blank\" rel=\"noopener\"><img decoding=\"async\" src=\"\/wp-content\/uploads\/2016\/04\/pmlogo.png\" alt=\"Patrick Morin\" \/><\/a><a href=\"http:\/\/www.renodepot.com\/fr\/poli-et-nettoyant-de-melamine-3611006\" target=\"_blank\" rel=\"noopener\"><img decoding=\"async\" src=\"\/wp-content\/uploads\/2016\/04\/rdlogo.png\" alt=\"Reno Depot\" \/><\/a><a href=\"http:\/\/www.dteps.com\/Trade-Secret-Countertop-Polish-8oz_p_477.html\" target=\"_blank\" rel=\"noopener\"><img decoding=\"async\" src=\"\/wp-content\/uploads\/2016\/03\/dtep.png\" alt=\"dtep\" \/><\/a>\n<\/p>\n<\/div>\n\n","protected":false},"excerpt":{"rendered":"<p>[ms_row][ms_column style=\u00a0\u00bb1\/2&Prime; class=\u00a0\u00bb\u00a0\u00bb id=\u00a0\u00bb\u00a0\u00bb] Voulez-vous conserver vos surfaces de cuisine lumineuses? Bien s\u00fbr, mais comment faites-vous sans nettoyants nocifs, agressifs et sans odeurs d\u00e9plaisantes? Eh bien, nous n\u2019aurions pas demand\u00e9 si nous n&rsquo;avions pas la solution. Le Poli et Nettoyeur \u00e0 m\u00e9lamine Secret du M\u00e9tierMD est un traitement sans odeur, sp\u00e9cialement con\u00e7u pour les surfaces &hellip; <a href=\"https:\/\/tradesecret.ca\/fr\/poli-et-nettoyeur-a-melamine\/\" class=\"more-link\">Continuer la lecture<span class=\"screen-reader-text\"> de &laquo;&nbsp;Poli et nettoyeur \u00e0 m\u00e9lamine&nbsp;&raquo;<\/span><\/a><\/p>\n","protected":false},"author":1,"featured_media":0,"parent":0,"menu_order":0,"comment_status":"closed","ping_status":"closed","template":"","meta":{"footnotes":""},"class_list":["post-283","page","type-page","status-publish","hentry"],"_links":{"self":[{"href":"https:\/\/tradesecret.ca\/fr\/wp-json\/wp\/v2\/pages\/283","targetHints":{"allow":["GET"]}}],"collection":[{"href":"https:\/\/tradesecret.ca\/fr\/wp-json\/wp\/v2\/pages"}],"about":[{"href":"https:\/\/tradesecret.ca\/fr\/wp-json\/wp\/v2\/types\/page"}],"author":[{"embeddable":true,"href":"https:\/\/tradesecret.ca\/fr\/wp-json\/wp\/v2\/users\/1"}],"replies":[{"embeddable":true,"href":"https:\/\/tradesecret.ca\/fr\/wp-json\/wp\/v2\/comments?post=283"}],"version-history":[{"count":9,"href":"https:\/\/tradesecret.ca\/fr\/wp-json\/wp\/v2\/pages\/283\/revisions"}],"predecessor-version":[{"id":1685,"href":"https:\/\/tradesecret.ca\/fr\/wp-json\/wp\/v2\/pages\/283\/revisions\/1685"}],"wp:attachment":[{"href":"https:\/\/tradesecret.ca\/fr\/wp-json\/wp\/v2\/media?parent=283"}],"curies":[{"name":"wp","href":"https:\/\/api.w.org\/{rel}","templated":true}]}}