{"id":240,"date":"2016-03-30T13:52:03","date_gmt":"2016-03-30T13:52:03","guid":{"rendered":"https:\/\/tradesecret.ca\/?page_id=240&#038;lang=fr"},"modified":"2025-07-31T22:35:11","modified_gmt":"2025-07-31T22:35:11","slug":"systeme-dentretien-pour-le-cuir","status":"publish","type":"page","link":"https:\/\/tradesecret.ca\/fr\/systeme-dentretien-pour-le-cuir\/","title":{"rendered":"Syst\u00e8me d&rsquo;entretien pour le cuir"},"content":{"rendered":"\n<div class=\"wp-block-columns is-layout-flex wp-container-core-columns-is-layout-1 wp-block-columns-is-layout-flex\">\n<div class=\"wp-block-column is-layout-flow wp-block-column-is-layout-flow\">\n<p>Le cuir est beau, mais quand il s&rsquo;avachit, vous savez qu&rsquo;il a besoin d&rsquo;un s\u00e9rieux nettoyage.<\/p>\n\n\n\n<p>Le Syst\u00e8me d\u2019Entretien pour le Cuir Secret du M\u00e9tier<sup>MD<\/sup> a \u00e9t\u00e9 con\u00e7u en partenariat avec Leather Master SE, reconnus et renomm\u00e9s en produits pour le cuir. Ce syst\u00e8me \u00e0 base d&rsquo;eau, biod\u00e9gradable, contient tout ce dont vous avez besoin pour nettoyer, prot\u00e9ger et entretenir vous meubles en cuir. Le syst\u00e8me comprend un nettoyeur doux pour le cuir et une cr\u00e8me protectrice pour le cuir ainsi qu&rsquo;une \u00e9ponge et un chiffon.<\/p>\n\n\n\n<p>Le Nettoyeur Doux pour le Cuir neutralise et enl\u00e8ve les contaminants tels que la transpiration, les cosm\u00e9tiques et autres produits chimiques qui assombrissent la coloration des meubles en cuir en tachant leur beaut\u00e9. Ce processus de nettoyage simple va maintenir et, dans de nombreux cas, am\u00e9liorer l&rsquo;allure naturelle du cuir sans en changer ni la texture ni la couleur.<\/p>\n\n\n\n<p>La Cr\u00e8me Protectrice pour le Cuir est con\u00e7ue pour cr\u00e9er une barri\u00e8re perm\u00e9able qui prot\u00e8ge le cuir contre l\u2019accumulation de la salet\u00e9, de la transpiration, de la nourriture et des liquides. M\u00eame l&rsquo;abrasion de tous les jours par les v\u00eatements peut endommager le cuir non-prot\u00e9g\u00e9. Par exemple, si vous renversez accidentellement un liquide sur le divan prot\u00e9ger par la Cr\u00e8me Protectrice, elle prot\u00e8gera votre cuir pendant que vous le nettoierez et avant que la tache ne p\u00e9n\u00e8tre le cuir. De plus, dans le kit, vous trouverez le Nettoyeur Doux qui contribuera \u00e0 assurer un nettoyage ad\u00e9quat.<\/p>\n\n\n\n<p>De nos jours, sur le march\u00e9, il existe de nombreux types de cuir qui n\u00e9cessitent des soins tr\u00e8s sp\u00e9cifiques et quelques uns qui sont plus demandant que d\u2019autres. Ne risquez pas l&rsquo;utilisation de produits agressifs con\u00e7us pour d&rsquo;autres applications sur vos meubles en cuir fin ou autre.<\/p>\n\n\n\n<ul class=\"wp-block-list\">\n<li>Prot\u00e8ge contre l\u2019accumulation de salet\u00e9<\/li>\n\n\n\n<li>Prot\u00e8ge contre la transpiration, les cosm\u00e9tiques et autres contaminants<\/li>\n\n\n\n<li>Prot\u00e8ge contre l\u2019abrasion et les d\u00e9g\u00e2ts<\/li>\n\n\n\n<li>Pr\u00e9serve la souplesse<\/li>\n\n\n\n<li>Pr\u00e9vient les craquelures<\/li>\n\n\n\n<li>Peut \u00eatre utiliser avec la plupart des types de cuir (sauf Nubuck et su\u00e8de)<\/li>\n\n\n\n<li>Donner de meilleurs r\u00e9sultats que le produit concurrent populaire<\/li>\n<\/ul>\n\n\n\n<p>Inclus: 1 x bouteille de Nettoyeur doux pour le cuir (250ml) , 1 x bouteille de Cr\u00e8me protectrice pour le cuir, 1 x \u00e9ponge a nettoyer and 1 x chiffon d&rsquo;application.<\/p>\n<\/div>\n\n\n\n<div class=\"wp-block-column is-layout-flow wp-block-column-is-layout-flow\"><style type=\"text\/css\">\n#foogallery-gallery-1241 { --fg-gutter: 10px; }<\/style>\n\t\t\t<div class=\"foogallery foogallery-container foogallery-default foogallery-lightbox-foobox fg-center fg-default fg-ready fg-dark fg-border-thin fg-loading-default fg-loaded-fade-in fg-hover-fade fg-hover-zoom\" id=\"foogallery-gallery-1241\" data-foogallery=\"{&quot;item&quot;:{&quot;showCaptionTitle&quot;:true,&quot;showCaptionDescription&quot;:false},&quot;lazy&quot;:true}\" style=\"--fg-title-line-clamp: 0; --fg-description-line-clamp: 0;\" >\n\t<div class=\"fg-item fg-type-image fg-idle\"><figure class=\"fg-item-inner\"><a href=\"https:\/\/tradesecret.ca\/wp-content\/uploads\/2016\/03\/Leather-Care-System-AllItems-FR.png\" data-attachment-id=\"1571\" data-type=\"image\" class=\"fg-thumb\"><span class=\"fg-image-wrap\"><img fetchpriority=\"high\" decoding=\"async\" height=\"250\" width=\"391\" class=\"skip-lazy fg-image\" data-src-fg=\"https:\/\/tradesecret.ca\/wp-content\/uploads\/cache\/2016\/03\/Leather-Care-System-AllItems-FR\/3408909634.png\" src=\"data:image\/svg+xml,%3Csvg%20xmlns%3D%22http%3A%2F%2Fwww.w3.org%2F2000%2Fsvg%22%20width%3D%22391%22%20height%3D%22250%22%20viewBox%3D%220%200%20391%20250%22%3E%3C%2Fsvg%3E\" loading=\"eager\"><\/span><span class=\"fg-image-overlay\"><\/span><\/a><\/figure><div class=\"fg-loader\"><\/div><\/div><\/div>\n\n<\/div>\n<\/div>\n\n\n\n","protected":false},"excerpt":{"rendered":"<p>Le cuir est beau, mais quand il s&rsquo;avachit, vous savez qu&rsquo;il a besoin d&rsquo;un s\u00e9rieux nettoyage. Le Syst\u00e8me d\u2019Entretien pour le Cuir Secret du M\u00e9tierMD a \u00e9t\u00e9 con\u00e7u en partenariat avec Leather Master SE, reconnus et renomm\u00e9s en produits pour le cuir. Ce syst\u00e8me \u00e0 base d&rsquo;eau, biod\u00e9gradable, contient tout ce dont vous avez besoin &hellip; <a href=\"https:\/\/tradesecret.ca\/fr\/systeme-dentretien-pour-le-cuir\/\" class=\"more-link\">Continuer la lecture<span class=\"screen-reader-text\"> de &laquo;&nbsp;Syst\u00e8me d&rsquo;entretien pour le cuir&nbsp;&raquo;<\/span><\/a><\/p>\n","protected":false},"author":1,"featured_media":0,"parent":0,"menu_order":0,"comment_status":"closed","ping_status":"closed","template":"","meta":{"footnotes":""},"class_list":["post-240","page","type-page","status-publish","hentry"],"_links":{"self":[{"href":"https:\/\/tradesecret.ca\/fr\/wp-json\/wp\/v2\/pages\/240","targetHints":{"allow":["GET"]}}],"collection":[{"href":"https:\/\/tradesecret.ca\/fr\/wp-json\/wp\/v2\/pages"}],"about":[{"href":"https:\/\/tradesecret.ca\/fr\/wp-json\/wp\/v2\/types\/page"}],"author":[{"embeddable":true,"href":"https:\/\/tradesecret.ca\/fr\/wp-json\/wp\/v2\/users\/1"}],"replies":[{"embeddable":true,"href":"https:\/\/tradesecret.ca\/fr\/wp-json\/wp\/v2\/comments?post=240"}],"version-history":[{"count":12,"href":"https:\/\/tradesecret.ca\/fr\/wp-json\/wp\/v2\/pages\/240\/revisions"}],"predecessor-version":[{"id":1779,"href":"https:\/\/tradesecret.ca\/fr\/wp-json\/wp\/v2\/pages\/240\/revisions\/1779"}],"wp:attachment":[{"href":"https:\/\/tradesecret.ca\/fr\/wp-json\/wp\/v2\/media?parent=240"}],"curies":[{"name":"wp","href":"https:\/\/api.w.org\/{rel}","templated":true}]}}