{"id":229,"date":"2016-03-29T22:43:55","date_gmt":"2016-03-29T22:43:55","guid":{"rendered":"https:\/\/tradesecret.ca\/?page_id=229&#038;lang=fr"},"modified":"2025-07-31T22:22:35","modified_gmt":"2025-07-31T22:22:35","slug":"crystal-clear-pro-finish","status":"publish","type":"page","link":"https:\/\/tradesecret.ca\/fr\/crystal-clear-pro-finish\/","title":{"rendered":"Fini Cristallin Pro"},"content":{"rendered":"\n<div class=\"wp-block-columns is-layout-flex wp-container-core-columns-is-layout-1 wp-block-columns-is-layout-flex\">\n<div class=\"wp-block-column is-layout-flow wp-block-column-is-layout-flow\">\n<p>Verni transparent \u00e0 base d\u2019eau pour r\u00e9parer les meubles, les planchers, les armoires et autres surfaces en bois. Sans danger sur tous les meubles! Remplit les \u00e9gratignures et dommages sur les surfaces en bois finis et la plupart des surfaces lamin\u00e9es.Peut \u00eatre utilis\u00e9 afin de restaurer des finis us\u00e9s. \u00c0 base d\u2019eau. Conforme aux normes sur le COV.<\/p>\n\n\n\n<ul class=\"wp-block-list\">\n<li>Sans besoin de d\u00e9caper. S\u00e8che rapidement<\/li>\n\n\n\n<li>Refini les entailles, les \u00e9gratignures et les surfaces us\u00e9es<\/li>\n\n\n\n<li>La r\u00e9paration se fond dans la surface<\/li>\n\n\n\n<li>Permanent et r\u00e9sistant \u00e0 l\u2019usure<\/li>\n\n\n\n<li>Adh\u00e8re \u00e0 la plupart des finis incluant les finis de planchers<\/li>\n\n\n\n<li>Utilisez pour finir et sceller les r\u00e9parations faites avec les b\u00e2tonnets de remplissage, particuli\u00e8rement dans les zones de grand traffic<\/li>\n<\/ul>\n\n\n\n<p>Inclus : 1 x bouteille de Fini Cristallin Pro, 18ml\/0.6 oz.fl.<\/p>\n<\/div>\n\n\n\n<div class=\"wp-block-column is-layout-flow wp-block-column-is-layout-flow\"><style type=\"text\/css\">\n#foogallery-gallery-225 .fg-image { width: 150px; }\n#foogallery-gallery-225 { --fg-gutter: 10px; }<\/style>\n\t\t\t<div class=\"foogallery foogallery-container foogallery-default foogallery-lightbox-foobox fg-center fg-default fg-ready fg-dark fg-border-thin fg-loading-default fg-loaded-fade-in fg-hover-fade fg-hover-zoom\" id=\"foogallery-gallery-225\" data-foogallery=\"{&quot;item&quot;:{&quot;showCaptionTitle&quot;:true,&quot;showCaptionDescription&quot;:false},&quot;lazy&quot;:true}\" style=\"--fg-title-line-clamp: 0; --fg-description-line-clamp: 0;\" >\n\t<div class=\"fg-item fg-type-image fg-idle\"><figure class=\"fg-item-inner\"><a href=\"https:\/\/tradesecret.ca\/wp-content\/uploads\/2016\/03\/CrystalClearProFinish2018.png\" data-attachment-id=\"1560\" data-type=\"image\" class=\"fg-thumb\"><span class=\"fg-image-wrap\"><img decoding=\"async\" width=\"150\" height=\"250\" class=\"skip-lazy fg-image\" data-src-fg=\"https:\/\/tradesecret.ca\/wp-content\/uploads\/cache\/2016\/03\/CrystalClearProFinish2018\/761878364.png\" src=\"data:image\/svg+xml,%3Csvg%20xmlns%3D%22http%3A%2F%2Fwww.w3.org%2F2000%2Fsvg%22%20width%3D%22150%22%20height%3D%22250%22%20viewBox%3D%220%200%20150%20250%22%3E%3C%2Fsvg%3E\" loading=\"eager\"><\/span><span class=\"fg-image-overlay\"><\/span><\/a><\/figure><div class=\"fg-loader\"><\/div><\/div><\/div>\n\n<\/div>\n<\/div>\n\n\n\n","protected":false},"excerpt":{"rendered":"<p>Verni transparent \u00e0 base d\u2019eau pour r\u00e9parer les meubles, les planchers, les armoires et autres surfaces en bois. Sans danger sur tous les meubles! Remplit les \u00e9gratignures et dommages sur les surfaces en bois finis et la plupart des surfaces lamin\u00e9es.Peut \u00eatre utilis\u00e9 afin de restaurer des finis us\u00e9s. \u00c0 base d\u2019eau. Conforme aux normes &hellip; <a href=\"https:\/\/tradesecret.ca\/fr\/crystal-clear-pro-finish\/\" class=\"more-link\">Continuer la lecture<span class=\"screen-reader-text\"> de &laquo;&nbsp;Fini Cristallin Pro&nbsp;&raquo;<\/span><\/a><\/p>\n","protected":false},"author":1,"featured_media":0,"parent":0,"menu_order":0,"comment_status":"closed","ping_status":"closed","template":"","meta":{"footnotes":""},"class_list":["post-229","page","type-page","status-publish","hentry"],"_links":{"self":[{"href":"https:\/\/tradesecret.ca\/fr\/wp-json\/wp\/v2\/pages\/229","targetHints":{"allow":["GET"]}}],"collection":[{"href":"https:\/\/tradesecret.ca\/fr\/wp-json\/wp\/v2\/pages"}],"about":[{"href":"https:\/\/tradesecret.ca\/fr\/wp-json\/wp\/v2\/types\/page"}],"author":[{"embeddable":true,"href":"https:\/\/tradesecret.ca\/fr\/wp-json\/wp\/v2\/users\/1"}],"replies":[{"embeddable":true,"href":"https:\/\/tradesecret.ca\/fr\/wp-json\/wp\/v2\/comments?post=229"}],"version-history":[{"count":12,"href":"https:\/\/tradesecret.ca\/fr\/wp-json\/wp\/v2\/pages\/229\/revisions"}],"predecessor-version":[{"id":1769,"href":"https:\/\/tradesecret.ca\/fr\/wp-json\/wp\/v2\/pages\/229\/revisions\/1769"}],"wp:attachment":[{"href":"https:\/\/tradesecret.ca\/fr\/wp-json\/wp\/v2\/media?parent=229"}],"curies":[{"name":"wp","href":"https:\/\/api.w.org\/{rel}","templated":true}]}}