{"id":198,"date":"2016-03-29T22:01:44","date_gmt":"2016-03-29T22:01:44","guid":{"rendered":"https:\/\/tradesecret.ca\/?page_id=198&#038;lang=fr"},"modified":"2025-07-31T22:16:29","modified_gmt":"2025-07-31T22:16:29","slug":"systeme-de-retouche-pour-le-bois","status":"publish","type":"page","link":"https:\/\/tradesecret.ca\/fr\/systeme-de-retouche-pour-le-bois\/","title":{"rendered":"Syst\u00e8me de retouche pour bois et planchers"},"content":{"rendered":"\n<div class=\"wp-block-columns is-layout-flex wp-container-core-columns-is-layout-1 wp-block-columns-is-layout-flex\">\n<div class=\"wp-block-column is-layout-flow wp-block-column-is-layout-flow\">\n<p>Comment effectuer ad\u00e9quatement une retouche de A \u00e0 Z? Le Syst\u00e8me de retouche pour bois et planchers de Trade SecretMD offre tous les outils n\u00e9cessaires pour la r\u00e9paration des \u00e9raflures et la restauration de couleur.<\/p>\n\n\n\n<p>En combinant les B\u00e2tonnets de remplissage le Marqueur de retouche pro et le Fini pro cristallin dans un ensemble pratique vous pouvez remplir, teindre et finir en tout temps pour une r\u00e9paration parfaite et permanente. L\u2019assortiment de 6 couleurs convient \u00e0 la majorit\u00e9 des couleurs, types de finition et les retouches standards que vous pourriez rencontrer.<\/p>\n\n\n\n<p>Remplissez les entailles profondes et les marques avec les deux tons de B\u00e2tonnets de remplissage et ajustez le ton avec le Marqueur de retouche pro pour un accord parfait. Rendez votre r\u00e9paration permanente en utilisant le Fini pro cristallin \u00e0 base d\u2019eau et bas en COV. Les composants du syst\u00e8me peuvent \u00eatre utilis\u00e9s les uns avec les autres ou seuls selon le travail.<\/p>\n\n\n\n<p>Le Syst\u00e8me de retouche pour bois et planchers contient:<\/p>\n\n\n\n<ul class=\"wp-block-list\">\n<li>Deux b\u00e2tonnets de remplissage en cire pour remplir plusieurs types de dommages.<\/li>\n\n\n\n<li>Un Marqueur de retouche pro pour restaurer la couleur aux zones us\u00e9es ou pour ajuster le ton du b\u00e2tonnet de remplissage.<\/li>\n\n\n\n<li>Un Fini pro cristallin \u00e0 base d\u2019eau pour sceller les r\u00e9parations ou pour utiliser \u00e0 des endroits o\u00f9 il manque un peu de fini.<\/li>\n<\/ul>\n<\/div>\n\n\n\n<div class=\"wp-block-column is-layout-flow wp-block-column-is-layout-flow\"><style type=\"text\/css\">\n#foogallery-gallery-189 .fg-image { width: 175px; }\n#foogallery-gallery-189 { --fg-gutter: 5px; }<\/style>\n\t\t\t<div class=\"foogallery foogallery-container foogallery-default foogallery-lightbox-foobox fg-center fg-default fg-ready fg-dark fg-border-thin fg-loading-default fg-loaded-fade-in fg-hover-fade fg-hover-zoom\" id=\"foogallery-gallery-189\" data-foogallery=\"{&quot;item&quot;:{&quot;showCaptionTitle&quot;:true,&quot;showCaptionDescription&quot;:false},&quot;lazy&quot;:true}\" style=\"--fg-title-line-clamp: 0; --fg-description-line-clamp: 0;\" >\n\t<div class=\"fg-item fg-type-image fg-idle\"><figure class=\"fg-item-inner\"><a href=\"https:\/\/tradesecret.ca\/wp-content\/uploads\/2016\/03\/TS-TUS-Honey-2022.png\" data-attachment-id=\"1616\" data-type=\"image\" class=\"fg-thumb\"><span class=\"fg-image-wrap\"><img fetchpriority=\"high\" decoding=\"async\" width=\"175\" height=\"300\" class=\"skip-lazy fg-image\" data-src-fg=\"https:\/\/tradesecret.ca\/wp-content\/uploads\/cache\/2016\/03\/TS-TUS-Honey-2022\/3975935551.png\" src=\"data:image\/svg+xml,%3Csvg%20xmlns%3D%22http%3A%2F%2Fwww.w3.org%2F2000%2Fsvg%22%20width%3D%22175%22%20height%3D%22300%22%20viewBox%3D%220%200%20175%20300%22%3E%3C%2Fsvg%3E\" loading=\"eager\"><\/span><span class=\"fg-image-overlay\"><\/span><\/a><\/figure><div class=\"fg-loader\"><\/div><\/div><div class=\"fg-item fg-type-image fg-idle\"><figure class=\"fg-item-inner\"><a href=\"https:\/\/tradesecret.ca\/wp-content\/uploads\/2016\/03\/TS-TUS-Light-2022.png\" data-attachment-id=\"1622\" data-type=\"image\" class=\"fg-thumb\"><span class=\"fg-image-wrap\"><img decoding=\"async\" width=\"175\" height=\"300\" class=\"skip-lazy fg-image\" data-src-fg=\"https:\/\/tradesecret.ca\/wp-content\/uploads\/cache\/2016\/03\/TS-TUS-Light-2022\/2274891391.png\" src=\"data:image\/svg+xml,%3Csvg%20xmlns%3D%22http%3A%2F%2Fwww.w3.org%2F2000%2Fsvg%22%20width%3D%22175%22%20height%3D%22300%22%20viewBox%3D%220%200%20175%20300%22%3E%3C%2Fsvg%3E\" loading=\"eager\"><\/span><span class=\"fg-image-overlay\"><\/span><\/a><\/figure><div class=\"fg-loader\"><\/div><\/div><div class=\"fg-item fg-type-image fg-idle\"><figure class=\"fg-item-inner\"><a href=\"https:\/\/tradesecret.ca\/wp-content\/uploads\/2016\/03\/TS-TUS-Medium-2022.png\" data-attachment-id=\"1624\" data-type=\"image\" class=\"fg-thumb\"><span class=\"fg-image-wrap\"><img decoding=\"async\" width=\"175\" height=\"300\" class=\"skip-lazy fg-image\" data-src-fg=\"https:\/\/tradesecret.ca\/wp-content\/uploads\/cache\/2016\/03\/TS-TUS-Medium-2022\/1269639505.png\" src=\"data:image\/svg+xml,%3Csvg%20xmlns%3D%22http%3A%2F%2Fwww.w3.org%2F2000%2Fsvg%22%20width%3D%22175%22%20height%3D%22300%22%20viewBox%3D%220%200%20175%20300%22%3E%3C%2Fsvg%3E\" loading=\"eager\"><\/span><span class=\"fg-image-overlay\"><\/span><\/a><\/figure><div class=\"fg-loader\"><\/div><\/div><div class=\"fg-item fg-type-image fg-idle\"><figure class=\"fg-item-inner\"><a href=\"https:\/\/tradesecret.ca\/wp-content\/uploads\/2016\/03\/TS-TUS-Dark-2022.png\" data-attachment-id=\"1618\" data-type=\"image\" class=\"fg-thumb\"><span class=\"fg-image-wrap\"><img decoding=\"async\" width=\"175\" height=\"300\" class=\"skip-lazy fg-image\" data-src-fg=\"https:\/\/tradesecret.ca\/wp-content\/uploads\/cache\/2016\/03\/TS-TUS-Dark-2022\/3892117910.png\" src=\"data:image\/svg+xml,%3Csvg%20xmlns%3D%22http%3A%2F%2Fwww.w3.org%2F2000%2Fsvg%22%20width%3D%22175%22%20height%3D%22300%22%20viewBox%3D%220%200%20175%20300%22%3E%3C%2Fsvg%3E\" loading=\"eager\"><\/span><span class=\"fg-image-overlay\"><\/span><\/a><\/figure><div class=\"fg-loader\"><\/div><\/div><div class=\"fg-item fg-type-image fg-idle\"><figure class=\"fg-item-inner\"><a href=\"https:\/\/tradesecret.ca\/wp-content\/uploads\/2016\/03\/TS-TUS-Mahogany-2022.png\" data-attachment-id=\"1620\" data-type=\"image\" class=\"fg-thumb\"><span class=\"fg-image-wrap\"><img decoding=\"async\" width=\"175\" height=\"300\" class=\"skip-lazy fg-image\" data-src-fg=\"https:\/\/tradesecret.ca\/wp-content\/uploads\/cache\/2016\/03\/TS-TUS-Mahogany-2022\/4196474894.png\" src=\"data:image\/svg+xml,%3Csvg%20xmlns%3D%22http%3A%2F%2Fwww.w3.org%2F2000%2Fsvg%22%20width%3D%22175%22%20height%3D%22300%22%20viewBox%3D%220%200%20175%20300%22%3E%3C%2Fsvg%3E\" loading=\"eager\"><\/span><span class=\"fg-image-overlay\"><\/span><\/a><\/figure><div class=\"fg-loader\"><\/div><\/div><div class=\"fg-item fg-type-image fg-idle\"><figure class=\"fg-item-inner\"><a href=\"https:\/\/tradesecret.ca\/wp-content\/uploads\/2016\/03\/TS-TUS-Grey-2022.png\" data-attachment-id=\"1626\" data-type=\"image\" class=\"fg-thumb\"><span class=\"fg-image-wrap\"><img decoding=\"async\" width=\"175\" height=\"300\" class=\"skip-lazy fg-image\" data-src-fg=\"https:\/\/tradesecret.ca\/wp-content\/uploads\/cache\/2016\/03\/TS-TUS-Grey-2022\/164815618.png\" src=\"data:image\/svg+xml,%3Csvg%20xmlns%3D%22http%3A%2F%2Fwww.w3.org%2F2000%2Fsvg%22%20width%3D%22175%22%20height%3D%22300%22%20viewBox%3D%220%200%20175%20300%22%3E%3C%2Fsvg%3E\" loading=\"eager\"><\/span><span class=\"fg-image-overlay\"><\/span><\/a><\/figure><div class=\"fg-loader\"><\/div><\/div><\/div>\n\n\n\n\n<figure class=\"wp-block-embed is-type-video is-provider-youtube wp-block-embed-youtube wp-embed-aspect-16-9 wp-has-aspect-ratio\"><div class=\"wp-block-embed__wrapper\">\n<iframe loading=\"lazy\" title=\"Syst\u00e8me de Retouche Secret du M\u00e9tier pour le bois\" width=\"840\" height=\"473\" src=\"https:\/\/www.youtube.com\/embed\/NLi8XmEOGVU?feature=oembed\" frameborder=\"0\" allow=\"accelerometer; autoplay; clipboard-write; encrypted-media; gyroscope; picture-in-picture; web-share\" referrerpolicy=\"strict-origin-when-cross-origin\" allowfullscreen><\/iframe>\n<\/div><\/figure>\n<\/div>\n<\/div>\n\n\n\n","protected":false},"excerpt":{"rendered":"<p>Comment effectuer ad\u00e9quatement une retouche de A \u00e0 Z? Le Syst\u00e8me de retouche pour bois et planchers de Trade SecretMD offre tous les outils n\u00e9cessaires pour la r\u00e9paration des \u00e9raflures et la restauration de couleur. En combinant les B\u00e2tonnets de remplissage le Marqueur de retouche pro et le Fini pro cristallin dans un ensemble pratique &hellip; <a href=\"https:\/\/tradesecret.ca\/fr\/systeme-de-retouche-pour-le-bois\/\" class=\"more-link\">Continuer la lecture<span class=\"screen-reader-text\"> de &laquo;&nbsp;Syst\u00e8me de retouche pour bois et planchers&nbsp;&raquo;<\/span><\/a><\/p>\n","protected":false},"author":1,"featured_media":0,"parent":0,"menu_order":0,"comment_status":"closed","ping_status":"closed","template":"","meta":{"footnotes":""},"class_list":["post-198","page","type-page","status-publish","hentry"],"_links":{"self":[{"href":"https:\/\/tradesecret.ca\/fr\/wp-json\/wp\/v2\/pages\/198","targetHints":{"allow":["GET"]}}],"collection":[{"href":"https:\/\/tradesecret.ca\/fr\/wp-json\/wp\/v2\/pages"}],"about":[{"href":"https:\/\/tradesecret.ca\/fr\/wp-json\/wp\/v2\/types\/page"}],"author":[{"embeddable":true,"href":"https:\/\/tradesecret.ca\/fr\/wp-json\/wp\/v2\/users\/1"}],"replies":[{"embeddable":true,"href":"https:\/\/tradesecret.ca\/fr\/wp-json\/wp\/v2\/comments?post=198"}],"version-history":[{"count":11,"href":"https:\/\/tradesecret.ca\/fr\/wp-json\/wp\/v2\/pages\/198\/revisions"}],"predecessor-version":[{"id":1762,"href":"https:\/\/tradesecret.ca\/fr\/wp-json\/wp\/v2\/pages\/198\/revisions\/1762"}],"wp:attachment":[{"href":"https:\/\/tradesecret.ca\/fr\/wp-json\/wp\/v2\/media?parent=198"}],"curies":[{"name":"wp","href":"https:\/\/api.w.org\/{rel}","templated":true}]}}