{"id":184,"date":"2016-03-29T21:39:14","date_gmt":"2016-03-29T21:39:14","guid":{"rendered":"https:\/\/tradesecret.ca\/?page_id=184&#038;lang=fr"},"modified":"2025-07-31T22:11:37","modified_gmt":"2025-07-31T22:11:37","slug":"batonnets-de-retouche","status":"publish","type":"page","link":"https:\/\/tradesecret.ca\/fr\/batonnets-de-retouche\/","title":{"rendered":"B\u00e2tonnets de retouche"},"content":{"rendered":"\n<div class=\"wp-block-columns is-layout-flex wp-container-core-columns-is-layout-1 wp-block-columns-is-layout-flex\">\n<div class=\"wp-block-column is-layout-flow wp-block-column-is-layout-flow\">\n<p>Les crayons sont pour dessiner mais si vous voulez r\u00e9parer correctement les entailles plus profondes et les rainures de vos meubles finis, les surfaces en bois et les planchers, les B\u00e2tonnets de Remplissage Secret du M\u00e9tier<sup>MD<\/sup> sont ce qu&rsquo;il vous faut.<\/p>\n\n\n\n<p>Notre formulation 100% cire nous distingue de nos concurrents avec leur b\u00e2tonnets de mastic qui sont souvent trop graisseux pour recevoir une couche de fini ou peinture. Notre formulation r\u00e9tr\u00e9cit moins et offre une plus grande stabilit\u00e9 \u00e0 la couleur. Il suffit de frotter dans l&rsquo;entaille et essuyer le surplus. La cire remplira et se formera aux contours de la surface \u00e0 r\u00e9parer!<\/p>\n\n\n\n<p>Les B\u00e2tonnets de Remplissage Secret du M\u00e9tier sont emball\u00e9s en trio, ce qui vous assure d&rsquo;obtenir la bonne couleur \u00e0 chaque fois. Plus besoin de retourner \u00e0 votre quincaillerie locale pour y chercher la bonne couleur.<\/p>\n\n\n\n<p>Que ce soit des r\u00e9parations de tables \u00e0 manger, de planchers, d&rsquo;armoires de cuisine ou pour des comptoirs de m\u00e9lamine, les B\u00e2tonnets de Remplissage Secret du M\u00e9tier feront l&rsquo;affaire.<\/p>\n\n\n\n<p>Magenta chaude\u2122, Mont Majest\u00e9 Mauve\u2122 et Tangerine atomique\u2122 sont non disponibles.<\/p>\n\n\n\n<ul class=\"wp-block-list\">\n<li>Remplissez et r\u00e9parez les entailles ainsi que les dommages plus profonds<\/li>\n\n\n\n<li>Contours \u00e0 la r\u00e9paration<\/li>\n\n\n\n<li>100% cire. Ne r\u00e9tr\u00e9cit pas et peut \u00eatre fini<\/li>\n\n\n\n<li>L&#8217;emballage trio \u00e9limine les risques d&rsquo;erreur<\/li>\n\n\n\n<li>Peut \u00eatre utilis\u00e9 sur les meubles, les planchers, les comptoirs, les lamin\u00e9s et plus encore<\/li>\n\n\n\n<li>Emballage trio disponible en tons p\u00e2le, moyen, fonc\u00e9, rouge et gris<\/li>\n\n\n\n<li>Emballage simple : b\u00e2tonnets disponibles en noir ou en blanc<\/li>\n<\/ul>\n\n\n\n<p>\u2122 Marque de commerce de Crayola LLC.<\/p>\n<\/div>\n\n\n\n<div class=\"wp-block-column is-layout-flow wp-block-column-is-layout-flow\"><style type=\"text\/css\">\n#foogallery-gallery-175.fg-masonry .fg-item { width: 150px; }\n#foogallery-gallery-175.fg-masonry { --fg-gutter: 0px; }<\/style>\n\t\t\t<div class=\"foogallery foogallery-container foogallery-masonry foogallery-lightbox-foobox fg-center fg-masonry fg-ready fg-dark fg-border-thin fg-loading-default fg-loaded-fade-in fg-hover-scale fg-hover-fade fg-fixed\" id=\"foogallery-gallery-175\" data-foogallery=\"{&quot;item&quot;:{&quot;showCaptionTitle&quot;:true,&quot;showCaptionDescription&quot;:true},&quot;lazy&quot;:true,&quot;template&quot;:{&quot;columnWidth&quot;:150,&quot;gutter&quot;:0}}\" style=\"--fg-title-line-clamp: 0; --fg-description-line-clamp: 0;\" >\n\t\t<div class=\"fg-item fg-type-image fg-idle\"><figure class=\"fg-item-inner\"><a href=\"https:\/\/tradesecret.ca\/wp-content\/uploads\/2016\/03\/687251.png\" data-attachment-id=\"1568\" data-type=\"image\" class=\"fg-thumb\"><span class=\"fg-image-wrap\"><img decoding=\"async\" width=\"150\" height=\"279\" class=\"skip-lazy fg-image\" data-src-fg=\"https:\/\/tradesecret.ca\/wp-content\/uploads\/cache\/2016\/03\/687251\/3927373763.png\" src=\"data:image\/svg+xml,%3Csvg%20xmlns%3D%22http%3A%2F%2Fwww.w3.org%2F2000%2Fsvg%22%20width%3D%22150%22%20height%3D%22279%22%20viewBox%3D%220%200%20150%20279%22%3E%3C%2Fsvg%3E\" loading=\"eager\"><\/span><span class=\"fg-image-overlay\"><\/span><\/a><\/figure><div class=\"fg-loader\"><\/div><\/div><div class=\"fg-item fg-type-image fg-idle\"><figure class=\"fg-item-inner\"><a href=\"https:\/\/tradesecret.ca\/wp-content\/uploads\/2016\/03\/687252.png\" data-attachment-id=\"1567\" data-type=\"image\" class=\"fg-thumb\"><span class=\"fg-image-wrap\"><img decoding=\"async\" width=\"150\" height=\"279\" class=\"skip-lazy fg-image\" data-src-fg=\"https:\/\/tradesecret.ca\/wp-content\/uploads\/cache\/2016\/03\/687252\/3243754620.png\" src=\"data:image\/svg+xml,%3Csvg%20xmlns%3D%22http%3A%2F%2Fwww.w3.org%2F2000%2Fsvg%22%20width%3D%22150%22%20height%3D%22279%22%20viewBox%3D%220%200%20150%20279%22%3E%3C%2Fsvg%3E\" loading=\"eager\"><\/span><span class=\"fg-image-overlay\"><\/span><\/a><\/figure><div class=\"fg-loader\"><\/div><\/div><div class=\"fg-item fg-type-image fg-idle\"><figure class=\"fg-item-inner\"><a href=\"https:\/\/tradesecret.ca\/wp-content\/uploads\/2016\/03\/687253.png\" data-attachment-id=\"1569\" data-type=\"image\" class=\"fg-thumb\"><span class=\"fg-image-wrap\"><img decoding=\"async\" width=\"150\" height=\"279\" class=\"skip-lazy fg-image\" data-src-fg=\"https:\/\/tradesecret.ca\/wp-content\/uploads\/cache\/2016\/03\/687253\/1816607280.png\" src=\"data:image\/svg+xml,%3Csvg%20xmlns%3D%22http%3A%2F%2Fwww.w3.org%2F2000%2Fsvg%22%20width%3D%22150%22%20height%3D%22279%22%20viewBox%3D%220%200%20150%20279%22%3E%3C%2Fsvg%3E\" loading=\"eager\"><\/span><span class=\"fg-image-overlay\"><\/span><\/a><\/figure><div class=\"fg-loader\"><\/div><\/div><div class=\"fg-item fg-type-image fg-idle\"><figure class=\"fg-item-inner\"><a href=\"https:\/\/tradesecret.ca\/wp-content\/uploads\/2016\/03\/687254.png\" data-attachment-id=\"1566\" data-type=\"image\" class=\"fg-thumb\"><span class=\"fg-image-wrap\"><img decoding=\"async\" width=\"150\" height=\"279\" class=\"skip-lazy fg-image\" data-src-fg=\"https:\/\/tradesecret.ca\/wp-content\/uploads\/cache\/2016\/03\/687254\/3276539765.png\" src=\"data:image\/svg+xml,%3Csvg%20xmlns%3D%22http%3A%2F%2Fwww.w3.org%2F2000%2Fsvg%22%20width%3D%22150%22%20height%3D%22279%22%20viewBox%3D%220%200%20150%20279%22%3E%3C%2Fsvg%3E\" loading=\"eager\"><\/span><span class=\"fg-image-overlay\"><\/span><\/a><\/figure><div class=\"fg-loader\"><\/div><\/div><div class=\"fg-item fg-type-image fg-idle\"><figure class=\"fg-item-inner\"><a href=\"https:\/\/tradesecret.ca\/wp-content\/uploads\/2023\/05\/687259.png\" data-attachment-id=\"1610\" data-type=\"image\" class=\"fg-thumb\"><span class=\"fg-image-wrap\"><img decoding=\"async\" width=\"150\" height=\"279\" class=\"skip-lazy fg-image\" data-src-fg=\"https:\/\/tradesecret.ca\/wp-content\/uploads\/cache\/2023\/05\/687259\/1162508316.png\" src=\"data:image\/svg+xml,%3Csvg%20xmlns%3D%22http%3A%2F%2Fwww.w3.org%2F2000%2Fsvg%22%20width%3D%22150%22%20height%3D%22279%22%20viewBox%3D%220%200%20150%20279%22%3E%3C%2Fsvg%3E\" loading=\"eager\"><\/span><span class=\"fg-image-overlay\"><\/span><\/a><\/figure><div class=\"fg-loader\"><\/div><\/div><div class=\"fg-item fg-type-image fg-idle\"><figure class=\"fg-item-inner\"><a href=\"https:\/\/tradesecret.ca\/wp-content\/uploads\/2016\/03\/687100.png\" data-attachment-id=\"1565\" data-type=\"image\" class=\"fg-thumb\"><span class=\"fg-image-wrap\"><img decoding=\"async\" width=\"150\" height=\"279\" class=\"skip-lazy fg-image\" data-src-fg=\"https:\/\/tradesecret.ca\/wp-content\/uploads\/cache\/2016\/03\/687100\/1900719632.png\" src=\"data:image\/svg+xml,%3Csvg%20xmlns%3D%22http%3A%2F%2Fwww.w3.org%2F2000%2Fsvg%22%20width%3D%22150%22%20height%3D%22279%22%20viewBox%3D%220%200%20150%20279%22%3E%3C%2Fsvg%3E\" loading=\"eager\"><\/span><span class=\"fg-image-overlay\"><\/span><\/a><\/figure><div class=\"fg-loader\"><\/div><\/div><div class=\"fg-item fg-type-image fg-idle\"><figure class=\"fg-item-inner\"><a href=\"https:\/\/tradesecret.ca\/wp-content\/uploads\/2016\/03\/687120.png\" data-attachment-id=\"1564\" data-type=\"image\" class=\"fg-thumb\"><span class=\"fg-image-wrap\"><img decoding=\"async\" width=\"150\" height=\"279\" class=\"skip-lazy fg-image\" data-src-fg=\"https:\/\/tradesecret.ca\/wp-content\/uploads\/cache\/2016\/03\/687120\/2613595160.png\" src=\"data:image\/svg+xml,%3Csvg%20xmlns%3D%22http%3A%2F%2Fwww.w3.org%2F2000%2Fsvg%22%20width%3D%22150%22%20height%3D%22279%22%20viewBox%3D%220%200%20150%20279%22%3E%3C%2Fsvg%3E\" loading=\"eager\"><\/span><span class=\"fg-image-overlay\"><\/span><\/a><\/figure><div class=\"fg-loader\"><\/div><\/div><div class=\"fg-item fg-type-image fg-idle\"><figure class=\"fg-item-inner\"><a href=\"https:\/\/tradesecret.ca\/wp-content\/uploads\/2016\/03\/687255.png\" data-attachment-id=\"1563\" data-type=\"image\" class=\"fg-thumb\"><span class=\"fg-image-wrap\"><img decoding=\"async\" width=\"150\" height=\"279\" class=\"skip-lazy fg-image\" data-src-fg=\"https:\/\/tradesecret.ca\/wp-content\/uploads\/cache\/2016\/03\/687255\/1822682079.png\" src=\"data:image\/svg+xml,%3Csvg%20xmlns%3D%22http%3A%2F%2Fwww.w3.org%2F2000%2Fsvg%22%20width%3D%22150%22%20height%3D%22279%22%20viewBox%3D%220%200%20150%20279%22%3E%3C%2Fsvg%3E\" loading=\"eager\"><\/span><span class=\"fg-image-overlay\"><\/span><\/a><\/figure><div class=\"fg-loader\"><\/div><\/div><\/div>\n\n\n\n<figure class=\"wp-block-embed is-type-video is-provider-youtube wp-block-embed-youtube wp-embed-aspect-16-9 wp-has-aspect-ratio\"><div class=\"wp-block-embed__wrapper\">\n<iframe loading=\"lazy\" title=\"B\u00e2tonnets de Retouche Secret du M\u00e9tier\" width=\"840\" height=\"473\" src=\"https:\/\/www.youtube.com\/embed\/bhgZMcXE_aU?feature=oembed\" frameborder=\"0\" allow=\"accelerometer; autoplay; clipboard-write; encrypted-media; gyroscope; picture-in-picture; web-share\" referrerpolicy=\"strict-origin-when-cross-origin\" allowfullscreen><\/iframe>\n<\/div><\/figure>\n<\/div>\n<\/div>\n\n\n\n","protected":false},"excerpt":{"rendered":"<p>Les crayons sont pour dessiner mais si vous voulez r\u00e9parer correctement les entailles plus profondes et les rainures de vos meubles finis, les surfaces en bois et les planchers, les B\u00e2tonnets de Remplissage Secret du M\u00e9tierMD sont ce qu&rsquo;il vous faut. Notre formulation 100% cire nous distingue de nos concurrents avec leur b\u00e2tonnets de mastic &hellip; <a href=\"https:\/\/tradesecret.ca\/fr\/batonnets-de-retouche\/\" class=\"more-link\">Continuer la lecture<span class=\"screen-reader-text\"> de &laquo;&nbsp;B\u00e2tonnets de retouche&nbsp;&raquo;<\/span><\/a><\/p>\n","protected":false},"author":1,"featured_media":0,"parent":0,"menu_order":0,"comment_status":"closed","ping_status":"closed","template":"","meta":{"footnotes":""},"class_list":["post-184","page","type-page","status-publish","hentry"],"_links":{"self":[{"href":"https:\/\/tradesecret.ca\/fr\/wp-json\/wp\/v2\/pages\/184","targetHints":{"allow":["GET"]}}],"collection":[{"href":"https:\/\/tradesecret.ca\/fr\/wp-json\/wp\/v2\/pages"}],"about":[{"href":"https:\/\/tradesecret.ca\/fr\/wp-json\/wp\/v2\/types\/page"}],"author":[{"embeddable":true,"href":"https:\/\/tradesecret.ca\/fr\/wp-json\/wp\/v2\/users\/1"}],"replies":[{"embeddable":true,"href":"https:\/\/tradesecret.ca\/fr\/wp-json\/wp\/v2\/comments?post=184"}],"version-history":[{"count":16,"href":"https:\/\/tradesecret.ca\/fr\/wp-json\/wp\/v2\/pages\/184\/revisions"}],"predecessor-version":[{"id":1758,"href":"https:\/\/tradesecret.ca\/fr\/wp-json\/wp\/v2\/pages\/184\/revisions\/1758"}],"wp:attachment":[{"href":"https:\/\/tradesecret.ca\/fr\/wp-json\/wp\/v2\/media?parent=184"}],"curies":[{"name":"wp","href":"https:\/\/api.w.org\/{rel}","templated":true}]}}