{"id":1811,"date":"2025-08-01T13:27:41","date_gmt":"2025-08-01T13:27:41","guid":{"rendered":"https:\/\/tradesecret.ca\/?page_id=1811"},"modified":"2025-08-01T13:27:42","modified_gmt":"2025-08-01T13:27:42","slug":"ou-acheter","status":"publish","type":"page","link":"https:\/\/tradesecret.ca\/fr\/ou-acheter\/","title":{"rendered":"O\u00f9 acheter"},"content":{"rendered":"\n<div class=\"wp-block-columns is-layout-flex wp-container-core-columns-is-layout-1 wp-block-columns-is-layout-flex\">\n<div class=\"wp-block-column is-layout-flow wp-block-column-is-layout-flow\">\n<p class=\"has-text-align-center has-medium-font-size\"><a href=\"#cstore\"><strong>Canada<br>en magasin<\/strong><\/a><\/p>\n<\/div>\n\n\n\n<div class=\"wp-block-column is-layout-flow wp-block-column-is-layout-flow\">\n<p class=\"has-text-align-center has-medium-font-size\"><strong><a href=\"#ostore\">Canada<br>e<\/a><\/strong><strong><a href=\"#ostore\">n-<\/a><\/strong><strong><a href=\"#ostore\">l<\/a><\/strong><strong><a href=\"#ostore\">i<\/a><\/strong><strong><a href=\"#ostore\">g<\/a><\/strong><strong><a href=\"#ostore\">n<\/a><\/strong><a href=\"#ostore\"><strong>e<\/strong><\/a><\/p>\n<\/div>\n\n\n\n<div class=\"wp-block-column is-layout-flow wp-block-column-is-layout-flow\">\n<p class=\"has-text-align-center has-medium-font-size\"><strong><a href=\"#ousa\">U.S.A<br>e<\/a><\/strong><strong><a href=\"#ousa\">n<\/a><\/strong><strong><a href=\"#ousa\">&#8211;<\/a><\/strong><strong><a href=\"#ousa\">l<\/a><\/strong><strong><a href=\"#ousa\">i<\/a><\/strong><strong><a href=\"#ousa\">g<\/a><\/strong><strong><a href=\"#ousa\">n<\/a><\/strong><a href=\"#ousa\"><strong>e<\/strong><\/a><\/p>\n<\/div>\n<\/div>\n\n\n\n<h2 class=\"wp-block-heading\" id=\"cstore\">Canada &#8211; en magasin<\/h2>\n\n\n\n<div class=\"wp-block-columns is-layout-flex wp-container-core-columns-is-layout-2 wp-block-columns-is-layout-flex\">\n<div class=\"wp-block-column is-layout-flow wp-block-column-is-layout-flow\"><div class=\"wp-block-image\">\n<figure class=\"aligncenter size-full is-resized\"><a href=\"https:\/\/tradesecret.ca\/wp-content\/uploads\/2016\/03\/bmr.png\"><img loading=\"lazy\" decoding=\"async\" width=\"120\" height=\"100\" src=\"https:\/\/tradesecret.ca\/wp-content\/uploads\/2016\/03\/bmr.png\" alt=\"\" class=\"wp-image-79\" style=\"width:120px;height:auto\" srcset=\"https:\/\/tradesecret.ca\/wp-content\/uploads\/2016\/03\/bmr.png 120w, https:\/\/tradesecret.ca\/wp-content\/uploads\/2016\/03\/bmr-24x20.png 24w, https:\/\/tradesecret.ca\/wp-content\/uploads\/2016\/03\/bmr-36x30.png 36w, https:\/\/tradesecret.ca\/wp-content\/uploads\/2016\/03\/bmr-48x40.png 48w\" sizes=\"auto, (max-width: 120px) 85vw, 120px\" \/><\/a><\/figure><\/div>\n\n\n<p class=\"has-text-align-center\">B\u00e2tonnet de remplissage<br>Marqueurs de retouche<br>Poli \u00e0 meubles<br>Efface \u00e9raflures<br>Enl\u00e8ve cernes blanc<\/p>\n<\/div>\n\n\n\n<div class=\"wp-block-column is-layout-flow wp-block-column-is-layout-flow\"><div class=\"wp-block-image\">\n<figure class=\"aligncenter size-full\"><a href=\"https:\/\/tradesecret.ca\/wp-content\/uploads\/2016\/03\/canac.png\"><img loading=\"lazy\" decoding=\"async\" width=\"120\" height=\"100\" src=\"https:\/\/tradesecret.ca\/wp-content\/uploads\/2016\/03\/canac.png\" alt=\"\" class=\"wp-image-80\" srcset=\"https:\/\/tradesecret.ca\/wp-content\/uploads\/2016\/03\/canac.png 120w, https:\/\/tradesecret.ca\/wp-content\/uploads\/2016\/03\/canac-24x20.png 24w, https:\/\/tradesecret.ca\/wp-content\/uploads\/2016\/03\/canac-36x30.png 36w, https:\/\/tradesecret.ca\/wp-content\/uploads\/2016\/03\/canac-48x40.png 48w\" sizes=\"auto, (max-width: 120px) 85vw, 120px\" \/><\/a><\/figure><\/div>\n\n\n<p class=\"has-text-align-center\">B\u00e2tonnet de remplissage<br>Marqueurs de retouche<br>Fini cristallin<br>Poli \u00e0 meubles<br>Efface \u00e9raflures<br>Enl\u00e8ve cernes blanc<\/p>\n<\/div>\n\n\n\n<div class=\"wp-block-column is-layout-flow wp-block-column-is-layout-flow\"><div class=\"wp-block-image\">\n<figure class=\"aligncenter size-full\"><a href=\"https:\/\/tradesecret.ca\/wp-content\/uploads\/2016\/04\/ctlogo.png\"><img loading=\"lazy\" decoding=\"async\" width=\"120\" height=\"100\" src=\"https:\/\/tradesecret.ca\/wp-content\/uploads\/2016\/04\/ctlogo.png\" alt=\"\" class=\"wp-image-512\" srcset=\"https:\/\/tradesecret.ca\/wp-content\/uploads\/2016\/04\/ctlogo.png 120w, https:\/\/tradesecret.ca\/wp-content\/uploads\/2016\/04\/ctlogo-24x20.png 24w, https:\/\/tradesecret.ca\/wp-content\/uploads\/2016\/04\/ctlogo-36x30.png 36w, https:\/\/tradesecret.ca\/wp-content\/uploads\/2016\/04\/ctlogo-48x40.png 48w\" sizes=\"auto, (max-width: 120px) 85vw, 120px\" \/><\/a><\/figure><\/div>\n\n\n<p class=\"has-text-align-center\">B\u00e2tonnet de remplissage<br>Marqueurs de retouche<br>Syst\u00e8me de retouche pour bois et planchers<br>Efface \u00e9raflures<\/p>\n<\/div>\n<\/div>\n\n\n\n<div class=\"wp-block-columns is-layout-flex wp-container-core-columns-is-layout-3 wp-block-columns-is-layout-flex\">\n<div class=\"wp-block-column is-layout-flow wp-block-column-is-layout-flow\"><div class=\"wp-block-image\">\n<figure class=\"aligncenter size-full is-resized\"><a href=\"https:\/\/tradesecret.ca\/wp-content\/uploads\/2016\/03\/hdlogo.png\"><img loading=\"lazy\" decoding=\"async\" width=\"120\" height=\"100\" src=\"https:\/\/tradesecret.ca\/wp-content\/uploads\/2016\/03\/hdlogo.png\" alt=\"\" class=\"wp-image-133\" style=\"width:120px;height:auto\" srcset=\"https:\/\/tradesecret.ca\/wp-content\/uploads\/2016\/03\/hdlogo.png 120w, https:\/\/tradesecret.ca\/wp-content\/uploads\/2016\/03\/hdlogo-24x20.png 24w, https:\/\/tradesecret.ca\/wp-content\/uploads\/2016\/03\/hdlogo-36x30.png 36w, https:\/\/tradesecret.ca\/wp-content\/uploads\/2016\/03\/hdlogo-48x40.png 48w\" sizes=\"auto, (max-width: 120px) 85vw, 120px\" \/><\/a><\/figure><\/div>\n\n\n<p class=\"has-text-align-center\">B\u00e2tonnet de remplissage<br>Marqueurs de retouche<br>Syst\u00e8me de retouche pour bois et planchers<br>Poli \u00e0 meuble<br>Efface \u00e9raflures<br>Enl\u00e8ve cernes blanc<br>R\u00e9nov cuir<\/p>\n<\/div>\n\n\n\n<div class=\"wp-block-column is-layout-flow wp-block-column-is-layout-flow\"><div class=\"wp-block-image\">\n<figure class=\"aligncenter size-full\"><a href=\"https:\/\/tradesecret.ca\/wp-content\/uploads\/2016\/03\/hhlogo.png\"><img loading=\"lazy\" decoding=\"async\" width=\"120\" height=\"100\" src=\"https:\/\/tradesecret.ca\/wp-content\/uploads\/2016\/03\/hhlogo.png\" alt=\"\" class=\"wp-image-82\" srcset=\"https:\/\/tradesecret.ca\/wp-content\/uploads\/2016\/03\/hhlogo.png 120w, https:\/\/tradesecret.ca\/wp-content\/uploads\/2016\/03\/hhlogo-24x20.png 24w, https:\/\/tradesecret.ca\/wp-content\/uploads\/2016\/03\/hhlogo-36x30.png 36w, https:\/\/tradesecret.ca\/wp-content\/uploads\/2016\/03\/hhlogo-48x40.png 48w\" sizes=\"auto, (max-width: 120px) 85vw, 120px\" \/><\/a><\/figure><\/div>\n\n\n<p class=\"has-text-align-center\">B\u00e2tonnet de remplissage<br>Marqueurs de retouche<br>Efface \u00e9raflures<br>Enl\u00e8ve cernes blanc<\/p>\n<\/div>\n\n\n\n<div class=\"wp-block-column is-layout-flow wp-block-column-is-layout-flow\"><div class=\"wp-block-image\">\n<figure class=\"aligncenter size-full\"><a href=\"https:\/\/tradesecret.ca\/wp-content\/uploads\/2016\/03\/laferte.png\"><img loading=\"lazy\" decoding=\"async\" width=\"120\" height=\"100\" src=\"https:\/\/tradesecret.ca\/wp-content\/uploads\/2016\/03\/laferte.png\" alt=\"\" class=\"wp-image-83\" srcset=\"https:\/\/tradesecret.ca\/wp-content\/uploads\/2016\/03\/laferte.png 120w, https:\/\/tradesecret.ca\/wp-content\/uploads\/2016\/03\/laferte-24x20.png 24w, https:\/\/tradesecret.ca\/wp-content\/uploads\/2016\/03\/laferte-36x30.png 36w, https:\/\/tradesecret.ca\/wp-content\/uploads\/2016\/03\/laferte-48x40.png 48w\" sizes=\"auto, (max-width: 120px) 85vw, 120px\" \/><\/a><\/figure><\/div>\n\n\n<p class=\"has-text-align-center\">B\u00e2tonnet de remplissage<br>Marqueurs de retouche<br>Poli \u00e0 meubles<br>Efface \u00e9raflures<br>Enl\u00e8ve cernes blanc<\/p>\n<\/div>\n<\/div>\n\n\n\n<div class=\"wp-block-columns is-layout-flex wp-container-core-columns-is-layout-4 wp-block-columns-is-layout-flex\">\n<div class=\"wp-block-column is-layout-flow wp-block-column-is-layout-flow\"><div class=\"wp-block-image\">\n<figure class=\"aligncenter size-full is-resized\"><a href=\"https:\/\/tradesecret.ca\/wp-content\/uploads\/2016\/04\/pmlogo.png\"><img loading=\"lazy\" decoding=\"async\" width=\"120\" height=\"100\" src=\"https:\/\/tradesecret.ca\/wp-content\/uploads\/2016\/04\/pmlogo.png\" alt=\"\" class=\"wp-image-513\" style=\"width:120px;height:auto\" srcset=\"https:\/\/tradesecret.ca\/wp-content\/uploads\/2016\/04\/pmlogo.png 120w, https:\/\/tradesecret.ca\/wp-content\/uploads\/2016\/04\/pmlogo-24x20.png 24w, https:\/\/tradesecret.ca\/wp-content\/uploads\/2016\/04\/pmlogo-36x30.png 36w, https:\/\/tradesecret.ca\/wp-content\/uploads\/2016\/04\/pmlogo-48x40.png 48w\" sizes=\"auto, (max-width: 120px) 85vw, 120px\" \/><\/a><\/figure><\/div>\n\n\n<p class=\"has-text-align-center\">Marqueurs de retouche<br>Poli \u00e0 meubles<br>Efface \u00e9raflures<br>Enl\u00e8ve cernes blanc<\/p>\n<\/div>\n\n\n\n<div class=\"wp-block-column is-layout-flow wp-block-column-is-layout-flow\"><div class=\"wp-block-image\">\n<figure class=\"aligncenter size-full\"><a href=\"https:\/\/tradesecret.ca\/wp-content\/uploads\/2025\/08\/potvin.jpg\"><img loading=\"lazy\" decoding=\"async\" width=\"120\" height=\"100\" src=\"https:\/\/tradesecret.ca\/wp-content\/uploads\/2025\/08\/potvin.jpg\" alt=\"\" class=\"wp-image-1802\" srcset=\"https:\/\/tradesecret.ca\/wp-content\/uploads\/2025\/08\/potvin.jpg 120w, https:\/\/tradesecret.ca\/wp-content\/uploads\/2025\/08\/potvin-24x20.jpg 24w, https:\/\/tradesecret.ca\/wp-content\/uploads\/2025\/08\/potvin-36x30.jpg 36w, https:\/\/tradesecret.ca\/wp-content\/uploads\/2025\/08\/potvin-48x40.jpg 48w\" sizes=\"auto, (max-width: 120px) 85vw, 120px\" \/><\/a><\/figure><\/div>\n\n\n<p class=\"has-text-align-center\">B\u00e2tonnet de remplissage<br>Marqueurs de retouche<\/p>\n<\/div>\n\n\n\n<div class=\"wp-block-column is-layout-flow wp-block-column-is-layout-flow\"><div class=\"wp-block-image\">\n<figure class=\"aligncenter size-full\"><a href=\"https:\/\/tradesecret.ca\/wp-content\/uploads\/2016\/04\/ronalogo.png\"><img loading=\"lazy\" decoding=\"async\" width=\"120\" height=\"100\" src=\"https:\/\/tradesecret.ca\/wp-content\/uploads\/2016\/04\/ronalogo.png\" alt=\"\" class=\"wp-image-510\" srcset=\"https:\/\/tradesecret.ca\/wp-content\/uploads\/2016\/04\/ronalogo.png 120w, https:\/\/tradesecret.ca\/wp-content\/uploads\/2016\/04\/ronalogo-24x20.png 24w, https:\/\/tradesecret.ca\/wp-content\/uploads\/2016\/04\/ronalogo-36x30.png 36w, https:\/\/tradesecret.ca\/wp-content\/uploads\/2016\/04\/ronalogo-48x40.png 48w\" sizes=\"auto, (max-width: 120px) 85vw, 120px\" \/><\/a><\/figure><\/div>\n\n\n<p class=\"has-text-align-center\">B\u00e2tonnet de remplissage<br>Marqueurs de retouche<br>Syst\u00e8me de retouche pour bois et planchers<br>Fini cristallin<br>Poli \u00e0 meubles<br>Efface \u00e9raflures<br>Enl\u00e8ve cernes blanc<br>Bouche-pores en poudre pour bois<\/p>\n<\/div>\n<\/div>\n\n\n\n<div class=\"wp-block-columns is-layout-flex wp-container-core-columns-is-layout-5 wp-block-columns-is-layout-flex\">\n<div class=\"wp-block-column is-layout-flow wp-block-column-is-layout-flow\"><div class=\"wp-block-image\">\n<figure class=\"aligncenter size-full is-resized\"><a href=\"https:\/\/tradesecret.ca\/wp-content\/uploads\/2016\/12\/walmart-1.png\"><img loading=\"lazy\" decoding=\"async\" width=\"120\" height=\"100\" src=\"https:\/\/tradesecret.ca\/wp-content\/uploads\/2016\/12\/walmart-1.png\" alt=\"\" class=\"wp-image-798\" style=\"width:120px;height:auto\" srcset=\"https:\/\/tradesecret.ca\/wp-content\/uploads\/2016\/12\/walmart-1.png 120w, https:\/\/tradesecret.ca\/wp-content\/uploads\/2016\/12\/walmart-1-24x20.png 24w, https:\/\/tradesecret.ca\/wp-content\/uploads\/2016\/12\/walmart-1-36x30.png 36w, https:\/\/tradesecret.ca\/wp-content\/uploads\/2016\/12\/walmart-1-48x40.png 48w\" sizes=\"auto, (max-width: 120px) 85vw, 120px\" \/><\/a><\/figure><\/div>\n\n\n<p class=\"has-text-align-center\">B\u00e2tonnet de remplissage<br>Marqueurs de retouche<\/p>\n<\/div>\n\n\n\n<div class=\"wp-block-column is-layout-flow wp-block-column-is-layout-flow\">\n<p class=\"has-text-align-center\"><\/p>\n<\/div>\n\n\n\n<div class=\"wp-block-column is-layout-flow wp-block-column-is-layout-flow\">\n<p class=\"has-text-align-center\"><\/p>\n<\/div>\n<\/div>\n\n\n\n<h2 class=\"wp-block-heading\" id=\"ostore\">Canada &#8211; en-ligne<\/h2>\n\n\n\n<div class=\"wp-block-columns is-layout-flex wp-container-core-columns-is-layout-6 wp-block-columns-is-layout-flex\">\n<div class=\"wp-block-column is-layout-flow wp-block-column-is-layout-flow\"><div class=\"wp-block-image\">\n<figure class=\"aligncenter size-full is-resized\"><a href=\"https:\/\/tradesecret.ca\/wp-content\/uploads\/2017\/06\/amazonca.jpg\"><img loading=\"lazy\" decoding=\"async\" width=\"120\" height=\"100\" src=\"https:\/\/tradesecret.ca\/wp-content\/uploads\/2017\/06\/amazonca.jpg\" alt=\"\" class=\"wp-image-962\" style=\"width:120px;height:auto\" srcset=\"https:\/\/tradesecret.ca\/wp-content\/uploads\/2017\/06\/amazonca.jpg 120w, https:\/\/tradesecret.ca\/wp-content\/uploads\/2017\/06\/amazonca-24x20.jpg 24w, https:\/\/tradesecret.ca\/wp-content\/uploads\/2017\/06\/amazonca-36x30.jpg 36w, https:\/\/tradesecret.ca\/wp-content\/uploads\/2017\/06\/amazonca-48x40.jpg 48w\" sizes=\"auto, (max-width: 120px) 85vw, 120px\" \/><\/a><\/figure><\/div>\n\n\n<p class=\"has-text-align-center\">B\u00e2tonnet de remplissage<br>Marqueurs de retouche<br>Syst\u00e8me de retouche pour bois et planchers<br>Fini cristallin<br>Poli \u00e0 meubles<br>Bouche-pores en poudre pour bois<br>Efface \u00e9raflures<\/p>\n<\/div>\n\n\n\n<div class=\"wp-block-column is-layout-flow wp-block-column-is-layout-flow\"><div class=\"wp-block-image\">\n<figure class=\"aligncenter size-full\"><a href=\"https:\/\/tradesecret.ca\/wp-content\/uploads\/2025\/08\/leevalley.jpg\"><img loading=\"lazy\" decoding=\"async\" width=\"120\" height=\"100\" src=\"https:\/\/tradesecret.ca\/wp-content\/uploads\/2025\/08\/leevalley.jpg\" alt=\"\" class=\"wp-image-1805\" srcset=\"https:\/\/tradesecret.ca\/wp-content\/uploads\/2025\/08\/leevalley.jpg 120w, https:\/\/tradesecret.ca\/wp-content\/uploads\/2025\/08\/leevalley-24x20.jpg 24w, https:\/\/tradesecret.ca\/wp-content\/uploads\/2025\/08\/leevalley-36x30.jpg 36w, https:\/\/tradesecret.ca\/wp-content\/uploads\/2025\/08\/leevalley-48x40.jpg 48w\" sizes=\"auto, (max-width: 120px) 85vw, 120px\" \/><\/a><\/figure><\/div>\n\n\n<p class=\"has-text-align-center\">B\u00e2tonnet de remplissage<br>Marqueurs de retouche<\/p>\n<\/div>\n\n\n\n<div class=\"wp-block-column is-layout-flow wp-block-column-is-layout-flow\">\n<p class=\"has-text-align-center\"><\/p>\n<\/div>\n<\/div>\n\n\n\n<h2 class=\"wp-block-heading\" id=\"ousa\">U.S.A. &#8211; en-ligne<\/h2>\n\n\n\n<div class=\"wp-block-columns is-layout-flex wp-container-core-columns-is-layout-7 wp-block-columns-is-layout-flex\">\n<div class=\"wp-block-column is-layout-flow wp-block-column-is-layout-flow\"><div class=\"wp-block-image\">\n<figure class=\"aligncenter size-full is-resized\"><a href=\"https:\/\/tradesecret.ca\/wp-content\/uploads\/2025\/08\/amazoncom.jpg\"><img loading=\"lazy\" decoding=\"async\" width=\"120\" height=\"100\" src=\"https:\/\/tradesecret.ca\/wp-content\/uploads\/2025\/08\/amazoncom.jpg\" alt=\"\" class=\"wp-image-1807\" style=\"width:120px;height:auto\" srcset=\"https:\/\/tradesecret.ca\/wp-content\/uploads\/2025\/08\/amazoncom.jpg 120w, https:\/\/tradesecret.ca\/wp-content\/uploads\/2025\/08\/amazoncom-24x20.jpg 24w, https:\/\/tradesecret.ca\/wp-content\/uploads\/2025\/08\/amazoncom-36x30.jpg 36w, https:\/\/tradesecret.ca\/wp-content\/uploads\/2025\/08\/amazoncom-48x40.jpg 48w\" sizes=\"auto, (max-width: 120px) 85vw, 120px\" \/><\/a><\/figure><\/div>\n\n\n<p class=\"has-text-align-center\">B\u00e2tonnet de remplissage<br>Marqueurs de retouche<br>Bouche-pores en poudre pour bois<br>Efface \u00e9raflures<\/p>\n<\/div>\n\n\n\n<div class=\"wp-block-column is-layout-flow wp-block-column-is-layout-flow\"><div class=\"wp-block-image\">\n<figure class=\"aligncenter size-full\"><a href=\"https:\/\/tradesecret.ca\/wp-content\/uploads\/2016\/03\/dtep.png\"><img loading=\"lazy\" decoding=\"async\" width=\"120\" height=\"100\" src=\"https:\/\/tradesecret.ca\/wp-content\/uploads\/2016\/03\/dtep.png\" alt=\"\" class=\"wp-image-94\" srcset=\"https:\/\/tradesecret.ca\/wp-content\/uploads\/2016\/03\/dtep.png 120w, https:\/\/tradesecret.ca\/wp-content\/uploads\/2016\/03\/dtep-24x20.png 24w, https:\/\/tradesecret.ca\/wp-content\/uploads\/2016\/03\/dtep-36x30.png 36w, https:\/\/tradesecret.ca\/wp-content\/uploads\/2016\/03\/dtep-48x40.png 48w\" sizes=\"auto, (max-width: 120px) 85vw, 120px\" \/><\/a><\/figure><\/div>\n\n\n<p class=\"has-text-align-center\">B\u00e2tonnet de remplissage<br>Marqueurs de retouche<br>Syst\u00e8me de retouche pour bois et planchers<br>Syst\u00e8me de restauration pour meubles<br>Efface \u00e9raflures<br>Enl\u00e8ve cernes blanc<br>R\u00e9nov cuir<\/p>\n<\/div>\n\n\n\n<div class=\"wp-block-column is-layout-flow wp-block-column-is-layout-flow\"><div class=\"wp-block-image\">\n<figure class=\"aligncenter size-full\"><a href=\"https:\/\/tradesecret.ca\/wp-content\/uploads\/2016\/03\/hdlogo.png\"><img loading=\"lazy\" decoding=\"async\" width=\"120\" height=\"100\" src=\"https:\/\/tradesecret.ca\/wp-content\/uploads\/2016\/03\/hdlogo.png\" alt=\"\" class=\"wp-image-133\" srcset=\"https:\/\/tradesecret.ca\/wp-content\/uploads\/2016\/03\/hdlogo.png 120w, https:\/\/tradesecret.ca\/wp-content\/uploads\/2016\/03\/hdlogo-24x20.png 24w, https:\/\/tradesecret.ca\/wp-content\/uploads\/2016\/03\/hdlogo-36x30.png 36w, https:\/\/tradesecret.ca\/wp-content\/uploads\/2016\/03\/hdlogo-48x40.png 48w\" sizes=\"auto, (max-width: 120px) 85vw, 120px\" \/><\/a><\/figure><\/div>\n\n\n<p class=\"has-text-align-center\">Marqueurs de retouche<br>Syst\u00e8me de restauration pour meubles<br>Syst\u00e8me d&rsquo;entretien pour le cuir<br>R\u00e9nov cuir<\/p>\n<\/div>\n<\/div>\n\n\n\n<div class=\"wp-block-columns is-layout-flex wp-container-core-columns-is-layout-8 wp-block-columns-is-layout-flex\">\n<div class=\"wp-block-column is-layout-flow wp-block-column-is-layout-flow\"><div class=\"wp-block-image\">\n<figure class=\"aligncenter size-full is-resized\"><a href=\"https:\/\/tradesecret.ca\/wp-content\/uploads\/2025\/08\/leevalley.jpg\"><img loading=\"lazy\" decoding=\"async\" width=\"120\" height=\"100\" src=\"https:\/\/tradesecret.ca\/wp-content\/uploads\/2025\/08\/leevalley.jpg\" alt=\"\" class=\"wp-image-1805\" style=\"width:120px;height:auto\" srcset=\"https:\/\/tradesecret.ca\/wp-content\/uploads\/2025\/08\/leevalley.jpg 120w, https:\/\/tradesecret.ca\/wp-content\/uploads\/2025\/08\/leevalley-24x20.jpg 24w, https:\/\/tradesecret.ca\/wp-content\/uploads\/2025\/08\/leevalley-36x30.jpg 36w, https:\/\/tradesecret.ca\/wp-content\/uploads\/2025\/08\/leevalley-48x40.jpg 48w\" sizes=\"auto, (max-width: 120px) 85vw, 120px\" \/><\/a><\/figure><\/div>\n\n\n<p class=\"has-text-align-center\">Bouche-pores en poudre pour bois<\/p>\n<\/div>\n\n\n\n<div class=\"wp-block-column is-layout-flow wp-block-column-is-layout-flow\">\n<p class=\"has-text-align-center\"><\/p>\n<\/div>\n\n\n\n<div class=\"wp-block-column is-layout-flow wp-block-column-is-layout-flow\">\n<p class=\"has-text-align-center\"><\/p>\n<\/div>\n<\/div>\n\n\n\n<p><\/p>\n","protected":false},"excerpt":{"rendered":"<p>Canadaen magasin Canadaen-ligne U.S.Aen&#8211;ligne Canada &#8211; en magasin B\u00e2tonnet de remplissageMarqueurs de retouchePoli \u00e0 meublesEfface \u00e9rafluresEnl\u00e8ve cernes blanc B\u00e2tonnet de remplissageMarqueurs de retoucheFini cristallinPoli \u00e0 meublesEfface \u00e9rafluresEnl\u00e8ve cernes blanc B\u00e2tonnet de remplissageMarqueurs de retoucheSyst\u00e8me de retouche pour bois et planchersEfface \u00e9raflures B\u00e2tonnet de remplissageMarqueurs de retoucheSyst\u00e8me de retouche pour bois et planchersPoli \u00e0 meubleEfface \u00e9rafluresEnl\u00e8ve &hellip; <a href=\"https:\/\/tradesecret.ca\/fr\/ou-acheter\/\" class=\"more-link\">Continuer la lecture<span class=\"screen-reader-text\"> de &laquo;&nbsp;O\u00f9 acheter&nbsp;&raquo;<\/span><\/a><\/p>\n","protected":false},"author":1,"featured_media":0,"parent":0,"menu_order":0,"comment_status":"closed","ping_status":"closed","template":"","meta":{"footnotes":""},"class_list":["post-1811","page","type-page","status-publish","hentry"],"_links":{"self":[{"href":"https:\/\/tradesecret.ca\/fr\/wp-json\/wp\/v2\/pages\/1811","targetHints":{"allow":["GET"]}}],"collection":[{"href":"https:\/\/tradesecret.ca\/fr\/wp-json\/wp\/v2\/pages"}],"about":[{"href":"https:\/\/tradesecret.ca\/fr\/wp-json\/wp\/v2\/types\/page"}],"author":[{"embeddable":true,"href":"https:\/\/tradesecret.ca\/fr\/wp-json\/wp\/v2\/users\/1"}],"replies":[{"embeddable":true,"href":"https:\/\/tradesecret.ca\/fr\/wp-json\/wp\/v2\/comments?post=1811"}],"version-history":[{"count":1,"href":"https:\/\/tradesecret.ca\/fr\/wp-json\/wp\/v2\/pages\/1811\/revisions"}],"predecessor-version":[{"id":1813,"href":"https:\/\/tradesecret.ca\/fr\/wp-json\/wp\/v2\/pages\/1811\/revisions\/1813"}],"wp:attachment":[{"href":"https:\/\/tradesecret.ca\/fr\/wp-json\/wp\/v2\/media?parent=1811"}],"curies":[{"name":"wp","href":"https:\/\/api.w.org\/{rel}","templated":true}]}}