{"id":16,"date":"2016-04-05T20:21:41","date_gmt":"2016-04-05T20:21:41","guid":{"rendered":"https:\/\/tradesecret.ca\/?page_id=16&#038;lang=fr"},"modified":"2023-05-17T11:16:14","modified_gmt":"2023-05-17T11:16:14","slug":"acceuil","status":"publish","type":"page","link":"https:\/\/tradesecret.ca\/fr\/","title":{"rendered":"ACCEUIL"},"content":{"rendered":"\n\t\t\t\t<p class=\"rs-p-wp-fix\"><\/p>\n\t\t\t\t<sr7-module data-alias=\"mainen-1-1\" data-id=\"8\" id=\"SR7_8_1\" data-version=\"6.7.54\">\n\t\t\t\t\t<sr7-adjuster><\/sr7-adjuster>\n\t\t\t\t\t<sr7-content>\n\t\t\t\t\t\t<sr7-carousel>\n\t\t\t\t\t\t<sr7-slide id=\"SR7_8_1-24\" data-key=\"24\">\n\t\t\t\t\t\t\t<sr7-txt id=\"SR7_8_1-24-9\" class=\"sr7-layer\">Obtenez les bonnes nuances de gris pour les retouches et les r\u00e9parations avec le trio de b\u00e2tonnets de remplissage gris, les marqueurs de retouche gris et le syst\u00e8me de retouche gris de Trade Secret.<\/sr7-txt>\n\t\t\t\t\t\t\t<sr7-txt id=\"SR7_8_1-24-35\" class=\"sr7-layer\">Gris maintenant<br \/>\ndisponible<\/sr7-txt>\n\t\t\t\t\t\t<\/sr7-slide>\n\t\t\t\t\t\t<sr7-slide id=\"SR7_8_1-21\" data-key=\"21\">\n\t\t\t\t\t\t\t<sr7-txt id=\"SR7_8_1-21-35\" class=\"sr7-layer\">Maintenant<br \/>\ndisponible<\/sr7-txt>\n\t\t\t\t\t\t\t<a id=\"SR7_8_1-21-36\" class=\"sr7-layer\" href=\"?page_id=1317&#038;lang=fr\" target=\"_self\" rel=\"nofollow\">Plus d'info...<\/a>\n\t\t\t\t\t\t<\/sr7-slide>\n\t\t\t\t\t\t<sr7-slide id=\"SR7_8_1-20\" data-key=\"20\">\n\t\t\t\t\t\t\t<sr7-txt id=\"SR7_8_1-20-6\" class=\"sr7-layer\">cernes<\/sr7-txt>\n\t\t\t\t\t\t\t<sr7-txt id=\"SR7_8_1-20-7\" class=\"sr7-layer\">blancs<\/sr7-txt>\n\t\t\t\t\t\t\t<sr7-txt id=\"SR7_8_1-20-8\" class=\"sr7-layer\">MAINTENANT<br>\nDISPONIBLE\n<\/sr7-txt>\n\t\t\t\t\t\t\t<sr7-txt id=\"SR7_8_1-20-10\" class=\"sr7-layer\">Enl\u00e8ve\n<\/sr7-txt>\n\t\t\t\t\t\t\t<sr7-txt id=\"SR7_8_1-20-20\" class=\"sr7-layer\">Plus d'info <i class=\"fa-chevron-right\"><\/i><\/sr7-txt>\n\t\t\t\t\t\t<\/sr7-slide>\n\t\t\t\t\t\t<sr7-slide id=\"SR7_8_1-22\" data-key=\"22\">\n\t\t\t\t\t\t\t<sr7-txt id=\"SR7_8_1-22-2\" class=\"sr7-layer\">Marqueurs de retouche<\/sr7-txt>\n\t\t\t\t\t\t\t<sr7-txt id=\"SR7_8_1-22-3\" class=\"sr7-layer\">Faciles \u00e0 utilisez, ils r\u00e9parent imm\u00e9diatement les dommages et peuvent \u00eatre utilisez sur tous les meubles. <\/sr7-txt>\n\t\t\t\t\t\t\t<sr7-txt id=\"SR7_8_1-22-5\" class=\"sr7-layer\">Plus d'info....<\/sr7-txt>\n\t\t\t\t\t\t<\/sr7-slide>\n\t\t\t\t\t\t<sr7-slide id=\"SR7_8_1-18\" data-key=\"18\">\n\t\t\t\t\t\t\t<sr7-txt id=\"SR7_8_1-18-2\" class=\"sr7-layer\">Efface \u00e9raflures pour bois <\/sr7-txt>\n\t\t\t\t\t\t\t<sr7-txt id=\"SR7_8_1-18-3\" class=\"sr7-layer\">Camouflez les rayures sur des meubles finis, des placages et rev\u00eatements de sol en quelques instants. <\/sr7-txt>\n\t\t\t\t\t\t\t<sr7-txt id=\"SR7_8_1-18-5\" class=\"sr7-layer\">Plus d'info<\/sr7-txt>\n\t\t\t\t\t\t<\/sr7-slide>\n\t\t\t\t\t\t<sr7-slide id=\"SR7_8_1-19\" data-key=\"19\">\n\t\t\t\t\t\t\t<sr7-txt id=\"SR7_8_1-19-2\" class=\"sr7-layer\">B\u00e2tonnets de retouche <\/sr7-txt>\n\t\t\t\t\t\t\t<sr7-txt id=\"SR7_8_1-19-3\" class=\"sr7-layer\">Il suffit de frotter dans l\u2019entaille et essuyer le surplus. La cire remplira et se formera aux contours de la surface \u00e0 r\u00e9parer! <\/sr7-txt>\n\t\t\t\t\t\t\t<sr7-txt id=\"SR7_8_1-19-5\" class=\"sr7-layer\">Plus d'info...<\/sr7-txt>\n\t\t\t\t\t\t<\/sr7-slide>\n\t\t\t\t\t\t<sr7-slide id=\"SR7_8_1-29\" data-key=\"29\">\n\t\t\t\t\t\t<\/sr7-slide>\n\t\t\t\t\t\t<\/sr7-carousel>\n\t\t\t\t\t<\/sr7-content>\n\t\t\t\t<\/sr7-module>\n\t\t\t\t<script>\n\t\t\t\t\twindow.SR7 ??={};SR7.PMH ??={}; SR7.PMH[\"SR7_8_1\"] = {cn:100,state:false,fn: function() { if (window._tpt!==undefined && window._tpt.prepareModuleHeight !== undefined) {  _tpt.prepareModuleHeight({id:\"SR7_8_1\",el:[600,600,960,960],type:'carousel',shdw:'0',gh:[600,600,960,960],gw:[1200,1200,778,778],vpt:['-200px'],size:{fullWidth:false, fullHeight:false},mh:'0',onh:0,onw:0,bg:{color:'#000000'},carousel:{pt:'0',pb:'0'},plType:'0',plColor:'#FFFFFF'});   SR7.PMH[\"SR7_8_1\"].state=true;} else if(SR7.PMH[\"SR7_8_1\"].cn-->0)\tsetTimeout( SR7.PMH[\"SR7_8_1\"].fn,19);}};SR7.PMH[\"SR7_8_1\" ].fn();\n\t\t\t\t<\/script>\n\n<p><br \/>\n<\/p>\n","protected":false},"excerpt":{"rendered":"","protected":false},"author":1,"featured_media":0,"parent":0,"menu_order":0,"comment_status":"closed","ping_status":"closed","template":"","meta":{"footnotes":""},"class_list":["post-16","page","type-page","status-publish","hentry"],"_links":{"self":[{"href":"https:\/\/tradesecret.ca\/fr\/wp-json\/wp\/v2\/pages\/16","targetHints":{"allow":["GET"]}}],"collection":[{"href":"https:\/\/tradesecret.ca\/fr\/wp-json\/wp\/v2\/pages"}],"about":[{"href":"https:\/\/tradesecret.ca\/fr\/wp-json\/wp\/v2\/types\/page"}],"author":[{"embeddable":true,"href":"https:\/\/tradesecret.ca\/fr\/wp-json\/wp\/v2\/users\/1"}],"replies":[{"embeddable":true,"href":"https:\/\/tradesecret.ca\/fr\/wp-json\/wp\/v2\/comments?post=16"}],"version-history":[{"count":9,"href":"https:\/\/tradesecret.ca\/fr\/wp-json\/wp\/v2\/pages\/16\/revisions"}],"predecessor-version":[{"id":1677,"href":"https:\/\/tradesecret.ca\/fr\/wp-json\/wp\/v2\/pages\/16\/revisions\/1677"}],"wp:attachment":[{"href":"https:\/\/tradesecret.ca\/fr\/wp-json\/wp\/v2\/media?parent=16"}],"curies":[{"name":"wp","href":"https:\/\/api.w.org\/{rel}","templated":true}]}}